{"id":20779,"date":"2021-06-07T09:51:16","date_gmt":"2021-06-07T07:51:16","guid":{"rendered":"https:\/\/handycat.com\/politica-de-cookies\/"},"modified":"2025-10-10T08:48:54","modified_gmt":"2025-10-10T06:48:54","slug":"politica-de-cookies","status":"publish","type":"page","link":"https:\/\/www.handycat.com\/es\/politica-de-cookies\/","title":{"rendered":"Pol\u00edtica de cookies"},"content":{"rendered":"<div class=\"gb-container gb-container-e55e7a33\"><div class=\"gb-inside-container\">\n\n<p>Les informamos que en la web ww.handycat.com, el sistema de navegaci\u00f3n utiliza algunos datos de navegaci\u00f3n (\u201cCookies\u201d) para poder ofrecer un servicio m\u00e1s personalizado a los usuarios de la web.<\/p>\n\n\n\n<p>Las \u00abCookies\u00bb son peque\u00f1os archivos de texto que el navegador almacena cuando se navega por p\u00e1ginas web y aplicaciones. En general, estas tecnolog\u00edas pueden servir para finalidades muy diversas, como por ejemplo, reconocerte como usuario, obtener informaci\u00f3n de tus h\u00e1bitos de navegaci\u00f3n o personalizar la manera en la que se muestra el contenido.<\/p>\n\n\n\n<p>HANDYCAT INICIATIVES A LA DIVERSITAT PERSONAL S.L. (en adelante HANDYCAT) en su web utiliza \u201ccookies\u201d de terceros:<\/p>\n\n\n\n<p>Cookies an\u00e1lisis: Estas son tratadas por terceros y nos permiten cuantificar el n\u00famero de usuarios y as\u00ed realizar la medici\u00f3n y an\u00e1lisis estad\u00edstico de la utilizaci\u00f3n que hacen los usuarios del servicio ofrecido. Para ello, se analiza su navegaci\u00f3n en nuestra web con el fin de mejorar la oferta de productos o servicios. El tercero es Google Analytics, que es un servicio de estad\u00edsticas de p\u00e1ginas web que ofrece Google Inc. Google Analytics recoge informaci\u00f3n del equipo del usuario para obtener informes sobre la actividad de la aplicaci\u00f3n y almacena la informaci\u00f3n recogida por las \u201ccookies\u201d en servidores de los Estados Unidos existiendo una transferencia internacional de datos, y por tanto, aceptando a la misma mediante la aceptaci\u00f3n de estas cookies.<\/p>\n\n\n\n<p>En todo caso, en el supuesto que se capten datos de car\u00e1cter personal y en este caso, s\u00f3lo la direcci\u00f3n IP de acceso; les informamos que \u00e9stas ser\u00e1n tratadas bajo la responsabilidad de HANDYCAT.<\/p>\n\n\n\n<p>La finalidad de este tratamiento es la gesti\u00f3n y control de las redes sociales que se disponen, as\u00ed como de los usuarios que interact\u00faan en la web y la informaci\u00f3n que se obtiene, siendo su consentimiento la base de legitimaci\u00f3n de este tratamiento. Estos datos ser\u00e1n transmitidos\u00a0a las empresas gestoras de las cookies y ser\u00e1n conservados de acuerdo con los par\u00e1metros estipulados por estas empresas. Estos datos ser\u00e1n transferidos a terceros pa\u00edses, pudiendo obtener m\u00e1s informaci\u00f3n al respecto en la propia pol\u00edtica de Google: <a href=\"https:\/\/policies.google.com\/privacy?hl=es.\">https:\/\/policies.google.com\/privacy?hl=es.<\/a><\/p>\n\n\n\n<p>Conforme lo dispuesto en la normativa de protecci\u00f3n de datos de car\u00e1cter personal, le informamos que puede revocar estas autorizaciones a trav\u00e9s de su propio navegador o ejercer el derecho de acceso, rectificaci\u00f3n o supresi\u00f3n, la limitaci\u00f3n del trato u oponerse, as\u00ed como el derecho a la portabilidad de los datos en: Artesans, 11C de 43800 Valls (Tarragona) o bien enviando un correo electr\u00f3nico al <a href=\"https:\/\/www.handycat.com\/es\/contacto\/\">formulario de contacto<\/a>. As\u00ed mismo, podr\u00e1 presentar una reclamaci\u00f3n delante de la Agencia Espa\u00f1ola de Protecci\u00f3n de Datos.<\/p>\n\n\n\n<p>Se informa al usuario que Google podr\u00e1 transmitir esta informaci\u00f3n a terceros cuando as\u00ed lo requiera la ley, o cuando estos terceros procesen la informaci\u00f3n por cuenta de Google. Google no asociar\u00e1 la direcci\u00f3n de IP del usuario con otro dato de que dispongan, y por tanto, lo har\u00e1n totalmente de forma anonimizada.<\/p>\n\n\n\n<p>Para rechazar o eliminar esta \u00abcookie\u00bb se puede consultar la siguiente direcci\u00f3n:<br\/><br\/><a href=\"http:\/\/www.google.com\/intl\/ca\/policies\/privacy\/\">http:\/\/www.google.com\/intl\/ca\/policies\/privacy\/<\/a><br\/><br\/><a href=\"http:\/\/www.google.com\/intl\/en\/privacypolicy.html\">http:\/\/www.google.com\/intl\/en\/privacypolicy.html<\/a><br\/><br\/>\u00a0<\/p>\n\n\n\n<p><strong>DESACTIVACI\u00d3N Y BLOQUEO DE LAS COOKIES<\/strong><\/p>\n\n\n\n<p>En cualquier caso, el usuario puede habilitar la opci\u00f3n de su propio sistema de navegaci\u00f3n para no permitir la instalaci\u00f3n de cookies; sin que en ning\u00fan caso HANDYCAT pueda ser responsable de que la inhabilitaci\u00f3n de Cookies comporte que alguno de los servicios que ofrece esta web no funcionen correctamente.<\/p>\n\n\n\n<p>En los siguientes enlaces podr\u00e1 encontrar instrucciones que le ayudar\u00e1n a configurar los ajustes de los principales navegadores m\u00e1s utilizados.<\/p>\n\n\n\n<p>Internet Explorer: <a href=\"https:\/\/support.microsoft.com\/es-es\/help\/17442\/windows-internet-explorer-delete-manage-cookies \">https:\/\/support.microsoft.com\/es-es\/help\/17442\/windows-internet-explorer-delete-manage-cookies <\/a><\/p>\n\n\n\n<p>Microsoft Edge: <a href=\"https:\/\/support.microsoft.com\/es-es\/help\/4027947\/microsoft-edge-delete-cookies\">https:\/\/support.microsoft.com\/es-es\/help\/4027947\/microsoft-edge-delete-cookies<\/a><\/p>\n\n\n\n<p>Google Chrome: <a href=\"https:\/\/support.google.com\/chrome\/answer\/95647?hl=es\">https:\/\/support.google.com\/chrome\/answer\/95647?hl=es<\/a><\/p>\n\n\n\n<p>Mozilla Firefox: <a href=\"http:\/\/support.mozilla.org\/es\/kb\/habilitar-y-deshabilitar-cookies-que-los-sitios-we\">http:\/\/support.mozilla.org\/es\/kb\/habilitar-y-deshabilitar-cookies-que-los-sitios-we<\/a><\/p>\n\n\n\n<p>Safari: <a href=\"http:\/\/support.apple.com\/kb\/ph5042\">http:\/\/support.apple.com\/kb\/ph5042<\/a><\/p>\n\n\n\n<p>Safari para IOS (Iphone, IPad): <a href=\"http:\/\/support.apple.com\/kb\/ht1677?viewlocale=es_es&amp;locale=es_es\">http:\/\/support.apple.com\/kb\/ht1677?viewlocale=es_es&amp;locale=es_es<\/a><\/p>\n\n\n\n<p>Chrome para Android: <a href=\"https:\/\/support.google.com\/chrome\/answer\/2392971?hl=es\">https:\/\/support.google.com\/chrome\/answer\/2392971?hl=es<\/a><\/p>\n\n\n\n<p>Si desea m\u00e1s informaci\u00f3n sobre las cookies y su manera de inhabilitarlas seg\u00fan su sistema de navegaci\u00f3n puede consultar los siguientes links:<\/p>\n\n\n\n<p><a href=\"http:\/\/www.aboutcookies.org\/\">www.aboutcookies.org<br\/><\/a><a href=\"http:\/\/www.aboutcookies.org\/Default.aspx?page=1\">http:\/\/www.aboutcookies.org\/Default.aspx?page=1<\/a><\/p>\n\n\n\n<p>En caso contrario, y habiendo informado HANDYCAT, del uso de cookies, y sin que estas hayan sido inhabilitadas implica que el usuario presta su consentimiento al tratamiento de datos por Google en la forma prevista en este aviso y para las finalidades aqu\u00ed descritas.<\/p>\n\n\n\n<p>En caso de duda o de cualquier comentario, se puede dirigir a HANDYCAT a trav\u00e9s de sus medios de atenci\u00f3n al p\u00fablico o bien comunicarse con nosotros a trav\u00e9s del <a href=\"https:\/\/www.handycat.com\/es\/contacto\/\">formulario de contacto<\/a> de esta p\u00e1gina web.<\/p>\n\n<\/div><\/div>","protected":false},"excerpt":{"rendered":"<p>Les informamos que en la web ww.handycat.com, el sistema de navegaci\u00f3n utiliza algunos datos de navegaci\u00f3n (\u201cCookies\u201d) para poder ofrecer un servicio m\u00e1s personalizado a los usuarios de la web. Las \u00abCookies\u00bb son peque\u00f1os archivos de texto que el navegador almacena cuando se navega por p\u00e1ginas web y aplicaciones. En general, estas tecnolog\u00edas pueden servir &#8230; <a title=\"Pol\u00edtica de cookies\" class=\"read-more\" href=\"https:\/\/www.handycat.com\/es\/politica-de-cookies\/\" aria-label=\"Leer m\u00e1s sobre Pol\u00edtica de cookies\">Leer m\u00e1s<\/a><\/p>\n","protected":false},"author":1,"featured_media":0,"parent":0,"menu_order":0,"comment_status":"closed","ping_status":"closed","template":"","meta":{"footnotes":""},"class_list":{"0":"post-20779","1":"page","2":"type-page","3":"status-publish","5":"infinite-scroll-item"},"_links":{"self":[{"href":"https:\/\/www.handycat.com\/es\/wp-json\/wp\/v2\/pages\/20779","targetHints":{"allow":["GET"]}}],"collection":[{"href":"https:\/\/www.handycat.com\/es\/wp-json\/wp\/v2\/pages"}],"about":[{"href":"https:\/\/www.handycat.com\/es\/wp-json\/wp\/v2\/types\/page"}],"author":[{"embeddable":true,"href":"https:\/\/www.handycat.com\/es\/wp-json\/wp\/v2\/users\/1"}],"replies":[{"embeddable":true,"href":"https:\/\/www.handycat.com\/es\/wp-json\/wp\/v2\/comments?post=20779"}],"version-history":[{"count":3,"href":"https:\/\/www.handycat.com\/es\/wp-json\/wp\/v2\/pages\/20779\/revisions"}],"predecessor-version":[{"id":23856,"href":"https:\/\/www.handycat.com\/es\/wp-json\/wp\/v2\/pages\/20779\/revisions\/23856"}],"wp:attachment":[{"href":"https:\/\/www.handycat.com\/es\/wp-json\/wp\/v2\/media?parent=20779"}],"curies":[{"name":"wp","href":"https:\/\/api.w.org\/{rel}","templated":true}]}}