{"id":20800,"date":"2021-06-07T13:43:19","date_gmt":"2021-06-07T11:43:19","guid":{"rendered":"https:\/\/handycat.com\/protac\/"},"modified":"2025-01-17T10:26:50","modified_gmt":"2025-01-17T08:26:50","slug":"protac","status":"publish","type":"page","link":"https:\/\/www.handycat.com\/es\/protac\/","title":{"rendered":"PROTAC\u00ae"},"content":{"rendered":"<div class=\"gb-container gb-container-01fc820b\"><div class=\"gb-inside-container\">\n<div class=\"gb-grid-wrapper gb-grid-wrapper-47940aa1\">\n<div class=\"gb-grid-column gb-grid-column-557bce1f\"><div class=\"gb-container gb-container-557bce1f\"><div class=\"gb-inside-container\">\n\n<p class=\"has-drop-cap\">Handycat es distribuidor de los elementos PROTAC\u00ae: elementos sensoriales que incluyen bolas de pl\u00e1stico. Activan el <strong>sentido t\u00e1ctil<\/strong> y el <strong>propioceptivo<\/strong> gracias a una presi\u00f3n sensorial profunda calm\u00e1ndonos.<\/p>\n\n<\/div><\/div><\/div>\n\n<div class=\"gb-grid-column gb-grid-column-eef24cf8\"><div class=\"gb-container gb-container-eef24cf8\"><div class=\"gb-inside-container\">\n\n<figure class=\"wp-block-image size-large is-resized rounded-corners\"><img loading=\"lazy\" decoding=\"async\" width=\"1024\" height=\"323\" src=\"https:\/\/handycat.com\/wp-content\/uploads\/2020\/11\/protac_balls-1024x323.jpg\" alt=\"\" class=\"wp-image-453\" style=\"width:512px;height:162px\"\/><\/figure>\n\n<\/div><\/div><\/div>\n<\/div>\n<\/div><\/div><div class=\"gb-container gb-container-fd5a8185\"><div class=\"gb-inside-container\">\n\n<h2>\u00bfPara qu\u00e9 utilizar los elementos PROTAC\u00ae?<\/h2>\n\n\n\n<ul class=\"wp-block-list\">\n<li>No presentan contraindicaciones ni efecto adverso<\/li>\n\n\n\n<li>La estimulaci\u00f3n propioceptiva que se consigue utiliz\u00e1ndolos incrementa la sensaci\u00f3n de bienestar y calma<\/li>\n\n\n\n<li>Puede evitar o reducir la prescripci\u00f3n de f\u00e1rmacos<\/li>\n\n\n\n<li>Crece la capacidad de atenci\u00f3n en un 50%<\/li>\n\n\n\n<li>Reducci\u00f3n immediata de las estereot\u00edpias<\/li>\n\n\n\n<li>Incrementa la calidad del sue\u00f1o y del descanso<\/li>\n\n\n\n<li>Mejora de los trastornos conductuales durante el d\u00eda<\/li>\n\n\n\n<li>Son productos no invasivos, pueden formar parte de la vida cotidiana sin estorbar<\/li>\n<\/ul>\n\n<\/div><\/div><div class=\"gb-container gb-container-6809fc4b\"><div class=\"gb-inside-container\">\n\n<h3 class=\"gb-headline gb-headline-0c75daeb\"><span class=\"gb-icon\"><svg xmlns=\"http:\/\/www.w3.org\/2000\/svg\" viewBox=\"0 0 60 52.906\"><path d=\"M24.104 10.505c1.5-.629 2.13-2.42 1.452-3.872l-2.372-4.985A2.893 2.893 0 0019.409.245c-4.114 1.742-7.648 4.017-10.455 6.776-3.437 3.242-5.76 6.969-7.018 11.084C.678 22.267 0 27.93 0 35.142v14.86a2.913 2.913 0 002.904 2.904h19.022a2.913 2.913 0 002.904-2.904V30.979a2.912 2.912 0 00-2.904-2.904h-9.1c.097-4.889 1.258-8.809 3.388-11.762 1.743-2.371 4.357-4.307 7.89-5.808zM58.276 10.505c1.5-.629 2.129-2.42 1.452-3.872l-2.372-4.937C56.678.292 55.033-.337 53.581.292 49.516 2.035 46.03 4.31 43.175 7.021c-3.437 3.291-5.808 7.018-7.067 11.133-1.258 4.065-1.887 9.729-1.887 16.989v14.86a2.913 2.913 0 002.904 2.904h19.022a2.913 2.913 0 002.904-2.904V30.98a2.912 2.912 0 00-2.904-2.904h-9.148c.097-4.889 1.259-8.809 3.388-11.762 1.742-2.372 4.356-4.308 7.889-5.809z\"><\/path><\/svg><\/span><span class=\"gb-headline-text\">El cambio de presi\u00f3n aumenta la conciencia corporal<\/span><\/h3>\r\n\n<\/div><\/div><div class=\"gb-container gb-container-4e43135e\"><div class=\"gb-inside-container\">\n\n<h2 class=\"gb-headline gb-headline-1c297945\"><span class=\"gb-icon\"><svg aria-hidden=\"true\" role=\"img\" height=\"1em\" width=\"1em\" viewBox=\"0 0 256 512\" xmlns=\"http:\/\/www.w3.org\/2000\/svg\"><path fill=\"currentColor\" d=\"M224.3 273l-136 136c-9.4 9.4-24.6 9.4-33.9 0l-22.6-22.6c-9.4-9.4-9.4-24.6 0-33.9l96.4-96.4-96.4-96.4c-9.4-9.4-9.4-24.6 0-33.9L54.3 103c9.4-9.4 24.6-9.4 33.9 0l136 136c9.5 9.4 9.5 24.6.1 34z\"><\/path><\/svg><\/span><span class=\"gb-headline-text\">\u00bfC\u00f3mo trabajan los elementos PROTAC\u00ae sobre los sentidos?<\/span><\/h2>\r\n\n\n<div class=\"gb-grid-wrapper gb-grid-wrapper-4c87d003\">\n<div class=\"gb-grid-column gb-grid-column-4eed193f\"><div class=\"gb-container gb-container-4eed193f\"><div class=\"gb-inside-container\">\n\n<h3 class=\"gb-headline gb-headline-a106c5be\"><span class=\"gb-icon\"><svg aria-hidden=\"true\" role=\"img\" height=\"1em\" width=\"1em\" viewBox=\"0 0 256 512\" xmlns=\"http:\/\/www.w3.org\/2000\/svg\"><path fill=\"currentColor\" d=\"M224.3 273l-136 136c-9.4 9.4-24.6 9.4-33.9 0l-22.6-22.6c-9.4-9.4-9.4-24.6 0-33.9l96.4-96.4-96.4-96.4c-9.4-9.4-9.4-24.6 0-33.9L54.3 103c9.4-9.4 24.6-9.4 33.9 0l136 136c9.5 9.4 9.5 24.6.1 34z\"><\/path><\/svg><\/span><span class=\"gb-headline-text\">El sentido t\u00e1ctil<\/span><\/h3>\r\n\n\n\n<p>Sus \u00f3rganos receptores se encuentran en la piel y captan cada contacto. Al tocar cualquier superf\u00edcie, los est\u00edmulos se env\u00edan al cerebro y nos proporcionan uan representaci\u00f3n de nuestro cuerpo y de nuestros propios l\u00edmites. De esta manera, la piel se convierte en la frontera que nos ayuda a distinguir el \u00abyo\u00bb de lo que est\u00e1 \u00abfuera de m\u00ed\u00bb. El sentido t\u00e1ctil nos ayuda a crear nuestra consciencia corporal y ayuda al cerebro a mantenernos actualizados sobre nuestro propio cuerpo y nuestro movimiento corporal.<\/p>\n\n\n\n<p>Aunque el sentido del tacto se actualiza en nuestro cuerpo, \u00fanicamente lo hace cuando el est\u00edmulo var\u00eda con el tiempo. Si el est\u00edmulo que recibimos es uniforme y persistente, \u00fanicamente lo regitra durante un tiempo. Si este no se modifica durante un per\u00edodo de tiempo largo, el cerebro ya no lo registra y el efecto no se detecta: la impresi\u00f3n sensorial simplemente se desvanece. Por lo tanto, por tal de mantener la conciencia del cuerpo, la presi\u00f3n debe variar. &#13;\n&#13;\nLas bolas de pl\u00e1stico en los elementos PROTAC\u00ae proporcionan una presi\u00f3n distribuidoa en numersos puntos, ayudando al cerebro a registrar el cuerpo en una medida mucho m\u00e1s \u00e1mplia que a trav\u00e9s de una presi\u00f3n uniforme. Se mueven a trav\u00e9s de ligeros cambios de posici\u00f3n y la piel es cont\u00ednuamente estimulada: estos est\u00edmulos constantes actualizan el cerebro sobre nuestro propio cuerpo y el entorno circundante. <\/p>\n\n<\/div><\/div><\/div>\n\n<div class=\"gb-grid-column gb-grid-column-92eb1bcb\"><div class=\"gb-container gb-container-92eb1bcb\"><div class=\"gb-inside-container\">\n\n<h3 class=\"gb-headline gb-headline-40bac942\"><span class=\"gb-icon\"><svg aria-hidden=\"true\" role=\"img\" height=\"1em\" width=\"1em\" viewBox=\"0 0 256 512\" xmlns=\"http:\/\/www.w3.org\/2000\/svg\"><path fill=\"currentColor\" d=\"M224.3 273l-136 136c-9.4 9.4-24.6 9.4-33.9 0l-22.6-22.6c-9.4-9.4-9.4-24.6 0-33.9l96.4-96.4-96.4-96.4c-9.4-9.4-9.4-24.6 0-33.9L54.3 103c9.4-9.4 24.6-9.4 33.9 0l136 136c9.5 9.4 9.5 24.6.1 34z\"><\/path><\/svg><\/span><span class=\"gb-headline-text\">El sentido propioceptivo<\/span><\/h3>\r\n\n\n\n<p>Otro de los sentidos importantes de los que a menudo se nos olvida es el sentido de la posici\u00f3n y el movimiento del cuerpo, tambi\u00e9n conocido como sentido propioceptivo. Tiene \u00f3rganos receptores a las articulaciones y a los m\u00fasculos. Este sentido calma nuestro sistema nervisoso e instintivamente lo utilizamos para serenarnos, aliviarnos y tranquilizarnos.<\/p>\n\n\n\n<p>Cuando el peso de las bolas de los elementos PROTAC\u00ae ofrece resistencias a las articulaciones y m\u00fasculos del cuerpo, se env\u00eda un mensaje a nuestro sistema nervioso que el cerebro registra como movimiento; este est\u00edmulo sensorial ayuda a aliviar cualquier inquietud, d\u00e1ndonos paz y tranquilidad. Cuando las bolas presionan las articulaciones y m\u00fasculos del cuerpo, se env\u00eda un mensaje al sistema nervioso que provoca un efecto calmante. La conciencua mejorada de nuestro cuerpo y su delimitaci\u00f3n nos proporcionan una sensaci\u00f3n de seguridad y calma tanto f\u00edcia como ps\u00edquica, a la vez que afavorecen la concentraci\u00f3n y el aprendizaje.<\/p>\n\n<\/div><\/div><\/div>\n<\/div>\n<\/div><\/div><div class=\"gb-container gb-container-655c7eac\"><div class=\"gb-inside-container\">\n\n<h2 class=\"gb-headline gb-headline-904819a9\"><span class=\"gb-icon\"><svg aria-hidden=\"true\" role=\"img\" height=\"1em\" width=\"1em\" viewBox=\"0 0 256 512\" xmlns=\"http:\/\/www.w3.org\/2000\/svg\"><path fill=\"currentColor\" d=\"M224.3 273l-136 136c-9.4 9.4-24.6 9.4-33.9 0l-22.6-22.6c-9.4-9.4-9.4-24.6 0-33.9l96.4-96.4-96.4-96.4c-9.4-9.4-9.4-24.6 0-33.9L54.3 103c9.4-9.4 24.6-9.4 33.9 0l136 136c9.5 9.4 9.5 24.6.1 34z\"><\/path><\/svg><\/span><span class=\"gb-headline-text\">Descubre los elementos PROTAC\u00ae<\/span><\/h2>\r\n\n\n\n<p>Dentro de la categor\u00eda de productos propioceptivos encontramos diferentes art\u00edculos, para diferents momentos del d\u00eda; trabajan sobre diferentes partes del cuerpo, ayudan a relajar y a incrementar el bienestar.<\/p>\n\n\n<div class=\"gb-button-wrapper gb-button-wrapper-a598e272\">\n\n<a class=\"gb-button gb-button-aa30138b\" href=\"https:\/\/www.handycat.com\/es\/protac\/ballblanket\/\"><span class=\"gb-button-text\">Manta\r\nBallBlanket<\/span><\/a>\n\n\n\n<a class=\"gb-button gb-button-89b3e249\" href=\"https:\/\/www.handycat.com\/es\/protac\/myfit\/\"><span class=\"gb-button-text\">Chaleco\r\nMyFit<\/span><\/a>\n\n\n\n<a class=\"gb-button gb-button-a24aaef1\" href=\"https:\/\/www.handycat.com\/es\/protac\/ballcushion\/\"><span class=\"gb-button-text\">Coj\u00edn\r\nBallcushion<\/span><\/a>\n\n\n\n<a class=\"gb-button gb-button-e7e74e50\" href=\"https:\/\/www.handycat.com\/es\/protac\/sensit\/\"><span class=\"gb-button-text\">Puf\r\nSensit<\/span><\/a>\n\n\n\n<a class=\"gb-button gb-button-59e5d431\" href=\"https:\/\/www.handycat.com\/es\/protac\/groundme\/\"><span class=\"gb-button-text\">Puf\r\nGroundMe<\/span><\/a>\n\n\n\n<a class=\"gb-button gb-button-0ef1a6dd\" href=\"#\"><span class=\"gb-button-text\">Manta\r\nKneedMe<\/span><\/a>\n\n<\/div>\n<\/div><\/div><div class=\"gb-container gb-container-43364ba6\"><div class=\"gb-inside-container\">\n\n<h2 class=\"gb-headline gb-headline-0e90f4f7\"><span class=\"gb-headline-text\"><a href=\"https:\/\/shop.handycat.com\/es\/catalog\/categoria\/propioceptivo?page=2\">Compra PROTAC\u00ae en la tienda online<\/a> <\/span><\/h2>\n\n\n\n<p>Todos los elementos de Protac calman y tranquilizan mediante la estimulaci\u00f3n sensorial. Recomendamos el art\u00edculo que resuelva mejor una situaci\u00f3n espec\u00edfica seg\u00fan sea la naturaleza del trastorno y las necesidades de cada usuario. Si lo consider\u00e1is oportuno, os animamos a consultar nuestros profesionales antes de comprar<\/p>\n\n\n\n<p>Cuando compr\u00e1is un elemento de Protac para el uso dom\u00e9stic disponeis de un per\u00edodo de 14 d\u00edas para devolverlo si no produce el efecto deseado. <a href=\"https:\/\/shop.handycat.com\/es\/terminos-condiciones\">Consultad nuestra Pol\u00edtica de Devoluciones para conocer los requisitos.<\/a><\/p>\n\n<\/div><\/div><div class=\"gb-container gb-container-de9b168e\"><div class=\"gb-inside-container\">\n<div class=\"gb-grid-wrapper gb-grid-wrapper-d7e29da8\"><\/div>\n<\/div><\/div>","protected":false},"excerpt":{"rendered":"<p>\u00bfPara qu\u00e9 utilizar los elementos PROTAC\u00ae? El cambio de presi\u00f3n aumenta la conciencia corporal \u00bfC\u00f3mo trabajan los elementos PROTAC\u00ae sobre los sentidos? Descubre los elementos PROTAC\u00ae Dentro de la categor\u00eda de productos propioceptivos encontramos diferentes art\u00edculos, para diferents momentos del d\u00eda; trabajan sobre diferentes partes del cuerpo, ayudan a relajar y a incrementar el bienestar. &#8230; <a title=\"PROTAC\u00ae\" class=\"read-more\" href=\"https:\/\/www.handycat.com\/es\/protac\/\" aria-label=\"Leer m\u00e1s sobre PROTAC\u00ae\">Leer m\u00e1s<\/a><\/p>\n","protected":false},"author":1,"featured_media":0,"parent":0,"menu_order":10,"comment_status":"closed","ping_status":"closed","template":"","meta":{"footnotes":""},"class_list":{"0":"post-20800","1":"page","2":"type-page","3":"status-publish","5":"infinite-scroll-item"},"_links":{"self":[{"href":"https:\/\/www.handycat.com\/es\/wp-json\/wp\/v2\/pages\/20800","targetHints":{"allow":["GET"]}}],"collection":[{"href":"https:\/\/www.handycat.com\/es\/wp-json\/wp\/v2\/pages"}],"about":[{"href":"https:\/\/www.handycat.com\/es\/wp-json\/wp\/v2\/types\/page"}],"author":[{"embeddable":true,"href":"https:\/\/www.handycat.com\/es\/wp-json\/wp\/v2\/users\/1"}],"replies":[{"embeddable":true,"href":"https:\/\/www.handycat.com\/es\/wp-json\/wp\/v2\/comments?post=20800"}],"version-history":[{"count":38,"href":"https:\/\/www.handycat.com\/es\/wp-json\/wp\/v2\/pages\/20800\/revisions"}],"predecessor-version":[{"id":23395,"href":"https:\/\/www.handycat.com\/es\/wp-json\/wp\/v2\/pages\/20800\/revisions\/23395"}],"wp:attachment":[{"href":"https:\/\/www.handycat.com\/es\/wp-json\/wp\/v2\/media?parent=20800"}],"curies":[{"name":"wp","href":"https:\/\/api.w.org\/{rel}","templated":true}]}}