{"id":20848,"date":"2021-06-18T11:13:04","date_gmt":"2021-06-18T09:13:04","guid":{"rendered":"https:\/\/handycat.com\/espacios-multisensoriales-handycat\/snoezelen\/"},"modified":"2023-03-20T13:09:15","modified_gmt":"2023-03-20T11:09:15","slug":"snoezelen","status":"publish","type":"page","link":"https:\/\/www.handycat.com\/es\/espacios-multisensoriales-handycat\/snoezelen\/","title":{"rendered":"Snoezelen"},"content":{"rendered":"<div class=\"gb-container gb-container-c4c3fada\"><div class=\"gb-inside-container\">\n<div class=\"gb-grid-wrapper gb-grid-wrapper-1086b01b\">\n<div class=\"gb-grid-column gb-grid-column-cfc39b66\"><div class=\"gb-container gb-container-cfc39b66\"><div class=\"gb-inside-container\">\n\n<p class=\"has-drop-cap\">Snoezelen es un concepto que va \u00edntimamente ligado al entorno, que se caracteriza por ser multisensorial. Por este motivo, el <strong>Espacio Multisensorial Handycat<\/strong> es uno de los entornos ideales para desarrollar la actividad Snoezelen.<\/p>\n\n\n\n<p>Des del seu origen, s\u2019ha convertit en una manera diferent d\u2019abordar a la persona discapacitada, amb evolucions molt positives a trav\u00e9s de la relaxaci\u00f3 i l\u2019estimulaci\u00f3 dels sentits. En els darrers anys, s\u2019ha convertit en una eina fonamental al servei de terapeutes i assistents en el m\u00f3n de la discapacitat.<\/p>\n\n<\/div><\/div><\/div>\n\n<div class=\"gb-grid-column gb-grid-column-3f2e7b0d\"><div class=\"gb-container gb-container-3f2e7b0d\"><div class=\"gb-inside-container\">\n\n<p>Si bien en sus inicios, Snoezelen se centr\u00f3 en tratar personas con discapacidad severa, cada vez aparecen m\u00e1s estudios que muestran que la sala de estimulaci\u00f3n multisensorial es una excelente solucion que aporta bienestar y evoluci\u00f3n a un \u00e1mplio abanico de personas. Sin embargo, los beneficios son especialmente notables cuando se trata a personas que sufren situaciones de estr\u00e9s y ansiedad, personas con discapacidad intelectual, f\u00edsica o sensorial, personas con problemas de salud mental, demencia y un largo etc\u00e9tera.<\/p>\n\n<\/div><\/div><\/div>\n<\/div>\n<\/div><\/div><div class=\"gb-container gb-container-67a7e32f\"><div class=\"gb-inside-container\">\n\n<h4>Snoezelen se define como el despertar de los sentidos a trav\u00e9s de la propia experiencia sensorial. Es la recreaci\u00f3n de momentos de vida aut\u00e9nticos para personas diferentes.<\/h4>\n\n<\/div><\/div><div class=\"gb-container gb-container-69ca2647\"><div class=\"gb-inside-container\">\n\n<h2 class=\"gb-headline gb-headline-693f9954\"><span class=\"gb-icon\"><svg aria-hidden=\"true\" role=\"img\" height=\"1em\" width=\"1em\" viewBox=\"0 0 256 512\" xmlns=\"http:\/\/www.w3.org\/2000\/svg\"><path fill=\"currentColor\" d=\"M224.3 273l-136 136c-9.4 9.4-24.6 9.4-33.9 0l-22.6-22.6c-9.4-9.4-9.4-24.6 0-33.9l96.4-96.4-96.4-96.4c-9.4-9.4-9.4-24.6 0-33.9L54.3 103c9.4-9.4 24.6-9.4 33.9 0l136 136c9.5 9.4 9.5 24.6.1 34z\"><\/path><\/svg><\/span><span class=\"gb-headline-text\">Una mica d\u2019hist\u00f2ria Snoezelen&#8230;<\/span><\/h2>\n\n\n\n<p>El concepto Snoezelen nace en los a\u00f1os 70 en Holanda con la finalidad de proporcionar experiencias sensoriales agradables mediante la estimulaci\u00f3n de los sentidos primarios. Esta actividad se realizaba sin necesidad de actividad intelectual y dentro de una atm\u00f3sfera de confianza y relajaci\u00f3n.<\/p>\n\n\n\n<p>En un principio, Snoezelen se introdujo como una intervenci\u00f3n para personas con dificultades de aprendizaje, basandose en las dificultades para explorar el entorno, la cual cosa les impide tener una estimulaci\u00f3n sensorial adecuada. Hoy, cada vez son m\u00e1s los colectivos a los que se les ha ampliado la terapia, incluyendo personas trabajadoras sometidas a estr\u00e9s, tambi\u00e9n a los que necesitamos de unos minutos de relajaci\u00f3n o evasi\u00f3n.<\/p>\n\n\n\n<p><strong>M\u00e1s informaci\u00f3n sobre Snoezelen:<\/strong> <a href=\"https:\/\/isna-mse.org\/\" target=\"_blank\" rel=\"noreferrer noopener\" data-type=\"URL\" data-id=\"https:\/\/isna-mse.org\/\">International Snoezelen Association<\/a><\/p>\n\n\n\n<p><strong><a href=\"https:\/\/www.xn--isnaespaa-s6a.es\/\">ISNA Espa\u00f1a<\/a><\/strong><\/p>\n\n<\/div><\/div>","protected":false},"excerpt":{"rendered":"<p>Snoezelen se define como el despertar de los sentidos a trav\u00e9s de la propia experiencia sensorial. Es la recreaci\u00f3n de momentos de vida aut\u00e9nticos para personas diferentes. Una mica d\u2019hist\u00f2ria Snoezelen&#8230; El concepto Snoezelen nace en los a\u00f1os 70 en Holanda con la finalidad de proporcionar experiencias sensoriales agradables mediante la estimulaci\u00f3n de los sentidos &#8230; <a title=\"Snoezelen\" class=\"read-more\" href=\"https:\/\/www.handycat.com\/es\/espacios-multisensoriales-handycat\/snoezelen\/\" aria-label=\"Leer m\u00e1s sobre Snoezelen\">Leer m\u00e1s<\/a><\/p>\n","protected":false},"author":1,"featured_media":0,"parent":20845,"menu_order":22,"comment_status":"closed","ping_status":"closed","template":"","meta":{"footnotes":""},"class_list":{"0":"post-20848","1":"page","2":"type-page","3":"status-publish","5":"infinite-scroll-item"},"_links":{"self":[{"href":"https:\/\/www.handycat.com\/es\/wp-json\/wp\/v2\/pages\/20848","targetHints":{"allow":["GET"]}}],"collection":[{"href":"https:\/\/www.handycat.com\/es\/wp-json\/wp\/v2\/pages"}],"about":[{"href":"https:\/\/www.handycat.com\/es\/wp-json\/wp\/v2\/types\/page"}],"author":[{"embeddable":true,"href":"https:\/\/www.handycat.com\/es\/wp-json\/wp\/v2\/users\/1"}],"replies":[{"embeddable":true,"href":"https:\/\/www.handycat.com\/es\/wp-json\/wp\/v2\/comments?post=20848"}],"version-history":[{"count":7,"href":"https:\/\/www.handycat.com\/es\/wp-json\/wp\/v2\/pages\/20848\/revisions"}],"predecessor-version":[{"id":22232,"href":"https:\/\/www.handycat.com\/es\/wp-json\/wp\/v2\/pages\/20848\/revisions\/22232"}],"up":[{"embeddable":true,"href":"https:\/\/www.handycat.com\/es\/wp-json\/wp\/v2\/pages\/20845"}],"wp:attachment":[{"href":"https:\/\/www.handycat.com\/es\/wp-json\/wp\/v2\/media?parent=20848"}],"curies":[{"name":"wp","href":"https:\/\/api.w.org\/{rel}","templated":true}]}}