{"id":20861,"date":"2021-06-18T11:36:33","date_gmt":"2021-06-18T09:36:33","guid":{"rendered":"https:\/\/handycat.com\/nosotros\/"},"modified":"2023-02-28T14:20:31","modified_gmt":"2023-02-28T12:20:31","slug":"nosotros","status":"publish","type":"page","link":"https:\/\/www.handycat.com\/es\/nosotros\/","title":{"rendered":"Nosotros"},"content":{"rendered":"<div class=\"gb-container gb-container-7f75770f\"><div class=\"gb-inside-container\">\n<div class=\"gb-grid-wrapper gb-grid-wrapper-da1e9cd4\">\n<div class=\"gb-grid-column gb-grid-column-35534a4a\"><div class=\"gb-container gb-container-35534a4a\"><div class=\"gb-inside-container\">\n\n<h2 class=\"gb-headline gb-headline-cca3a403\"><span class=\"gb-headline-text\"><mark class=\"gb-highlight\">Nuestro trabajo<\/mark> es la mejor carta de presentaci\u00f3n<\/span><\/h2>\n\n<\/div><\/div><\/div>\n\n<div class=\"gb-grid-column gb-grid-column-ab12d418\"><div class=\"gb-container gb-container-ab12d418\"><div class=\"gb-inside-container\">\n\n<p class=\"has-drop-cap\">Desde que instalamos el primer Espacio Multisensorial Handycat que de cre\u00f3 en Espa\u00f1a hace m\u00e1s de 25 a\u00f1os, hemos continuado trabajando para desarrollar las soluciones que mejor se adapten a nuestros clientes y a las personas que utilizaran estos espacios.<\/p>\n\n\n\n<p>Nuestro compromiso con la difusi\u00f3n del conocimiento y la promoci\u00f3n activa de la investigaci\u00f3n nos ha llevado a crear alianzas con instituciones y profesionales con el objetivo de continuar avanzando en este campo y contribuir a aumentar el bienestar y la calidad de vida de personas con necesidades especiales y sus familias.<\/p>\n\n<\/div><\/div><\/div>\n\n<div class=\"gb-grid-column gb-grid-column-c88fec3a\"><div class=\"gb-container gb-container-c88fec3a\"><div class=\"gb-inside-container\">\n\n<figure class=\"wp-block-embed aligncenter is-type-video is-provider-youtube wp-block-embed-youtube wp-embed-aspect-16-9 wp-has-aspect-ratio\"><div class=\"wp-block-embed__wrapper\">\r\nhttps:\/\/www.youtube.com\/watch?v=sOjJcwjOH_0;t=24s\r\n<\/div><\/figure>\r\n\n<\/div><\/div><\/div>\n<\/div>\n<\/div><\/div><div class=\"gb-container gb-container-ea4cfdeb\"><div class=\"gb-inside-container\">\n\n<h4 class=\"gb-headline gb-headline-b7cc602f\"><span class=\"gb-headline-text\"><strong>Handycat naci\u00f3 el a\u00f1o 1996 con el objetivo de cuidar de lasalud sensorial de las personas<\/strong><\/span><\/h4>\n\n<\/div><\/div><div class=\"gb-container gb-container-8e9a221c\"><div class=\"gb-inside-container\">\n\n<h3 class=\"gb-headline gb-headline-fcde0aeb\"><span class=\"gb-icon\"><svg aria-hidden=\"true\" role=\"img\" height=\"1em\" width=\"1em\" viewBox=\"0 0 256 512\" xmlns=\"http:\/\/www.w3.org\/2000\/svg\"><path fill=\"currentColor\" d=\"M224.3 273l-136 136c-9.4 9.4-24.6 9.4-33.9 0l-22.6-22.6c-9.4-9.4-9.4-24.6 0-33.9l96.4-96.4-96.4-96.4c-9.4-9.4-9.4-24.6 0-33.9L54.3 103c9.4-9.4 24.6-9.4 33.9 0l136 136c9.5 9.4 9.5 24.6.1 34z\"><\/path><\/svg><\/span><span class=\"gb-headline-text\">Relaciones y colaboraciones<\/span><\/h3>\r\n\n\n\n<p>Son muchos los clientes, colaboradores y alianzas que hemos hecho durante todo este tiempo:<\/p>\n\n\n<div class=\"gb-grid-wrapper gb-grid-wrapper-8331c460\">\n<div class=\"gb-grid-column gb-grid-column-a0a43063\"><div class=\"gb-container gb-container-a0a43063\"><div class=\"gb-inside-container\">\n<div class=\"wp-block-image\">\n<figure class=\"aligncenter size-full\"><a href=\"https:\/\/www.uv.es\/\" target=\"_blank\" rel=\"noopener\"><img loading=\"lazy\" decoding=\"async\" width=\"513\" height=\"200\" src=\"https:\/\/handycat.com\/wp-content\/uploads\/2022\/10\/universitat-de-valencia_web.png\" alt=\"\" class=\"wp-image-21783\" srcset=\"https:\/\/www.handycat.com\/wp-content\/uploads\/2022\/10\/universitat-de-valencia_web.png 513w, https:\/\/www.handycat.com\/wp-content\/uploads\/2022\/10\/universitat-de-valencia_web-300x117.png 300w\" sizes=\"auto, (max-width: 513px) 100vw, 513px\" \/><\/a><\/figure>\n<\/div>\n<\/div><\/div><\/div>\n\n<div class=\"gb-grid-column gb-grid-column-a7a0b23f\"><div class=\"gb-container gb-container-a7a0b23f\"><div class=\"gb-inside-container\">\n<div class=\"wp-block-image\">\n<figure class=\"aligncenter size-full is-resized\"><a href=\"https:\/\/www.xn--isnaespaa-s6a.es\/\"><img loading=\"lazy\" decoding=\"async\" src=\"https:\/\/handycat.com\/wp-content\/uploads\/2022\/10\/isna_web.jpg\" alt=\"\" class=\"wp-image-21787\" width=\"130\" height=\"130\" srcset=\"https:\/\/www.handycat.com\/wp-content\/uploads\/2022\/10\/isna_web.jpg 200w, https:\/\/www.handycat.com\/wp-content\/uploads\/2022\/10\/isna_web-150x150.jpg 150w\" sizes=\"auto, (max-width: 130px) 100vw, 130px\" \/><\/a><\/figure>\n<\/div>\n<\/div><\/div><\/div>\n\n<div class=\"gb-grid-column gb-grid-column-ffca928b\"><div class=\"gb-container gb-container-ffca928b\"><div class=\"gb-inside-container\">\n<div class=\"wp-block-image\">\n<figure class=\"aligncenter size-full\"><a href=\"http:\/\/maphub.cat\/\" target=\"_blank\" rel=\"noopener\"><img loading=\"lazy\" decoding=\"async\" width=\"400\" height=\"200\" src=\"https:\/\/handycat.com\/wp-content\/uploads\/2022\/10\/Logo_MAP_web.jpg\" alt=\"\" class=\"wp-image-21790\" srcset=\"https:\/\/www.handycat.com\/wp-content\/uploads\/2022\/10\/Logo_MAP_web.jpg 400w, https:\/\/www.handycat.com\/wp-content\/uploads\/2022\/10\/Logo_MAP_web-300x150.jpg 300w\" sizes=\"auto, (max-width: 400px) 100vw, 400px\" \/><\/a><\/figure>\n<\/div>\n<\/div><\/div><\/div>\n\n<div class=\"gb-grid-column gb-grid-column-f4e693c3\"><div class=\"gb-container gb-container-f4e693c3\"><div class=\"gb-inside-container\">\n<div class=\"wp-block-image\">\n<figure class=\"alignright size-full is-resized\"><a href=\"http:\/\/www.fundacioabat.cat\/\"><img loading=\"lazy\" decoding=\"async\" src=\"https:\/\/handycat.com\/wp-content\/uploads\/2022\/10\/fundacioabat.jpeg\" alt=\"\" class=\"wp-image-21793\" width=\"231\" height=\"139\"\/><\/a><\/figure>\n<\/div>\n<\/div><\/div><\/div>\n<\/div>\n\n<div class=\"gb-grid-wrapper gb-grid-wrapper-cc54a164\">\n<div class=\"gb-grid-column gb-grid-column-df388895\"><div class=\"gb-container gb-container-df388895\"><div class=\"gb-inside-container\"><\/div><\/div><\/div>\n\n<div class=\"gb-grid-column gb-grid-column-acacc141\"><div class=\"gb-container gb-container-acacc141\"><div class=\"gb-inside-container\">\n<div class=\"wp-block-image\">\n<figure class=\"aligncenter size-full is-resized\"><img loading=\"lazy\" decoding=\"async\" src=\"https:\/\/handycat.com\/wp-content\/uploads\/2023\/02\/LOGO-JOCVIU-fons-blanc.jpg\" alt=\"\" class=\"wp-image-22183\" width=\"208\" height=\"159\"\/><\/figure>\n<\/div>\n<\/div><\/div><\/div>\n\n<div class=\"gb-grid-column gb-grid-column-5c1dfd01\"><div class=\"gb-container gb-container-5c1dfd01\"><div class=\"gb-inside-container\">\n<div class=\"wp-block-image\">\n<figure class=\"aligncenter size-full is-resized\"><img loading=\"lazy\" decoding=\"async\" src=\"https:\/\/handycat.com\/wp-content\/uploads\/2022\/10\/logoapasa-1.jpeg\" alt=\"\" class=\"wp-image-21797\" width=\"163\" height=\"106\"\/><\/figure>\n<\/div>\n<\/div><\/div><\/div>\n\n<div class=\"gb-grid-column gb-grid-column-9cf907ab\"><div class=\"gb-container gb-container-9cf907ab\"><div class=\"gb-inside-container\">\n<div class=\"wp-block-image\">\n<figure class=\"aligncenter size-full is-resized\"><a href=\"https:\/\/tdahvalles.org\/cojin-de-estimulacion-propioceptiva-ballcushion\/\"><img loading=\"lazy\" decoding=\"async\" src=\"https:\/\/handycat.com\/wp-content\/uploads\/2022\/10\/logotdahvalles.jpeg\" alt=\"\" class=\"wp-image-21801\" width=\"262\" height=\"107\"\/><\/a><\/figure>\n<\/div>\n<\/div><\/div><\/div>\n<\/div>\n\n\n<h3 class=\"gb-headline gb-headline-898b8a22\"><span class=\"gb-icon\"><svg aria-hidden=\"true\" role=\"img\" height=\"1em\" width=\"1em\" viewBox=\"0 0 256 512\" xmlns=\"http:\/\/www.w3.org\/2000\/svg\"><path fill=\"currentColor\" d=\"M224.3 273l-136 136c-9.4 9.4-24.6 9.4-33.9 0l-22.6-22.6c-9.4-9.4-9.4-24.6 0-33.9l96.4-96.4-96.4-96.4c-9.4-9.4-9.4-24.6 0-33.9L54.3 103c9.4-9.4 24.6-9.4 33.9 0l136 136c9.5 9.4 9.5 24.6.1 34z\"><\/path><\/svg><\/span><span class=\"gb-headline-text\">Comprometidos con el Medio Ambiente<\/span><\/h3>\r\n\n\n\n<p>Colaboramos con la producci\u00f3n responsable, por este motivo, nuestros proveedores trabajan con materiales que fomentan su reutilizaci\u00f3n o el reciclaje sostenible<\/p>\n\n\n\n<p>Adem\u00e1s, utilizamos electricidad 100% renovable gracias a las placas solares que tenemos en nuestras instalaciones.<\/p>\n\n\n<p><a href=\"https:\/\/www.somenergia.coop\/entitat-i-empresa-ca\" target=\"_blank\" alt=\"Visita el web d'Entitats i Empreses de Som Energia\" rel=\"noopener\"><br \/>\n<img decoding=\"async\" src=\"https:\/\/www.somenergia.coop\/bdgt\/d_eie_CA.png\" width=\"180\" height=\"175.69\" alt=\"Utilitzem electricitat 100% verda\"><br \/>\n<\/a><\/p>\n\n<\/div><\/div>","protected":false},"excerpt":{"rendered":"<p>Handycat naci\u00f3 el a\u00f1o 1996 con el objetivo de cuidar de lasalud sensorial de las personas Relaciones y colaboraciones Son muchos los clientes, colaboradores y alianzas que hemos hecho durante todo este tiempo: Comprometidos con el Medio Ambiente Colaboramos con la producci\u00f3n responsable, por este motivo, nuestros proveedores trabajan con materiales que fomentan su reutilizaci\u00f3n &#8230; <a title=\"Nosotros\" class=\"read-more\" href=\"https:\/\/www.handycat.com\/es\/nosotros\/\" aria-label=\"Leer m\u00e1s sobre Nosotros\">Leer m\u00e1s<\/a><\/p>\n","protected":false},"author":1,"featured_media":0,"parent":0,"menu_order":21,"comment_status":"closed","ping_status":"closed","template":"","meta":{"footnotes":""},"class_list":{"0":"post-20861","1":"page","2":"type-page","3":"status-publish","5":"infinite-scroll-item"},"_links":{"self":[{"href":"https:\/\/www.handycat.com\/es\/wp-json\/wp\/v2\/pages\/20861","targetHints":{"allow":["GET"]}}],"collection":[{"href":"https:\/\/www.handycat.com\/es\/wp-json\/wp\/v2\/pages"}],"about":[{"href":"https:\/\/www.handycat.com\/es\/wp-json\/wp\/v2\/types\/page"}],"author":[{"embeddable":true,"href":"https:\/\/www.handycat.com\/es\/wp-json\/wp\/v2\/users\/1"}],"replies":[{"embeddable":true,"href":"https:\/\/www.handycat.com\/es\/wp-json\/wp\/v2\/comments?post=20861"}],"version-history":[{"count":14,"href":"https:\/\/www.handycat.com\/es\/wp-json\/wp\/v2\/pages\/20861\/revisions"}],"predecessor-version":[{"id":22188,"href":"https:\/\/www.handycat.com\/es\/wp-json\/wp\/v2\/pages\/20861\/revisions\/22188"}],"wp:attachment":[{"href":"https:\/\/www.handycat.com\/es\/wp-json\/wp\/v2\/media?parent=20861"}],"curies":[{"name":"wp","href":"https:\/\/api.w.org\/{rel}","templated":true}]}}