{"id":21368,"date":"2022-03-01T11:48:18","date_gmt":"2022-03-01T09:48:18","guid":{"rendered":"https:\/\/handycat.com\/protac\/ballblanket\/"},"modified":"2025-04-04T12:38:34","modified_gmt":"2025-04-04T10:38:34","slug":"ballblanket","status":"publish","type":"page","link":"https:\/\/www.handycat.com\/es\/protac\/ballblanket\/","title":{"rendered":"Protac\u00ae BallBlanket"},"content":{"rendered":"<div class=\"gb-container gb-container-7b740cce\"><div class=\"gb-inside-container\">\n\n<figure class=\"gb-block-image gb-block-image-96f3af65\"><img loading=\"lazy\" decoding=\"async\" width=\"1300\" height=\"400\" class=\"gb-image gb-image-96f3af65 rounded-corners\" src=\"https:\/\/www.handycat.com\/wp-content\/uploads\/2022\/03\/handycat-bkg-home-2.png\" alt=\"\" title=\"BallBlanket\" srcset=\"https:\/\/www.handycat.com\/wp-content\/uploads\/2022\/03\/handycat-bkg-home-2.png 1300w, https:\/\/www.handycat.com\/wp-content\/uploads\/2022\/03\/handycat-bkg-home-2-300x92.png 300w, https:\/\/www.handycat.com\/wp-content\/uploads\/2022\/03\/handycat-bkg-home-2-1024x315.png 1024w, https:\/\/www.handycat.com\/wp-content\/uploads\/2022\/03\/handycat-bkg-home-2-768x236.png 768w\" sizes=\"auto, (max-width: 1300px) 100vw, 1300px\" \/><\/figure>\r\n\n\n<div class=\"gb-grid-wrapper gb-grid-wrapper-91efb520\">\n<div class=\"gb-grid-column gb-grid-column-9c797d0f\"><div class=\"gb-container gb-container-9c797d0f\"><div class=\"gb-inside-container\">\n\n<p class=\"has-drop-cap\">BallBlanket es una manta que contiene bolas en el interior que activan los sensores corporales. Cuando nos movemos bajo la manta, las bolas de pl\u00e1stico que contiene tambi\u00e9n se mover\u00e1n y transmitar\u00e1n al cerebro una nieva sensaci\u00f3n de presi\u00f3n y tacto.<\/p>\n\n<\/div><\/div><\/div>\n\n<div class=\"gb-grid-column gb-grid-column-faba98d5\"><div class=\"gb-container gb-container-faba98d5\"><div class=\"gb-inside-container\">\n\n<h3 class=\"gb-headline gb-headline-69b5b062\"><span class=\"gb-icon\"><svg aria-hidden=\"true\" role=\"img\" height=\"1em\" width=\"1em\" viewBox=\"0 0 256 512\" xmlns=\"http:\/\/www.w3.org\/2000\/svg\"><path fill=\"currentColor\" d=\"M224.3 273l-136 136c-9.4 9.4-24.6 9.4-33.9 0l-22.6-22.6c-9.4-9.4-9.4-24.6 0-33.9l96.4-96.4-96.4-96.4c-9.4-9.4-9.4-24.6 0-33.9L54.3 103c9.4-9.4 24.6-9.4 33.9 0l136 136c9.5 9.4 9.5 24.6.1 34z\"><\/path><\/svg><\/span><span class=\"gb-headline-text\">Caracter\u00edsticas<\/span><\/h3>\r\n\n\n\n<ul class=\"wp-block-list\">\n<li>Proporciona calma, bienestar y tranquilidad<\/li>\n\n\n\n<li>Aumenta la estimulaci\u00f3n propioceptiva y t\u00e1ctil<\/li>\n\n\n\n<li>Refuerza la percepci\u00f3n del propio cuerpo<\/li>\n\n\n\n<li>Mejora la calidad del sue\u00f1o. Reduce significativamente el tiempo de conciliaci\u00f3n del sue\u00f1o y de los despertares nocturnos<\/li>\n\n\n\n<li>Disminuye notablemente la ansiedad<\/li>\n<\/ul>\n\n<\/div><\/div><\/div>\n\n<div class=\"gb-grid-column gb-grid-column-c5283d96\"><div class=\"gb-container gb-container-c5283d96\"><div class=\"gb-inside-container\">\n\n<h3 class=\"gb-headline gb-headline-9f8fcd9f\"><span class=\"gb-icon\"><svg aria-hidden=\"true\" role=\"img\" height=\"1em\" width=\"1em\" viewBox=\"0 0 256 512\" xmlns=\"http:\/\/www.w3.org\/2000\/svg\"><path fill=\"currentColor\" d=\"M224.3 273l-136 136c-9.4 9.4-24.6 9.4-33.9 0l-22.6-22.6c-9.4-9.4-9.4-24.6 0-33.9l96.4-96.4-96.4-96.4c-9.4-9.4-9.4-24.6 0-33.9L54.3 103c9.4-9.4 24.6-9.4 33.9 0l136 136c9.5 9.4 9.5 24.6.1 34z\"><\/path><\/svg><\/span><span class=\"gb-headline-text\">Indicaciones<\/span><\/h3>\r\n\n\n\n<ul class=\"wp-block-list\">\n<li>Imprescindible para personas con ansiedad<\/li>\n\n\n\n<li>Adecuada para personas que sufran trastornos moderados o graves del sue\u00f1o, dificultades para dormirse o descansar durante la noche.<\/li>\n<\/ul>\n\n\n<div class=\"gb-button-wrapper gb-button-wrapper-0053b96a\">\n\n<a class=\"gb-button gb-button-a30c121f\" href=\"https:\/\/shop.handycat.com\/es\/catalog\/categoria\/ballblanket\" target=\"_blank\" rel=\"noopener noreferrer\"><span class=\"gb-button-text\">Comprar BallBlanket<\/span><span class=\"gb-icon\"><svg aria-hidden=\"true\" role=\"img\" height=\"1em\" width=\"1em\" viewBox=\"0 0 256 512\" xmlns=\"http:\/\/www.w3.org\/2000\/svg\"><path fill=\"currentColor\" d=\"M224.3 273l-136 136c-9.4 9.4-24.6 9.4-33.9 0l-22.6-22.6c-9.4-9.4-9.4-24.6 0-33.9l96.4-96.4-96.4-96.4c-9.4-9.4-9.4-24.6 0-33.9L54.3 103c9.4-9.4 24.6-9.4 33.9 0l136 136c9.5 9.4 9.5 24.6.1 34z\"><\/path><\/svg><\/span><\/a>\r\n\n<\/div>\n<\/div><\/div><\/div>\n<\/div>\n\n\n<h3 class=\"gb-headline gb-headline-7f92dc7c\"><span class=\"gb-icon\"><svg aria-hidden=\"true\" role=\"img\" height=\"1em\" width=\"1em\" viewBox=\"0 0 256 512\" xmlns=\"http:\/\/www.w3.org\/2000\/svg\"><path fill=\"currentColor\" d=\"M224.3 273l-136 136c-9.4 9.4-24.6 9.4-33.9 0l-22.6-22.6c-9.4-9.4-9.4-24.6 0-33.9l96.4-96.4-96.4-96.4c-9.4-9.4-9.4-24.6 0-33.9L54.3 103c9.4-9.4 24.6-9.4 33.9 0l136 136c9.5 9.4 9.5 24.6.1 34z\"><\/path><\/svg><\/span><span class=\"gb-headline-text\">Adecuada para<\/span><\/h3>\r\n\n\n\n<p>Personas mayores, personas con d\u00e9ficit de atenci\u00f3n, TDAH, ansiedad, anorexia, apoplej\u00eda, autismo, ataxia, par\u00e1lisis cerebral, demencia, dolor cr\u00f3nico, esclerosis m\u00faltiple, fibromialfia, epilepsia, Corea de Huntington, esquizofrenia, trastorno obsesivo-compulsivo, etc.<\/p>\n\n\n\n<h3 class=\"gb-headline gb-headline-d805b549\"><span class=\"gb-icon\"><svg aria-hidden=\"true\" role=\"img\" height=\"1em\" width=\"1em\" viewBox=\"0 0 256 512\" xmlns=\"http:\/\/www.w3.org\/2000\/svg\"><path fill=\"currentColor\" d=\"M224.3 273l-136 136c-9.4 9.4-24.6 9.4-33.9 0l-22.6-22.6c-9.4-9.4-9.4-24.6 0-33.9l96.4-96.4-96.4-96.4c-9.4-9.4-9.4-24.6 0-33.9L54.3 103c9.4-9.4 24.6-9.4 33.9 0l136 136c9.5 9.4 9.5 24.6.1 34z\"><\/path><\/svg><\/span><span class=\"gb-headline-text\">Galer\u00eda de im\u00e1genes<\/span><\/h3>\r\n\n\n\n<figure class=\"wp-block-gallery has-nested-images columns-default is-cropped rounded-corners wp-block-gallery-1 is-layout-flex wp-block-gallery-is-layout-flex\">\n<figure class=\"wp-block-image size-large\"><a href=\"https:\/\/www.handycat.com\/wp-content\/uploads\/2021\/06\/ballblanket-dona.jpg\"><img loading=\"lazy\" decoding=\"async\" width=\"640\" height=\"480\" data-id=\"20608\" src=\"https:\/\/www.handycat.com\/wp-content\/uploads\/2021\/06\/ballblanket-dona.jpg\" alt=\"\" class=\"wp-image-20608\" srcset=\"https:\/\/www.handycat.com\/wp-content\/uploads\/2021\/06\/ballblanket-dona.jpg 640w, https:\/\/www.handycat.com\/wp-content\/uploads\/2021\/06\/ballblanket-dona-300x225.jpg 300w\" sizes=\"auto, (max-width: 640px) 100vw, 640px\" \/><\/a><\/figure>\n\n\n\n<figure class=\"wp-block-image size-large\"><a href=\"https:\/\/www.handycat.com\/wp-content\/uploads\/2021\/06\/ballblanket-nena.jpg\"><img loading=\"lazy\" decoding=\"async\" width=\"640\" height=\"480\" data-id=\"20611\" src=\"https:\/\/www.handycat.com\/wp-content\/uploads\/2021\/06\/ballblanket-nena.jpg\" alt=\"\" class=\"wp-image-20611\" srcset=\"https:\/\/www.handycat.com\/wp-content\/uploads\/2021\/06\/ballblanket-nena.jpg 640w, https:\/\/www.handycat.com\/wp-content\/uploads\/2021\/06\/ballblanket-nena-300x225.jpg 300w\" sizes=\"auto, (max-width: 640px) 100vw, 640px\" \/><\/a><\/figure>\n\n\n\n<figure class=\"wp-block-image size-large\"><a href=\"https:\/\/www.handycat.com\/wp-content\/uploads\/2021\/06\/ballblanket-bebe.jpg\"><img loading=\"lazy\" decoding=\"async\" width=\"640\" height=\"480\" data-id=\"20614\" src=\"https:\/\/www.handycat.com\/wp-content\/uploads\/2021\/06\/ballblanket-bebe.jpg\" alt=\"\" class=\"wp-image-20614\" srcset=\"https:\/\/www.handycat.com\/wp-content\/uploads\/2021\/06\/ballblanket-bebe.jpg 640w, https:\/\/www.handycat.com\/wp-content\/uploads\/2021\/06\/ballblanket-bebe-300x225.jpg 300w\" sizes=\"auto, (max-width: 640px) 100vw, 640px\" \/><\/a><\/figure>\n<\/figure>\n\n<\/div><\/div><div class=\"gb-container gb-container-6cb44888\"><div class=\"gb-inside-container\">\n\n<h2 class=\"gb-headline gb-headline-c78c1877\"><span class=\"gb-icon\"><svg aria-hidden=\"true\" role=\"img\" height=\"1em\" width=\"1em\" viewBox=\"0 0 256 512\" xmlns=\"http:\/\/www.w3.org\/2000\/svg\"><path fill=\"currentColor\" d=\"M224.3 273l-136 136c-9.4 9.4-24.6 9.4-33.9 0l-22.6-22.6c-9.4-9.4-9.4-24.6 0-33.9l96.4-96.4-96.4-96.4c-9.4-9.4-9.4-24.6 0-33.9L54.3 103c9.4-9.4 24.6-9.4 33.9 0l136 136c9.5 9.4 9.5 24.6.1 34z\"><\/path><\/svg><\/span><span class=\"gb-headline-text\">Tipos y especificaciones<\/span><\/h2>\r\n\n\n\n<h3 class=\"gb-headline gb-headline-f41ece3f\"><span class=\"gb-icon\"><svg aria-hidden=\"true\" role=\"img\" height=\"1em\" width=\"1em\" viewBox=\"0 0 256 512\" xmlns=\"http:\/\/www.w3.org\/2000\/svg\"><path fill=\"currentColor\" d=\"M224.3 273l-136 136c-9.4 9.4-24.6 9.4-33.9 0l-22.6-22.6c-9.4-9.4-9.4-24.6 0-33.9l96.4-96.4-96.4-96.4c-9.4-9.4-9.4-24.6 0-33.9L54.3 103c9.4-9.4 24.6-9.4 33.9 0l136 136c9.5 9.4 9.5 24.6.1 34z\"><\/path><\/svg><\/span><span class=\"gb-headline-text\">BallBlanket Classic<\/span><\/h3>\r\n\n\n<div class=\"gb-grid-wrapper gb-grid-wrapper-377adbaf\">\n<div class=\"gb-grid-column gb-grid-column-4a373b40\"><div class=\"gb-container gb-container-4a373b40\"><div class=\"gb-inside-container\">\n\n<h4 class=\"gb-headline gb-headline-0726ed31 gb-headline-text\">De bolas de pl\u00e1stico<\/h4>\n\n\n\n<p>Proporciona una estimulaci\u00f3n sensorial cambiante y es especialmente adecuada para las personas que necesitan una impresi\u00f3n sensorial duradera para fortalecer su consciencia corporal<\/p>\n\n<\/div><\/div><\/div>\n\n<div class=\"gb-grid-column gb-grid-column-56ffc673\"><div class=\"gb-container gb-container-56ffc673\"><div class=\"gb-inside-container\">\n\n<h4 class=\"gb-headline gb-headline-ef1774fc gb-headline-text\">Con Granulado de Polipropileno \/ Perlas de Poliestireno<\/h4>\n\n\n\n<p>Proporcionan una estimulaci\u00f3n ligera, pero sin la presi\u00f3n profunda que confieren las bolas de pl\u00e1stico. Son unas mantas calmantes y sensibles para aquellos que tienen malestar f\u00edsico y mental y quieran dormir mejor.<\/p>\n\n\n\n<p>Indicada para aquellos que sufren dolor cr\u00f3nico y discapacidad cognitiva; tambi\u00e9n se puede utilizar para el posicionamiento y la postura adecuados.<\/p>\n\n<\/div><\/div><\/div>\n<\/div>\n\n\n<p>La BallBlanket granulada es menos calurosa y la BallBlanket de perlas proporciona calor que ayuda a liviar el dolor. Ambas se pueden poner en la lavadora.<\/p>\n\n\n\n<h3 class=\"gb-headline gb-headline-8edd5f8d\"><span class=\"gb-icon\"><svg aria-hidden=\"true\" role=\"img\" height=\"1em\" width=\"1em\" viewBox=\"0 0 256 512\" xmlns=\"http:\/\/www.w3.org\/2000\/svg\"><path fill=\"currentColor\" d=\"M224.3 273l-136 136c-9.4 9.4-24.6 9.4-33.9 0l-22.6-22.6c-9.4-9.4-9.4-24.6 0-33.9l96.4-96.4-96.4-96.4c-9.4-9.4-9.4-24.6 0-33.9L54.3 103c9.4-9.4 24.6-9.4 33.9 0l136 136c9.5 9.4 9.5 24.6.1 34z\"><\/path><\/svg><\/span><span class=\"gb-headline-text\">BallBlanket Flexible<\/span><\/h3>\r\n\n\n\n<p>Es similar a la versi\u00f3n CLASIIC, con la diferencia que est\u00e1 dividida en grandes \u00abbolsillos\u00bb donde quedan ubicadas las bolas. Con este dise\u00f1o modular se obtiene una manta adaptable a cada momento y a cada usuario, dada la facilidad y la senzillez de la operaci\u00f3n de cambiar o extraer el relleno de bolas. De esta manera, resulta m\u00e1s f\u00e1cil ponerla en la lavadora dom\u00e9stica.<\/p>\n\n\n\n<h3 class=\"gb-headline gb-headline-77522272\"><span class=\"gb-icon\"><svg aria-hidden=\"true\" role=\"img\" height=\"1em\" width=\"1em\" viewBox=\"0 0 256 512\" xmlns=\"http:\/\/www.w3.org\/2000\/svg\"><path fill=\"currentColor\" d=\"M224.3 273l-136 136c-9.4 9.4-24.6 9.4-33.9 0l-22.6-22.6c-9.4-9.4-9.4-24.6 0-33.9l96.4-96.4-96.4-96.4c-9.4-9.4-9.4-24.6 0-33.9L54.3 103c9.4-9.4 24.6-9.4 33.9 0l136 136c9.5 9.4 9.5 24.6.1 34z\"><\/path><\/svg><\/span><span class=\"gb-headline-text\">BallBlanket Calm<\/span><\/h3>\r\n\n\n\n<p>El posicionamiento de las bolas en canales permite que la mante envuuelva todo el cuerpo ofreciendo una estimulaci\u00f3n sensorial m\u00e1s profunda y calmante. Este tipo de manta es especialmente adecuada para las personas con alteraciones del sentido del tacto, es decir, sensibles a nuevas estimulaciones sensoriales y que necesitan una clara definici\u00f3n de su propio cuerpo.<\/p>\n\n<\/div><\/div><div class=\"gb-container gb-container-ec6888f5\"><div class=\"gb-inside-container\">\n<div class=\"gb-button-wrapper gb-button-wrapper-3c6388e9\">\n\n<a class=\"gb-button gb-button-7b719500\" href=\"https:\/\/shop.handycat.com\/es\/catalog\/categoria\/ballblanket\"><span class=\"gb-button-text\">Ir a la Tienda<\/span><span class=\"gb-icon\"><svg aria-hidden=\"true\" role=\"img\" height=\"1em\" width=\"1em\" viewBox=\"0 0 256 512\" xmlns=\"http:\/\/www.w3.org\/2000\/svg\"><path fill=\"currentColor\" d=\"M224.3 273l-136 136c-9.4 9.4-24.6 9.4-33.9 0l-22.6-22.6c-9.4-9.4-9.4-24.6 0-33.9l96.4-96.4-96.4-96.4c-9.4-9.4-9.4-24.6 0-33.9L54.3 103c9.4-9.4 24.6-9.4 33.9 0l136 136c9.5 9.4 9.5 24.6.1 34z\"><\/path><\/svg><\/span><\/a>\r\n\n<\/div>\n<\/div><\/div>","protected":false},"excerpt":{"rendered":"<p>Adecuada para Personas mayores, personas con d\u00e9ficit de atenci\u00f3n, TDAH, ansiedad, anorexia, apoplej\u00eda, autismo, ataxia, par\u00e1lisis cerebral, demencia, dolor cr\u00f3nico, esclerosis m\u00faltiple, fibromialfia, epilepsia, Corea de Huntington, esquizofrenia, trastorno obsesivo-compulsivo, etc. Galer\u00eda de im\u00e1genes Tipos y especificaciones BallBlanket Classic La BallBlanket granulada es menos calurosa y la BallBlanket de perlas proporciona calor que ayuda a &#8230; <a title=\"Protac\u00ae BallBlanket\" class=\"read-more\" href=\"https:\/\/www.handycat.com\/es\/protac\/ballblanket\/\" aria-label=\"Leer m\u00e1s sobre Protac\u00ae BallBlanket\">Leer m\u00e1s<\/a><\/p>\n","protected":false},"author":1,"featured_media":0,"parent":20800,"menu_order":9,"comment_status":"closed","ping_status":"closed","template":"","meta":{"footnotes":""},"class_list":{"0":"post-21368","1":"page","2":"type-page","3":"status-publish","5":"infinite-scroll-item"},"_links":{"self":[{"href":"https:\/\/www.handycat.com\/es\/wp-json\/wp\/v2\/pages\/21368","targetHints":{"allow":["GET"]}}],"collection":[{"href":"https:\/\/www.handycat.com\/es\/wp-json\/wp\/v2\/pages"}],"about":[{"href":"https:\/\/www.handycat.com\/es\/wp-json\/wp\/v2\/types\/page"}],"author":[{"embeddable":true,"href":"https:\/\/www.handycat.com\/es\/wp-json\/wp\/v2\/users\/1"}],"replies":[{"embeddable":true,"href":"https:\/\/www.handycat.com\/es\/wp-json\/wp\/v2\/comments?post=21368"}],"version-history":[{"count":33,"href":"https:\/\/www.handycat.com\/es\/wp-json\/wp\/v2\/pages\/21368\/revisions"}],"predecessor-version":[{"id":23519,"href":"https:\/\/www.handycat.com\/es\/wp-json\/wp\/v2\/pages\/21368\/revisions\/23519"}],"up":[{"embeddable":true,"href":"https:\/\/www.handycat.com\/es\/wp-json\/wp\/v2\/pages\/20800"}],"wp:attachment":[{"href":"https:\/\/www.handycat.com\/es\/wp-json\/wp\/v2\/media?parent=21368"}],"curies":[{"name":"wp","href":"https:\/\/api.w.org\/{rel}","templated":true}]}}