{"id":21442,"date":"2022-03-25T13:47:46","date_gmt":"2022-03-25T11:47:46","guid":{"rendered":"https:\/\/handycat.com\/protac\/myfit\/"},"modified":"2025-01-16T11:17:14","modified_gmt":"2025-01-16T09:17:14","slug":"myfit","status":"publish","type":"page","link":"https:\/\/www.handycat.com\/es\/protac\/myfit\/","title":{"rendered":"Protac\u00ae MyFit"},"content":{"rendered":"<div class=\"gb-container gb-container-bae62b14\"><div class=\"gb-inside-container\">\n<div class=\"gb-grid-wrapper gb-grid-wrapper-ffa63fb8\">\n<div class=\"gb-grid-column gb-grid-column-93e5b5fb\"><div class=\"gb-container gb-container-93e5b5fb\"><div class=\"gb-inside-container\">\n\n<p class=\"has-drop-cap\">MyFit es un chaleco muy c\u00f3modo que se adapta perfectamente al cuerpo.&#13;\nEst\u00e1 confeccionado con bolas de pl\u00e1stico distribuidas en canales que activan el sentido t\u00e1ctil y el del movimiento gracias a una presi\u00f3n sensorial profunda. La mida y el peso de las bolas se ajustan seg\u00fan la edad, el peso corporal, el per\u00edmetro tor\u00e1cico y a las necesidades de estimulaci\u00f3n sensorial del usuario. Estas caracter\u00edsticas \u00fanicas proporcionan una consciencia agradable y diferente del cuerpo que alivia la ansiedad, la hiperactividad y el estr\u00e9s.<\/p>\n\n<\/div><\/div><\/div>\n\n<div class=\"gb-grid-column gb-grid-column-44092da2\"><div class=\"gb-container gb-container-44092da2\"><div class=\"gb-inside-container\">\n\n<figure class=\"wp-block-image size-large rounded-corners\"><img loading=\"lazy\" decoding=\"async\" width=\"755\" height=\"402\" src=\"https:\/\/www.handycat.com\/wp-content\/uploads\/2021\/06\/800-841-10ML_web.jpg\" alt=\"\" class=\"wp-image-20621\" srcset=\"https:\/\/www.handycat.com\/wp-content\/uploads\/2021\/06\/800-841-10ML_web.jpg 755w, https:\/\/www.handycat.com\/wp-content\/uploads\/2021\/06\/800-841-10ML_web-300x160.jpg 300w\" sizes=\"auto, (max-width: 755px) 100vw, 755px\" \/><\/figure>\n\n<\/div><\/div><\/div>\n<\/div>\n\n\n<p>Las bolas de pl\u00e1stico en los chalecos MyFit atorgan una presi\u00f3n ligera distribuida en numerosos puntos, ayudando al cerebro a registrar el cuerpo en una medida mucho m\u00e1s grande que a trav\u00e9s de una presi\u00f3n uniforme.<\/p>\n\n<\/div><\/div><div class=\"gb-container gb-container-4f845d6e\"><div class=\"gb-inside-container\">\n\n<h2 class=\"gb-headline gb-headline-3d89cadd\"><span class=\"gb-icon\"><svg aria-hidden=\"true\" role=\"img\" height=\"1em\" width=\"1em\" viewBox=\"0 0 256 512\" xmlns=\"http:\/\/www.w3.org\/2000\/svg\"><path fill=\"currentColor\" d=\"M224.3 273l-136 136c-9.4 9.4-24.6 9.4-33.9 0l-22.6-22.6c-9.4-9.4-9.4-24.6 0-33.9l96.4-96.4-96.4-96.4c-9.4-9.4-9.4-24.6 0-33.9L54.3 103c9.4-9.4 24.6-9.4 33.9 0l136 136c9.5 9.4 9.5 24.6.1 34z\"><\/path><\/svg><\/span><span class=\"gb-headline-text\">Conoce los <mark class=\"gb-highlight\">b<span lang=\"ca-ES\">eneficios<\/span><\/mark><span lang=\"ca-ES\"> <\/span>de MyFit<\/span><\/h2>\r\n\n\n<div class=\"gb-grid-wrapper gb-grid-wrapper-aef743d5\">\n<div class=\"gb-grid-column gb-grid-column-93f2323c\"><div class=\"gb-container gb-container-93f2323c\"><div class=\"gb-inside-container\">\n\n<h3 class=\"gb-headline gb-headline-e68850b3\"><span class=\"gb-icon\"><svg aria-hidden=\"true\" role=\"img\" height=\"1em\" width=\"1em\" viewBox=\"0 0 256 512\" xmlns=\"http:\/\/www.w3.org\/2000\/svg\"><path fill=\"currentColor\" d=\"M224.3 273l-136 136c-9.4 9.4-24.6 9.4-33.9 0l-22.6-22.6c-9.4-9.4-9.4-24.6 0-33.9l96.4-96.4-96.4-96.4c-9.4-9.4-9.4-24.6 0-33.9L54.3 103c9.4-9.4 24.6-9.4 33.9 0l136 136c9.5 9.4 9.5 24.6.1 34z\"><\/path><\/svg><\/span><span class=\"gb-headline-text\">Bienestar<\/span><\/h3>\r\n\n\n\n<p>Cuando el peso de las bolas del chaleco MyFit ofrece resistencia a las articulaciones y m\u00fasculos del cuerpo, se env\u00eda un mensaje al sistema nervioso que el cerebro registra como movimiento; este est\u00edmulo sensorial ayuda a aliviar cualquier inquietud, provoca un efecto calmante y mejora la conducta.<\/p>\n\n<\/div><\/div><\/div>\n\n<div class=\"gb-grid-column gb-grid-column-793aa780\"><div class=\"gb-container gb-container-793aa780\"><div class=\"gb-inside-container\">\n\n<h3 class=\"gb-headline gb-headline-238b9867\"><span class=\"gb-icon\"><svg aria-hidden=\"true\" role=\"img\" height=\"1em\" width=\"1em\" viewBox=\"0 0 256 512\" xmlns=\"http:\/\/www.w3.org\/2000\/svg\"><path fill=\"currentColor\" d=\"M224.3 273l-136 136c-9.4 9.4-24.6 9.4-33.9 0l-22.6-22.6c-9.4-9.4-9.4-24.6 0-33.9l96.4-96.4-96.4-96.4c-9.4-9.4-9.4-24.6 0-33.9L54.3 103c9.4-9.4 24.6-9.4 33.9 0l136 136c9.5 9.4 9.5 24.6.1 34z\"><\/path><\/svg><\/span><span class=\"gb-headline-text\">Autonom\u00eda<\/span><\/h3>\r\n\n\n\n<p>MyFit est\u00e1 confeccionada en tejido el\u00e1stico, cierre cremallera y cordones el\u00e1sticos en los laterales que permite ajustarla ofreciendo la estimulaci\u00f3n \u00f3ptima que se necesite. MyFit se puede utilizar mientras se realiza cualqueir actividad cotidiana y durante tanto tiempo como el usuario se encuentre c\u00f3modo; sus efectos calmantes continuaran perdurando en el tiempo.<\/p>\n\n<\/div><\/div><\/div>\n<\/div>\n\n<div class=\"gb-button-wrapper gb-button-wrapper-521fcb0a\">\n\n<a class=\"gb-button gb-button-083e739a gb-button-text\" href=\"https:\/\/shop.handycat.com\/es\/catalog\/categoria\/myfit\">Compralo online<\/a>\r\n\n<\/div>\n<\/div><\/div><div class=\"gb-container gb-container-f45cc0f0\"><div class=\"gb-inside-container\">\n\n<h2 class=\"gb-headline gb-headline-cdf33db3\"><span class=\"gb-icon\"><svg aria-hidden=\"true\" role=\"img\" height=\"1em\" width=\"1em\" viewBox=\"0 0 256 512\" xmlns=\"http:\/\/www.w3.org\/2000\/svg\"><path fill=\"currentColor\" d=\"M224.3 273l-136 136c-9.4 9.4-24.6 9.4-33.9 0l-22.6-22.6c-9.4-9.4-9.4-24.6 0-33.9l96.4-96.4-96.4-96.4c-9.4-9.4-9.4-24.6 0-33.9L54.3 103c9.4-9.4 24.6-9.4 33.9 0l136 136c9.5 9.4 9.5 24.6.1 34z\"><\/path><\/svg><\/span><span class=\"gb-headline-text\">Especificaciones y recomendaciones<\/span><\/h2>\r\n\n\n<div class=\"gb-grid-wrapper gb-grid-wrapper-cd13bb7d\">\n<div class=\"gb-grid-column gb-grid-column-537c16c6\"><div class=\"gb-container gb-container-537c16c6\"><div class=\"gb-inside-container\">\n\n<h3 class=\"gb-headline gb-headline-3dcbbc44\"><span class=\"gb-icon\"><svg aria-hidden=\"true\" role=\"img\" height=\"1em\" width=\"1em\" viewBox=\"0 0 256 512\" xmlns=\"http:\/\/www.w3.org\/2000\/svg\"><path fill=\"currentColor\" d=\"M224.3 273l-136 136c-9.4 9.4-24.6 9.4-33.9 0l-22.6-22.6c-9.4-9.4-9.4-24.6 0-33.9l96.4-96.4-96.4-96.4c-9.4-9.4-9.4-24.6 0-33.9L54.3 103c9.4-9.4 24.6-9.4 33.9 0l136 136c9.5 9.4 9.5 24.6.1 34z\"><\/path><\/svg><\/span><span class=\"gb-headline-text\">Caracter\u00edsticas<\/span><\/h3>\r\n\n\n\n<ul class=\"wp-block-list\">\n<li>Mejora la percepci\u00f3n corporal<\/li>\n\n\n\n<li>Alivia el dolor y la tensi\u00f3n, permitiendo que el cuerpo se relaje<\/li>\n\n\n\n<li>General una destacable sensaci\u00f3n de calma instantes despu\u00e9s de llevarla y sus efectos son persistentes<\/li>\n\n\n\n<li>Calma las estereot\u00edpias, en algunos casos sin necesidad de f\u00e1rmacos<\/li>\n\n\n\n<li>Mejora el equilibrio gracias al efecto estimulante de las bolas que contiene<\/li>\n\n\n\n<li>Aumenta la capacidad de atenci\u00f3n en un 50% favoreciendo el aprendizaje<\/li>\n\n\n\n<li>Alivia y reprime el comportamiento agresivo<\/li>\n<\/ul>\n\n<\/div><\/div><\/div>\n\n<div class=\"gb-grid-column gb-grid-column-de9e99bf\"><div class=\"gb-container gb-container-de9e99bf\"><div class=\"gb-inside-container\">\n\n<h3 class=\"gb-headline gb-headline-13ed9c59\"><span class=\"gb-icon\"><svg aria-hidden=\"true\" role=\"img\" height=\"1em\" width=\"1em\" viewBox=\"0 0 256 512\" xmlns=\"http:\/\/www.w3.org\/2000\/svg\"><path fill=\"currentColor\" d=\"M224.3 273l-136 136c-9.4 9.4-24.6 9.4-33.9 0l-22.6-22.6c-9.4-9.4-9.4-24.6 0-33.9l96.4-96.4-96.4-96.4c-9.4-9.4-9.4-24.6 0-33.9L54.3 103c9.4-9.4 24.6-9.4 33.9 0l136 136c9.5 9.4 9.5 24.6.1 34z\"><\/path><\/svg><\/span><span class=\"gb-headline-text\">Indicaciones<\/span><\/h3>\r\n\n\n\n<ul class=\"wp-block-list\">\n<li>J\u00f3venes y adultos con hiperactividad y malestar f\u00edsico<\/li>\n\n\n\n<li>Indispensable para cualquier persona con trastorno del espectro autista (TEA).<\/li>\n\n\n\n<li>Personas con trastorno por d\u00e9ficit de atenci\u00f3n e hiperactividad (TDAH), trastornos neurol\u00f3gicos, patologias psiqui\u00e1tricas, demencia, Parkinson, dolor cr\u00f3nico y ansiedad<\/li>\n\n\n\n<li>Recomendada por especialistas<\/li>\n\n\n\n<li>MyFit tambi\u00e9n es utilizada por terapeutas y especialistas como ayuda a la terapia de integraci\u00f3n sensorial y capacitaci\u00f3n de habilidades motoras y coordinaci\u00f3n.<\/li>\n\n\n\n<li>El chaleco tambi\u00e9n se utiliza en entreno cognitivo, fisioterapia y entreno de las actividades de la vida diaria (AVD).<\/li>\n<\/ul>\n\n<\/div><\/div><\/div>\n<\/div>\n<\/div><\/div><div class=\"gb-container gb-container-dc907fd5\"><div class=\"gb-inside-container\">\n<div class=\"gb-button-wrapper gb-button-wrapper-c4be26b2\">\n\n<a class=\"gb-button gb-button-13449108\" href=\"https:\/\/shop.handycat.com\/es\/catalog\/categoria\/myfit\" target=\"_blank\" rel=\"noopener noreferrer\"><span class=\"gb-button-text\">Ir a la tienda<\/span><span class=\"gb-icon\"><svg aria-hidden=\"true\" role=\"img\" height=\"1em\" width=\"1em\" viewBox=\"0 0 256 512\" xmlns=\"http:\/\/www.w3.org\/2000\/svg\"><path fill=\"currentColor\" d=\"M224.3 273l-136 136c-9.4 9.4-24.6 9.4-33.9 0l-22.6-22.6c-9.4-9.4-9.4-24.6 0-33.9l96.4-96.4-96.4-96.4c-9.4-9.4-9.4-24.6 0-33.9L54.3 103c9.4-9.4 24.6-9.4 33.9 0l136 136c9.5 9.4 9.5 24.6.1 34z\"><\/path><\/svg><\/span><\/a>\r\n\n<\/div>\n<\/div><\/div>","protected":false},"excerpt":{"rendered":"<p>Las bolas de pl\u00e1stico en los chalecos MyFit atorgan una presi\u00f3n ligera distribuida en numerosos puntos, ayudando al cerebro a registrar el cuerpo en una medida mucho m\u00e1s grande que a trav\u00e9s de una presi\u00f3n uniforme. Conoce los beneficios de MyFit Especificaciones y recomendaciones<\/p>\n","protected":false},"author":1,"featured_media":0,"parent":20800,"menu_order":8,"comment_status":"closed","ping_status":"closed","template":"","meta":{"footnotes":""},"class_list":{"0":"post-21442","1":"page","2":"type-page","3":"status-publish","5":"infinite-scroll-item"},"_links":{"self":[{"href":"https:\/\/www.handycat.com\/es\/wp-json\/wp\/v2\/pages\/21442","targetHints":{"allow":["GET"]}}],"collection":[{"href":"https:\/\/www.handycat.com\/es\/wp-json\/wp\/v2\/pages"}],"about":[{"href":"https:\/\/www.handycat.com\/es\/wp-json\/wp\/v2\/types\/page"}],"author":[{"embeddable":true,"href":"https:\/\/www.handycat.com\/es\/wp-json\/wp\/v2\/users\/1"}],"replies":[{"embeddable":true,"href":"https:\/\/www.handycat.com\/es\/wp-json\/wp\/v2\/comments?post=21442"}],"version-history":[{"count":12,"href":"https:\/\/www.handycat.com\/es\/wp-json\/wp\/v2\/pages\/21442\/revisions"}],"predecessor-version":[{"id":23356,"href":"https:\/\/www.handycat.com\/es\/wp-json\/wp\/v2\/pages\/21442\/revisions\/23356"}],"up":[{"embeddable":true,"href":"https:\/\/www.handycat.com\/es\/wp-json\/wp\/v2\/pages\/20800"}],"wp:attachment":[{"href":"https:\/\/www.handycat.com\/es\/wp-json\/wp\/v2\/media?parent=21442"}],"curies":[{"name":"wp","href":"https:\/\/api.w.org\/{rel}","templated":true}]}}