{"id":21463,"date":"2022-04-05T10:22:20","date_gmt":"2022-04-05T08:22:20","guid":{"rendered":"https:\/\/handycat.com\/protac\/ballcushion\/"},"modified":"2025-01-17T10:38:48","modified_gmt":"2025-01-17T08:38:48","slug":"ballcushion","status":"publish","type":"page","link":"https:\/\/www.handycat.com\/es\/protac\/ballcushion\/","title":{"rendered":"Protac\u00ae BallCushion"},"content":{"rendered":"<div class=\"gb-container gb-container-f1110ba9\"><div class=\"gb-inside-container\">\n<div class=\"gb-grid-wrapper gb-grid-wrapper-728a921f\">\n<div class=\"gb-grid-column gb-grid-column-efcc7737\"><div class=\"gb-container gb-container-efcc7737\"><div class=\"gb-inside-container\">\n\n<p class=\"has-drop-cap\">BallCushion es un coj\u00edn de bolas de estimulaci\u00f3n propioceptiva \u00fatil para ni\u00f1os, adolescentes y adultos hiperactivos. Tambi\u00e9n ayuda a combatir los dolores de espalda gracias a proporcionar una postura correcta cuando estamos sentados. Si nos movemos sobre el coj\u00edn, las bolas de pl\u00e1stico que contiene tambi\u00e9n se mover\u00e1n y para restablecer el equilibrio, autom\u00e1ticamante deberemos cambiar de posici\u00f3n. Esta caracter\u00edstica exclusiva ayuda a los usuarios del BallCushion a permanecer sentados y concentrados durante m\u00e1s tiempo, en una posici\u00f3n de sentado din\u00e1mica.<\/p>\n\n\n\n<p>En un\/a ni\u00f1o\/a de edad escolar observaremos un menjor rendimiento y un aumento significativo de su capacidad de aprendizaje.<\/p>\n\n<\/div><\/div><\/div>\n\n<div class=\"gb-grid-column gb-grid-column-7637e731\"><div class=\"gb-container gb-container-7637e731\"><div class=\"gb-inside-container\">\n\n<figure class=\"wp-block-embed is-type-video is-provider-youtube wp-block-embed-youtube wp-embed-aspect-16-9 wp-has-aspect-ratio\"><div class=\"wp-block-embed__wrapper\">\r\n<iframe loading=\"lazy\" title=\"BallCushion: el coj\u00edn que ayuda a sentarse en buena postura y concentrarse       *Activar subt\u00edtulos\" width=\"1200\" height=\"675\" src=\"https:\/\/www.youtube.com\/embed\/fDDYN5GWZB8?feature=oembed\" frameborder=\"0\" allow=\"accelerometer; autoplay; clipboard-write; encrypted-media; gyroscope; picture-in-picture\" allowfullscreen><\/iframe>\r\n<\/div><\/figure>\r\n\n<\/div><\/div><\/div>\n<\/div>\n\n\n<h3 class=\"gb-headline gb-headline-32ff255d\"><span class=\"gb-icon\"><svg aria-hidden=\"true\" role=\"img\" height=\"1em\" width=\"1em\" viewbox=\"0 0 256 512\" xmlns=\"http:\/\/www.w3.org\/2000\/svg\"><path fill=\"currentColor\" d=\"M224.3 273l-136 136c-9.4 9.4-24.6 9.4-33.9 0l-22.6-22.6c-9.4-9.4-9.4-24.6 0-33.9l96.4-96.4-96.4-96.4c-9.4-9.4-9.4-24.6 0-33.9L54.3 103c9.4-9.4 24.6-9.4 33.9 0l136 136c9.5 9.4 9.5 24.6.1 34z\"><\/path><\/svg><\/span><span class=\"gb-headline-text\">Galer\u00eda de im\u00e1genes<\/span><\/h3>\r\n\n\n\n<figure class=\"wp-block-gallery has-nested-images columns-default is-cropped wp-block-gallery-1 is-layout-flex wp-block-gallery-is-layout-flex\">\n<figure class=\"wp-block-image size-large\"><a href=\"https:\/\/www.handycat.com\/wp-content\/uploads\/2021\/06\/ig_handycat2.jpg\"><img loading=\"lazy\" decoding=\"async\" width=\"480\" height=\"640\" data-id=\"20638\" src=\"https:\/\/www.handycat.com\/wp-content\/uploads\/2021\/06\/ig_handycat2.jpg\" alt=\"\" class=\"wp-image-20638\" srcset=\"https:\/\/www.handycat.com\/wp-content\/uploads\/2021\/06\/ig_handycat2.jpg 480w, https:\/\/www.handycat.com\/wp-content\/uploads\/2021\/06\/ig_handycat2-225x300.jpg 225w\" sizes=\"auto, (max-width: 480px) 100vw, 480px\" \/><\/a><\/figure>\n\n\n\n<figure class=\"wp-block-image size-large\"><a href=\"https:\/\/www.handycat.com\/wp-content\/uploads\/2021\/06\/ig_handycat.jpg\"><img loading=\"lazy\" decoding=\"async\" width=\"480\" height=\"640\" data-id=\"20641\" src=\"https:\/\/www.handycat.com\/wp-content\/uploads\/2021\/06\/ig_handycat.jpg\" alt=\"\" class=\"wp-image-20641\" srcset=\"https:\/\/www.handycat.com\/wp-content\/uploads\/2021\/06\/ig_handycat.jpg 480w, https:\/\/www.handycat.com\/wp-content\/uploads\/2021\/06\/ig_handycat-225x300.jpg 225w\" sizes=\"auto, (max-width: 480px) 100vw, 480px\" \/><\/a><\/figure>\n\n\n\n<figure class=\"wp-block-image size-large\"><a href=\"https:\/\/www.handycat.com\/wp-content\/uploads\/2021\/06\/ballcusion-colorins.jpg\"><img loading=\"lazy\" decoding=\"async\" width=\"680\" height=\"480\" data-id=\"20644\" src=\"https:\/\/www.handycat.com\/wp-content\/uploads\/2021\/06\/ballcusion-colorins.jpg\" alt=\"\" class=\"wp-image-20644\" srcset=\"https:\/\/www.handycat.com\/wp-content\/uploads\/2021\/06\/ballcusion-colorins.jpg 680w, https:\/\/www.handycat.com\/wp-content\/uploads\/2021\/06\/ballcusion-colorins-300x212.jpg 300w\" sizes=\"auto, (max-width: 680px) 100vw, 680px\" \/><\/a><\/figure>\n<\/figure>\n\n<\/div><\/div><div class=\"gb-container gb-container-b6b5cee4\"><div class=\"gb-inside-container\">\n\n<p>La hiperactividad se entiende como una actividad excesiva e inapropiada en relaci\u00f3n tanto con la edad como en la exigencia de la tarea que se debe llevar a cabo. Uno de los principales problemas que encontramos en el TDAH especialmente durante la infancia y adolescencia es la incapacidad para controlar y modular eficientemente su hiperactividad, como consecuencia de la fallada en el desarrollo de las funciones ejecutivas, el sistema regulador del comportamiento.<\/p>\n\n\n\n<p class=\"has-text-align-right has-text-color has-small-font-size\" style=\"color:#666666\"><em>\u00abExecutive Functions: What They Are, How they work, and Why They Evolved\u00bb Barkley, 2012<\/em><\/p>\n\n\n\n<hr class=\"wp-block-separator has-css-opacity\"\/>\n\n\n\n<h4 class=\"gb-headline gb-headline-0454e7e5\"><span class=\"gb-headline-text\">Cuando trasladamos esta situaci\u00f3n a las aulas, es habitual que la persona con hiperactividad sea incapaz de permanecer completamente quieta. De esta manera, si obligamos al alumno\/a hiperactivo\/a a permenecer sentado o en algun lugar concreto prestando atenci\u00f3n a alguna cosa o alguien, a los pocos segundos\u00a0 observamos malestar y diferentes comportamientos como mover las piernas, rascarse el cuerpo, removerse en la silla, cambiar constantemente de posici\u00f3n, distracci\u00f3n, etc.\u00a0<\/span><\/h4>\n\n\n\n<p class=\"has-text-align-right has-text-color has-small-font-size\" style=\"color:#666666\">Texto extra\u00eddo del art\u00edculo de Sara Ortega Tapia, Neuropsic\u00f3loga cl\u00ednica de Fundaci\u00f3n CADAH (2016) \u00abAula: Canalizar la hiperactividad f\u00edsica mejora el rendimiento atencional\u00bb de la p\u00e1gina web: <a>https:\/\/www.fundacioncadah.org\/web\/articulo\/aula-canalizar-la-hiperactividad-fisica-mejora-el-rendimiento-atencional-.html<\/a><\/p>\n\n<\/div><\/div><div class=\"gb-container gb-container-f5f16224\"><div class=\"gb-inside-container\">\n<div class=\"gb-button-wrapper gb-button-wrapper-a6d82ce8\">\n\n<a class=\"gb-button gb-button-ea8b4031\" href=\"https:\/\/shop.handycat.com\/es\/catalog\/categoria\/ayudas-para-sentarse\" target=\"_blank\" rel=\"noopener noreferrer\"><span class=\"gb-button-text\">Ir a la Tienda<\/span><span class=\"gb-icon\"><svg aria-hidden=\"true\" role=\"img\" height=\"1em\" width=\"1em\" viewBox=\"0 0 256 512\" xmlns=\"http:\/\/www.w3.org\/2000\/svg\"><path fill=\"currentColor\" d=\"M224.3 273l-136 136c-9.4 9.4-24.6 9.4-33.9 0l-22.6-22.6c-9.4-9.4-9.4-24.6 0-33.9l96.4-96.4-96.4-96.4c-9.4-9.4-9.4-24.6 0-33.9L54.3 103c9.4-9.4 24.6-9.4 33.9 0l136 136c9.5 9.4 9.5 24.6.1 34z\"><\/path><\/svg><\/span><\/a>\r\n\n<\/div>\n<\/div><\/div>","protected":false},"excerpt":{"rendered":"<p>Galer\u00eda de im\u00e1genes La hiperactividad se entiende como una actividad excesiva e inapropiada en relaci\u00f3n tanto con la edad como en la exigencia de la tarea que se debe llevar a cabo. Uno de los principales problemas que encontramos en el TDAH especialmente durante la infancia y adolescencia es la incapacidad para controlar y modular &#8230; <a title=\"Protac\u00ae BallCushion\" class=\"read-more\" href=\"https:\/\/www.handycat.com\/es\/protac\/ballcushion\/\" aria-label=\"Leer m\u00e1s sobre Protac\u00ae BallCushion\">Leer m\u00e1s<\/a><\/p>\n","protected":false},"author":1,"featured_media":0,"parent":20800,"menu_order":7,"comment_status":"closed","ping_status":"closed","template":"","meta":{"footnotes":""},"class_list":{"0":"post-21463","1":"page","2":"type-page","3":"status-publish","5":"infinite-scroll-item"},"_links":{"self":[{"href":"https:\/\/www.handycat.com\/es\/wp-json\/wp\/v2\/pages\/21463","targetHints":{"allow":["GET"]}}],"collection":[{"href":"https:\/\/www.handycat.com\/es\/wp-json\/wp\/v2\/pages"}],"about":[{"href":"https:\/\/www.handycat.com\/es\/wp-json\/wp\/v2\/types\/page"}],"author":[{"embeddable":true,"href":"https:\/\/www.handycat.com\/es\/wp-json\/wp\/v2\/users\/1"}],"replies":[{"embeddable":true,"href":"https:\/\/www.handycat.com\/es\/wp-json\/wp\/v2\/comments?post=21463"}],"version-history":[{"count":7,"href":"https:\/\/www.handycat.com\/es\/wp-json\/wp\/v2\/pages\/21463\/revisions"}],"predecessor-version":[{"id":23421,"href":"https:\/\/www.handycat.com\/es\/wp-json\/wp\/v2\/pages\/21463\/revisions\/23421"}],"up":[{"embeddable":true,"href":"https:\/\/www.handycat.com\/es\/wp-json\/wp\/v2\/pages\/20800"}],"wp:attachment":[{"href":"https:\/\/www.handycat.com\/es\/wp-json\/wp\/v2\/media?parent=21463"}],"curies":[{"name":"wp","href":"https:\/\/api.w.org\/{rel}","templated":true}]}}