{"id":21466,"date":"2022-04-05T10:54:36","date_gmt":"2022-04-05T08:54:36","guid":{"rendered":"https:\/\/handycat.com\/protac\/sensit\/"},"modified":"2025-01-16T11:08:35","modified_gmt":"2025-01-16T09:08:35","slug":"sensit","status":"publish","type":"page","link":"https:\/\/www.handycat.com\/es\/protac\/sensit\/","title":{"rendered":"Protac\u00ae SenSit"},"content":{"rendered":"<div class=\"gb-container gb-container-843897b4\"><div class=\"gb-inside-container\">\n<div class=\"gb-grid-wrapper gb-grid-wrapper-04518c67\">\n<div class=\"gb-grid-column gb-grid-column-92b64ecb\"><div class=\"gb-container gb-container-92b64ecb\"><div class=\"gb-inside-container\">\n\n<p class=\"has-drop-cap\">SenSit es una butaca que estimula el sistema propioceptivo en ni\u00f1os, adolescentes y adultos co inquietud f\u00edsica y mental. Est\u00e1 relleno de bolas de pl\u00e1stico, tanto en el asiento, el respaldo como en los brazos laterales, cosa que hace que el usuario se encuentre c\u00f3modo tanto sentado como reclinado.<\/p>\n\n\n\n<p>Con sus uatro brazos laterales, SenSit envuelve el cuerpo, proporcionando al usuario una sensaci\u00f3n de seguridad, protecci\u00f3n y bienestar.<\/p>\n\n<\/div><\/div><\/div>\n\n<div class=\"gb-grid-column gb-grid-column-f77f537e\"><div class=\"gb-container gb-container-f77f537e\"><div class=\"gb-inside-container\">\n\n<figure class=\"wp-block-image size-full is-resized rounded-corners\"><img loading=\"lazy\" decoding=\"async\" width=\"640\" height=\"480\" src=\"https:\/\/www.handycat.com\/wp-content\/uploads\/2021\/06\/Protac-Soelyst-004.jpg\" alt=\"\" class=\"wp-image-20648\" style=\"width:320px;height:240px\" srcset=\"https:\/\/www.handycat.com\/wp-content\/uploads\/2021\/06\/Protac-Soelyst-004.jpg 640w, https:\/\/www.handycat.com\/wp-content\/uploads\/2021\/06\/Protac-Soelyst-004-300x225.jpg 300w\" sizes=\"auto, (max-width: 640px) 100vw, 640px\" \/><\/figure>\n\n<\/div><\/div><\/div>\n<\/div>\n<\/div><\/div><div class=\"gb-container gb-container-3d6f8618\"><div class=\"gb-inside-container\">\n\n<h2 class=\"gb-headline gb-headline-98219f23\"><span class=\"gb-icon\"><svg aria-hidden=\"true\" role=\"img\" height=\"1em\" width=\"1em\" viewBox=\"0 0 256 512\" xmlns=\"http:\/\/www.w3.org\/2000\/svg\"><path fill=\"currentColor\" d=\"M224.3 273l-136 136c-9.4 9.4-24.6 9.4-33.9 0l-22.6-22.6c-9.4-9.4-9.4-24.6 0-33.9l96.4-96.4-96.4-96.4c-9.4-9.4-9.4-24.6 0-33.9L54.3 103c9.4-9.4 24.6-9.4 33.9 0l136 136c9.5 9.4 9.5 24.6.1 34z\"><\/path><\/svg><\/span><span class=\"gb-headline-text\">Especificaciones y recomendaciones<\/span><\/h2>\r\n\n\n<div class=\"gb-grid-wrapper gb-grid-wrapper-5e031be0\">\n<div class=\"gb-grid-column gb-grid-column-8e6649b8\"><div class=\"gb-container gb-container-8e6649b8\"><div class=\"gb-inside-container\">\n\n<h3 class=\"gb-headline gb-headline-11d1e580\"><span class=\"gb-icon\"><svg aria-hidden=\"true\" role=\"img\" height=\"1em\" width=\"1em\" viewBox=\"0 0 256 512\" xmlns=\"http:\/\/www.w3.org\/2000\/svg\"><path fill=\"currentColor\" d=\"M224.3 273l-136 136c-9.4 9.4-24.6 9.4-33.9 0l-22.6-22.6c-9.4-9.4-9.4-24.6 0-33.9l96.4-96.4-96.4-96.4c-9.4-9.4-9.4-24.6 0-33.9L54.3 103c9.4-9.4 24.6-9.4 33.9 0l136 136c9.5 9.4 9.5 24.6.1 34z\"><\/path><\/svg><\/span><span class=\"gb-headline-text\">Caracter\u00edsticas<\/span><\/h3>\r\n\n\n\n<ul class=\"wp-block-list\">\n<li>Aporta calma, bienestar y mejora la conciencia corporal<\/li>\n\n\n\n<li>Su dise\u00f1o funcional facilita la estimulaci\u00f3n propioceptiva en cualquier momento y en cualquier espacio: en casa, centro educativo, biblioteca, residencia, etc.<\/li>\n\n\n\n<li>Permite focalizar la actividad del usuario en aquello que nos ocupe<\/li>\n\n\n\n<li>Gracias a dus cuatro solapas, el usuario se encuentra seguro y protegido<\/li>\n\n\n\n<li>Accesorios: m\u00f3dulo reposapies<\/li>\n\n\n\n<li>Contiene bolas de pl\u00e1stico felxibles que aportan confort y un plus de estimulaci\u00f3n a las piernas y a los pies.<\/li>\n<\/ul>\n\n<\/div><\/div><\/div>\n\n<div class=\"gb-grid-column gb-grid-column-8c0c42a6\"><div class=\"gb-container gb-container-8c0c42a6\"><div class=\"gb-inside-container\">\n\n<h3 class=\"gb-headline gb-headline-2ccf592a\"><span class=\"gb-icon\"><svg aria-hidden=\"true\" role=\"img\" height=\"1em\" width=\"1em\" viewBox=\"0 0 256 512\" xmlns=\"http:\/\/www.w3.org\/2000\/svg\"><path fill=\"currentColor\" d=\"M224.3 273l-136 136c-9.4 9.4-24.6 9.4-33.9 0l-22.6-22.6c-9.4-9.4-9.4-24.6 0-33.9l96.4-96.4-96.4-96.4c-9.4-9.4-9.4-24.6 0-33.9L54.3 103c9.4-9.4 24.6-9.4 33.9 0l136 136c9.5 9.4 9.5 24.6.1 34z\"><\/path><\/svg><\/span><span class=\"gb-headline-text\">Indicaciones<\/span><\/h3>\r\n\n\n\n<ul class=\"wp-block-list\">\n<li>Puede ser utilizado por cualquier grupo de edad sin excepci\u00f3n<\/li>\n\n\n\n<li>Beneficioso para las personas con estr\u00e9s, TDAH, autismo, trastornos neurol\u00f3gicos, enfermedades mentales, trastornos del procesamiento sensorial o trastornos del desarrollo<\/li>\n\n\n\n<li>Recomendado por especialistas<\/li>\n\n\n\n<li>Los terapeutas y especialistas utilizan SenSit para estimular el sistema sensorial en salas Snoezelen<\/li>\n\n\n\n<li>Se puede utilizar en el inicio de cualquier terapia para que el usuario se relaje y tranquilice, y tambi\u00e9n como mobiliario habitual en cualquier espacio.<\/li>\n<\/ul>\n\n<\/div><\/div><\/div>\n<\/div>\n<\/div><\/div><div class=\"gb-container gb-container-3bf7c77f\"><div class=\"gb-inside-container\">\n<div class=\"gb-button-wrapper gb-button-wrapper-c3b6cabe\">\n\n<a class=\"gb-button gb-button-d04ef684\" href=\"https:\/\/shop.handycat.com\/es\/catalog\/categoria\/sensit\" target=\"_blank\" rel=\"noopener noreferrer\"><span class=\"gb-button-text\">Ir a la Tienda<\/span><\/a>\n\n<\/div>\n<\/div><\/div>","protected":false},"excerpt":{"rendered":"<p>Especificaciones y recomendaciones<\/p>\n","protected":false},"author":1,"featured_media":0,"parent":20800,"menu_order":6,"comment_status":"closed","ping_status":"closed","template":"","meta":{"footnotes":""},"class_list":{"0":"post-21466","1":"page","2":"type-page","3":"status-publish","5":"infinite-scroll-item"},"_links":{"self":[{"href":"https:\/\/www.handycat.com\/es\/wp-json\/wp\/v2\/pages\/21466","targetHints":{"allow":["GET"]}}],"collection":[{"href":"https:\/\/www.handycat.com\/es\/wp-json\/wp\/v2\/pages"}],"about":[{"href":"https:\/\/www.handycat.com\/es\/wp-json\/wp\/v2\/types\/page"}],"author":[{"embeddable":true,"href":"https:\/\/www.handycat.com\/es\/wp-json\/wp\/v2\/users\/1"}],"replies":[{"embeddable":true,"href":"https:\/\/www.handycat.com\/es\/wp-json\/wp\/v2\/comments?post=21466"}],"version-history":[{"count":3,"href":"https:\/\/www.handycat.com\/es\/wp-json\/wp\/v2\/pages\/21466\/revisions"}],"predecessor-version":[{"id":23350,"href":"https:\/\/www.handycat.com\/es\/wp-json\/wp\/v2\/pages\/21466\/revisions\/23350"}],"up":[{"embeddable":true,"href":"https:\/\/www.handycat.com\/es\/wp-json\/wp\/v2\/pages\/20800"}],"wp:attachment":[{"href":"https:\/\/www.handycat.com\/es\/wp-json\/wp\/v2\/media?parent=21466"}],"curies":[{"name":"wp","href":"https:\/\/api.w.org\/{rel}","templated":true}]}}