{"id":21473,"date":"2022-04-12T13:57:31","date_gmt":"2022-04-12T11:57:31","guid":{"rendered":"https:\/\/handycat.com\/protac\/groundme\/"},"modified":"2025-01-17T10:40:58","modified_gmt":"2025-01-17T08:40:58","slug":"groundme","status":"publish","type":"page","link":"https:\/\/www.handycat.com\/es\/protac\/groundme\/","title":{"rendered":"Protac\u00ae GroundMe"},"content":{"rendered":"<div class=\"gb-container gb-container-745c3c74\"><div class=\"gb-inside-container\">\n<div class=\"gb-grid-wrapper gb-grid-wrapper-2dc70ef5\">\n<div class=\"gb-grid-column gb-grid-column-75081101\"><div class=\"gb-container gb-container-75081101\"><div class=\"gb-inside-container\">\n\n<p class=\"has-drop-cap\">GroundMe es un puf estimulante para los pies que ayuda a aliviar el S\u00edndrome de las piernas inquietas (RLS), la hiperactividad y la dificultad para concentrarse. Groundme es apto para ni\u00f1os\/as y adultos y disipa los problemas de equilibrio, trastornos del aprendizaje y trastornos f\u00edsicos.<\/p>\n\n\n\n<p>Se puede utilizar para trabajar, comer o relajarse; como puf para ni\u00f1os\/as en instituciones, bibliotecas, etc. Los terapeutas y especialistas utilizan el GroundMe como ayuda para el desarrollo de habilidades motrices. Por ejemplo, se puede utilizar como parte de un circuito de obst\u00e1culos que desaf\u00eda y entrena el equilibrio y la coordinaci\u00f3n.<\/p>\n\n<\/div><\/div><\/div>\n\n<div class=\"gb-grid-column gb-grid-column-585ebb63\"><div class=\"gb-container gb-container-585ebb63\"><div class=\"gb-inside-container\">\n\n<figure class=\"wp-block-image size-full rounded-corners\"><img loading=\"lazy\" decoding=\"async\" width=\"640\" height=\"480\" src=\"https:\/\/www.handycat.com\/wp-content\/uploads\/2021\/06\/Schoolchildren-playing2.jpg\" alt=\"\" class=\"wp-image-20660\" srcset=\"https:\/\/www.handycat.com\/wp-content\/uploads\/2021\/06\/Schoolchildren-playing2.jpg 640w, https:\/\/www.handycat.com\/wp-content\/uploads\/2021\/06\/Schoolchildren-playing2-300x225.jpg 300w\" sizes=\"auto, (max-width: 640px) 100vw, 640px\" \/><\/figure>\n\n<\/div><\/div><\/div>\n<\/div>\n<\/div><\/div><div class=\"gb-container gb-container-fad2f89c\"><div class=\"gb-inside-container\">\n\n<h2 class=\"gb-headline gb-headline-74ef3674\"><span class=\"gb-icon\"><svg aria-hidden=\"true\" role=\"img\" height=\"1em\" width=\"1em\" viewbox=\"0 0 256 512\" xmlns=\"http:\/\/www.w3.org\/2000\/svg\"><path fill=\"currentColor\" d=\"M224.3 273l-136 136c-9.4 9.4-24.6 9.4-33.9 0l-22.6-22.6c-9.4-9.4-9.4-24.6 0-33.9l96.4-96.4-96.4-96.4c-9.4-9.4-9.4-24.6 0-33.9L54.3 103c9.4-9.4 24.6-9.4 33.9 0l136 136c9.5 9.4 9.5 24.6.1 34z\"><\/path><\/svg><\/span><span class=\"gb-headline-text\">Caracter\u00edsticas<\/span><\/h2>\r\n\n\n\n<ul class=\"wp-block-list\">\n<li><span lang=\"ca-ES\">Tranquilidad y concentraci\u00f3n. Estimula el sentido del tacto as\u00ed como el propioceptivo mejorando la concentraci\u00f3n y promoviendo el aprendizaje<\/span><\/li>\n\n\n\n<li><span lang=\"ca-ES\">Postura \u00f3ptima. Gracias a las bolas de la capa superior, GroundMe estabiliza los pies, proporcionando alivio a las piernas inquietas y mejora la postura<\/span><\/li>\n\n\n\n<li><span lang=\"ca-ES\">La capa superior del GroundMe est\u00e1 rellena de bolas de pl\u00e1stico y el material de la base es de espuma para dotarle de estabilidad. <\/span><\/li>\n\n\n\n<li><span lang=\"ca-ES\">Contiene unas asas que facilitan su transporte o permiten que se pueda colgar cuando no se utiliza.<\/span><\/li>\n\n\n\n<li><span lang=\"ca-ES\">La cubierta se puede poner en la lavadora sin la base de espuma, que se puede lavar con un trapo h\u00famedo.<\/span><\/li>\n<\/ul>\n\n<\/div><\/div><div class=\"gb-container gb-container-05083511\"><div class=\"gb-inside-container\">\n<div class=\"gb-button-wrapper gb-button-wrapper-cf3d6ebd\">\n\n<a class=\"gb-button gb-button-93bf75c3\" href=\"https:\/\/shop.handycat.com\/es\/catalog\/?q=groundme\" target=\"_blank\" rel=\"noopener noreferrer\"><span class=\"gb-button-text\">Ir a la Tienda<\/span><span class=\"gb-icon\"><svg aria-hidden=\"true\" role=\"img\" height=\"1em\" width=\"1em\" viewBox=\"0 0 256 512\" xmlns=\"http:\/\/www.w3.org\/2000\/svg\"><path fill=\"currentColor\" d=\"M224.3 273l-136 136c-9.4 9.4-24.6 9.4-33.9 0l-22.6-22.6c-9.4-9.4-9.4-24.6 0-33.9l96.4-96.4-96.4-96.4c-9.4-9.4-9.4-24.6 0-33.9L54.3 103c9.4-9.4 24.6-9.4 33.9 0l136 136c9.5 9.4 9.5 24.6.1 34z\"><\/path><\/svg><\/span><\/a>\r\n\n<\/div>\n<\/div><\/div>","protected":false},"excerpt":{"rendered":"<p>Caracter\u00edsticas<\/p>\n","protected":false},"author":1,"featured_media":0,"parent":20800,"menu_order":5,"comment_status":"closed","ping_status":"closed","template":"","meta":{"footnotes":""},"class_list":{"0":"post-21473","1":"page","2":"type-page","3":"status-publish","5":"infinite-scroll-item"},"_links":{"self":[{"href":"https:\/\/www.handycat.com\/es\/wp-json\/wp\/v2\/pages\/21473","targetHints":{"allow":["GET"]}}],"collection":[{"href":"https:\/\/www.handycat.com\/es\/wp-json\/wp\/v2\/pages"}],"about":[{"href":"https:\/\/www.handycat.com\/es\/wp-json\/wp\/v2\/types\/page"}],"author":[{"embeddable":true,"href":"https:\/\/www.handycat.com\/es\/wp-json\/wp\/v2\/users\/1"}],"replies":[{"embeddable":true,"href":"https:\/\/www.handycat.com\/es\/wp-json\/wp\/v2\/comments?post=21473"}],"version-history":[{"count":7,"href":"https:\/\/www.handycat.com\/es\/wp-json\/wp\/v2\/pages\/21473\/revisions"}],"predecessor-version":[{"id":23425,"href":"https:\/\/www.handycat.com\/es\/wp-json\/wp\/v2\/pages\/21473\/revisions\/23425"}],"up":[{"embeddable":true,"href":"https:\/\/www.handycat.com\/es\/wp-json\/wp\/v2\/pages\/20800"}],"wp:attachment":[{"href":"https:\/\/www.handycat.com\/es\/wp-json\/wp\/v2\/media?parent=21473"}],"curies":[{"name":"wp","href":"https:\/\/api.w.org\/{rel}","templated":true}]}}