{"id":21589,"date":"2022-06-13T10:44:58","date_gmt":"2022-06-13T08:44:58","guid":{"rendered":"https:\/\/handycat.com\/vestibulador-tau\/"},"modified":"2022-09-28T10:09:02","modified_gmt":"2022-09-28T08:09:02","slug":"vestibulador-tau","status":"publish","type":"page","link":"https:\/\/www.handycat.com\/es\/vestibulador-tau\/","title":{"rendered":"Vestibulador TAU"},"content":{"rendered":"<div class=\"gb-container gb-container-949a4422\"><div class=\"gb-inside-container\"><\/div><\/div><div class=\"gb-container gb-container-2fe3515f\"><div class=\"gb-inside-container\">\n<div class=\"gb-grid-wrapper gb-grid-wrapper-a15246eb\">\n<div class=\"gb-grid-column gb-grid-column-25c2ed66\"><div class=\"gb-container gb-container-25c2ed66\"><div class=\"gb-inside-container\">\n<div class=\"gb-grid-wrapper gb-grid-wrapper-82b5b2c2\">\n<div class=\"gb-grid-column gb-grid-column-39e799fe\"><div class=\"gb-container gb-container-39e799fe\"><div class=\"gb-inside-container\">\n\n<h3 class=\"gb-headline gb-headline-db6eee93\"><span class=\"gb-headline-text\">El <strong><span class=\"has-inline-color\" style=\"color: #f69a11;\">Vestibulador TAU<\/span><\/strong> es un conjunto de terapia vestibular muy seguro, con todas las ventajas de un sistema de suspensi\u00f3n de techo, sin la preocupaci\u00f3n de instalaci\u00f3n. Su montaje es sencillo y los elementos que lo componen son de calidad, resistentes a peque\u00f1os golpes y\/o rascadas y f\u00e1cilmente lavables y desinfectables.<\/span><\/h3>\n\n<\/div><\/div><\/div>\n<\/div>\n<\/div><\/div><\/div>\n<\/div>\n\n\n<figure class=\"wp-block-gallery has-nested-images columns-default is-cropped wp-block-gallery-1 is-layout-flex wp-block-gallery-is-layout-flex\">\n<figure class=\"wp-block-image size-large\"><img loading=\"lazy\" decoding=\"async\" width=\"640\" height=\"431\" data-id=\"21568\" src=\"https:\/\/www.handycat.com\/wp-content\/uploads\/2022\/06\/vestiweb_2.jpg\" alt=\"\" class=\"wp-image-21568\" srcset=\"https:\/\/www.handycat.com\/wp-content\/uploads\/2022\/06\/vestiweb_2.jpg 640w, https:\/\/www.handycat.com\/wp-content\/uploads\/2022\/06\/vestiweb_2-300x202.jpg 300w\" sizes=\"auto, (max-width: 640px) 100vw, 640px\" \/><\/figure>\n\n\n\n<figure class=\"wp-block-image size-large\"><img loading=\"lazy\" decoding=\"async\" width=\"640\" height=\"431\" data-id=\"21562\" src=\"https:\/\/www.handycat.com\/wp-content\/uploads\/2022\/06\/vestiweb_4.jpg\" alt=\"\" class=\"wp-image-21562\" srcset=\"https:\/\/www.handycat.com\/wp-content\/uploads\/2022\/06\/vestiweb_4.jpg 640w, https:\/\/www.handycat.com\/wp-content\/uploads\/2022\/06\/vestiweb_4-300x202.jpg 300w\" sizes=\"auto, (max-width: 640px) 100vw, 640px\" \/><\/figure>\n\n\n\n<figure class=\"wp-block-image size-large\"><img loading=\"lazy\" decoding=\"async\" width=\"640\" height=\"431\" data-id=\"21559\" src=\"https:\/\/www.handycat.com\/wp-content\/uploads\/2022\/06\/vestiweb_5.jpg\" alt=\"\" class=\"wp-image-21559\" srcset=\"https:\/\/www.handycat.com\/wp-content\/uploads\/2022\/06\/vestiweb_5.jpg 640w, https:\/\/www.handycat.com\/wp-content\/uploads\/2022\/06\/vestiweb_5-300x202.jpg 300w\" sizes=\"auto, (max-width: 640px) 100vw, 640px\" \/><\/figure>\n\n\n\n<figure class=\"wp-block-image size-large\"><img loading=\"lazy\" decoding=\"async\" width=\"640\" height=\"431\" data-id=\"21556\" src=\"https:\/\/www.handycat.com\/wp-content\/uploads\/2022\/06\/vestiweb_6.jpg\" alt=\"\" class=\"wp-image-21556\" srcset=\"https:\/\/www.handycat.com\/wp-content\/uploads\/2022\/06\/vestiweb_6.jpg 640w, https:\/\/www.handycat.com\/wp-content\/uploads\/2022\/06\/vestiweb_6-300x202.jpg 300w\" sizes=\"auto, (max-width: 640px) 100vw, 640px\" \/><\/figure>\n<\/figure>\n\n<\/div><\/div><div class=\"gb-container gb-container-640a8294\"><div class=\"gb-inside-container\">\n<div class=\"gb-grid-wrapper gb-grid-wrapper-0d180e26\">\n<div class=\"gb-grid-column gb-grid-column-9d693c43\"><div class=\"gb-container gb-container-9d693c43\"><div class=\"gb-inside-container\">\n\n<h2 class=\"gb-headline gb-headline-c7ad8572\"><span class=\"gb-headline-text\">Conjunto de terapia vestibular vers\u00e1til y seguro<\/span><\/h2>\n\n<\/div><\/div><\/div>\n<\/div>\n<\/div><\/div><div class=\"gb-container gb-container-b1b4a816\"><div class=\"gb-inside-container\">\n<div class=\"gb-grid-wrapper gb-grid-wrapper-7b2c8f13\">\n<div class=\"gb-grid-column gb-grid-column-96a3778b\"><div class=\"gb-container gb-container-96a3778b\"><div class=\"gb-inside-container\">\n\n<p>El <strong><span class=\"has-inline-color\" style=\"color: #f69a11;\">vestibulador TAU<\/span><\/strong> incluye estructura-p\u00f3rtico con patas antideslizantes de gran estabilidad. El conjunto incorpora un sistema de rotaci\u00f3n de 360 o con anillas que facilitan el giro sin impedimentos para utilizarlo en la posici\u00f3n seg\u00fan convenga. Este sistema de rotaci\u00f3n se puede bloquear en la posici\u00f3n fija que decidamos. Los diferentes accessorios que dispone son ligeros y f\u00e1ciles de instalar.<\/p>\n\n<\/div><\/div><\/div>\n<\/div>\n\n\n<div class=\"wp-block-media-text alignwide is-stacked-on-mobile\"><figure class=\"wp-block-media-text__media\"><img loading=\"lazy\" decoding=\"async\" width=\"640\" height=\"431\" src=\"https:\/\/www.handycat.com\/wp-content\/uploads\/2022\/06\/vestiweb_3-1.jpg\" alt=\"\" class=\"wp-image-21577 size-full\" srcset=\"https:\/\/www.handycat.com\/wp-content\/uploads\/2022\/06\/vestiweb_3-1.jpg 640w, https:\/\/www.handycat.com\/wp-content\/uploads\/2022\/06\/vestiweb_3-1-300x202.jpg 300w\" sizes=\"auto, (max-width: 640px) 100vw, 640px\" \/><\/figure><div class=\"wp-block-media-text__content\">\n<p class=\"has-text-align-center\" style=\"font-size:24px\">Los mecanismos que incluye permiten un r\u00e1pido y sencillo cambio de accesorios y ajustes de altura para encontrar la posici\u00f3n adecuada, para estabilizar y facilitar todo un seguido de movimientos de balanceo.<\/p>\n<\/div><\/div>\n\n<\/div><\/div><div class=\"gb-container gb-container-65423357\"><div class=\"gb-inside-container\">\n<div class=\"gb-grid-wrapper gb-grid-wrapper-1eabc2cc\">\n<div class=\"gb-grid-column gb-grid-column-48926107\"><div class=\"gb-container gb-container-48926107\"><div class=\"gb-inside-container\">\n\n<h3 class=\"gb-headline gb-headline-4b214b2a\"><span class=\"gb-headline-text\">Elementos del Vestibulador TAU<\/span><\/h3>\n\n<\/div><\/div><\/div>\n<\/div>\n<\/div><\/div><div class=\"gb-container gb-container-b35bdc6a\"><div class=\"gb-inside-container\">\n<div class=\"gb-grid-wrapper gb-grid-wrapper-918e215a\">\n<div class=\"gb-grid-column gb-grid-column-8770df73\"><div class=\"gb-container gb-container-8770df73\"><div class=\"gb-inside-container\">\n\n<ul class=\"wp-block-list\"><li>33514 &#8211; Estructura de 4 patas<\/li><li>33521 &#8211; Juego de suspensi\u00f3n<\/li><li>33522 &#8211; Colch\u00f3n de recepci\u00f3n plegable 150 x 210 x 5 cm<\/li><li>33523 &#8211; Flexidisc<\/li><li>33524 &#8211; Cilindro de balanceo 35cm de di\u00e1metro x 130 cm de largo<\/li><li>33525 &#8211; Plataforma<\/li><li>33527 &#8211; Red prono<\/li><\/ul>\n\n<\/div><\/div><\/div>\n<\/div>\n<\/div><\/div><div class=\"gb-container gb-container-c1c8b9b6\"><div class=\"gb-inside-container\">\n<div class=\"gb-grid-wrapper gb-grid-wrapper-47078f37\">\n<div class=\"gb-grid-column gb-grid-column-a4f9eb60\"><div class=\"gb-container gb-container-a4f9eb60\"><div class=\"gb-inside-container\">\n\n<p>Necesitas m\u00e1s informaci\u00f3n o un presupuesto? <a href=\"https:\/\/handycat.com\/es\/contacto\/\"><strong>Contactanos<\/strong><\/a>.<\/p>\n\n<\/div><\/div><\/div>\n<\/div>\n<\/div><\/div>\n<p><\/p>\n","protected":false},"excerpt":{"rendered":"<p>Los mecanismos que incluye permiten un r\u00e1pido y sencillo cambio de accesorios y ajustes de altura para encontrar la posici\u00f3n adecuada, para estabilizar y facilitar todo un seguido de movimientos de balanceo.<\/p>\n","protected":false},"author":1,"featured_media":0,"parent":0,"menu_order":0,"comment_status":"closed","ping_status":"closed","template":"","meta":{"footnotes":""},"class_list":{"0":"post-21589","1":"page","2":"type-page","3":"status-publish","5":"infinite-scroll-item"},"_links":{"self":[{"href":"https:\/\/www.handycat.com\/es\/wp-json\/wp\/v2\/pages\/21589","targetHints":{"allow":["GET"]}}],"collection":[{"href":"https:\/\/www.handycat.com\/es\/wp-json\/wp\/v2\/pages"}],"about":[{"href":"https:\/\/www.handycat.com\/es\/wp-json\/wp\/v2\/types\/page"}],"author":[{"embeddable":true,"href":"https:\/\/www.handycat.com\/es\/wp-json\/wp\/v2\/users\/1"}],"replies":[{"embeddable":true,"href":"https:\/\/www.handycat.com\/es\/wp-json\/wp\/v2\/comments?post=21589"}],"version-history":[{"count":10,"href":"https:\/\/www.handycat.com\/es\/wp-json\/wp\/v2\/pages\/21589\/revisions"}],"predecessor-version":[{"id":21718,"href":"https:\/\/www.handycat.com\/es\/wp-json\/wp\/v2\/pages\/21589\/revisions\/21718"}],"wp:attachment":[{"href":"https:\/\/www.handycat.com\/es\/wp-json\/wp\/v2\/media?parent=21589"}],"curies":[{"name":"wp","href":"https:\/\/api.w.org\/{rel}","templated":true}]}}