{"id":21597,"date":"2022-06-13T16:06:48","date_gmt":"2022-06-13T14:06:48","guid":{"rendered":"https:\/\/handycat.com\/declaracion-de-accesibilidad\/"},"modified":"2022-06-13T16:06:48","modified_gmt":"2022-06-13T14:06:48","slug":"declaracion-de-accesibilidad","status":"publish","type":"page","link":"https:\/\/www.handycat.com\/es\/declaracion-de-accesibilidad\/","title":{"rendered":"Declaraci\u00f3n de accesibilidad"},"content":{"rendered":"<div class=\"gb-container gb-container-7da35d11\"><div class=\"gb-inside-container\">\n\n<p>La accesibilidad de un sitio web indica el grado con el cualquier persona con independencia de sus limitaciones f\u00edsicas o t\u00e9cnicas puede acceder a todos los contenido, de la misma manera que lo haga una persona sin discapacidades<\/p>\n\n\n\n<p>Este sitio web cumple con las recomendaciones internacionales dela Iniciativa de Accesibilidad Web (WAI) del W3Cm cumpliendo en un nivel Doble-A (AA) mediante la aplicaci\u00f3n de las Directrices para la Accesibilidad del Contenido Web, versi\u00f3n 2.0 (WCAG 2.0)<\/p>\n\n\n\n<h2 class=\"wp-block-heading\">Est\u00e1ndares Web<\/h2>\n\n\n\n<p>Todas las p\u00e1ginas de este sitio web han estado desarrolladas utilizando las recomendaciones de est\u00e1ndares web definidos por elW3C.<\/p>\n\n\n\n<p>Para el contenido se ha utilizado <a title=\"W3C Recommendation\" href=\"http:\/\/www.w3.org\/TR\/xhtml1\/\"><acronym title=\"Extensible HyperText Markup Language\">XHTML 1.0<\/acronym><\/a> y la capa de presentaci\u00f3n ha estado desarrollada con <a title=\"Cascading Style Sheets Level 2 Revision 1 (CSS 2.1) Specification\" href=\"http:\/\/www.w3.org\/TR\/CSS21\/\"><acronym title=\"Cascading Style Sheets\">CSS 3<\/acronym><\/a>.<\/p>\n\n\n\n<h2 class=\"wp-block-heading\">Ayudas para la navegaci\u00f3n<\/h2>\n\n\n\n<p><strong>Teclas de acceso<\/strong><\/p>\n\n\n\n<p>La mayor\u00eda de los navegadores soportan ir directamente a enlaces espec\u00edficos apretando determinadas combinaciones de teclas (teclas de acceso) definidas en el sitio web.<\/p>\n\n\n\n<p>Hemos habilitado teclas de acceso r\u00e1pido que facilitan la navegaci\u00f3n<\/p>\n\n\n\n<p>S: saltar al contenido principal&#13;\n0: acessibilidad&#13;\n1: inicio&#13;\n2: Empresa&#13;\n3: Servicios&#13;\n4: Productos&#13;\n5: Snoezelen&#13;\n6: Not\u00edcias&#13;\n7: lista de correo&#13;\n8: contacto&#13;\n9: Mapa web<\/p>\n\n\n\n<p>El uso de teclas de acceso viene condicionado por el navegador<\/p>\n\n\n\n<ul class=\"wp-block-list\"><li>Internet Explorer: ALT + atajo + ENTER<\/li><li>Firefox: ALT + MAY\u00daSCULAS + atajo<\/li><li>Opera: MAY\u00daSCULAS + ESC + atajo<\/li><\/ul>\n\n\n\n<p>Men\u00fa oculto: Las p\u00e1ginas del sitio web tienen un enlace oculto para saltar directamente al contenido principal de la p\u00e1gina, evitando la zona del men\u00fa principal, la cual cosa es \u00fatil para todos aquellos usuarios de lectores de pantalla que no quieran \u00abescuchar\u00bb este men\u00fa. Podemos hacerlo tambi\u00e9n mediante la tecla r\u00e1pida S.<\/p>\n\n\n\n<p>Formularios: Todos los elementos de formularios han estado etiquetados para ampliar el \u00e1rea de activaci\u00f3n y para su mejor reconocimiento por programas lectores de pantalla<\/p>\n\n\n\n<p>Enlaces: Muchos enlaces tienen atributos que describen el enlace con detalle, salvo que el propio texto del enlace describa completamente su destino de enlace (por ejemplo el enlace a una noticia por su t\u00edtulo). Los enlaces han estado escritos para que tengan sentido fuera de contexto.<\/p>\n\n\n\n<p>Im\u00e1genes. Todas las im\u00e1genes contenidas en estas p\u00e1ginas incluyen una breve descripci\u00f3n en el atributo ALT.<\/p>\n\n\n\n<h2 class=\"wp-block-heading\">Sugerencias y problemas<\/h2>\n\n\n\n<p>A causa de la gran cantidad de contenidos que presenta handycat.com y como es una web en la que cont\u00ednuamente se est\u00e1 a\u00f1adiendo nueva informaci\u00f3n, rogamos que si encontr\u00e1is probemas para navegar en cualquier p\u00e1gina en concreto nos los comuniqu\u00e9is mediante nuestro <a href=\"https:\/\/handycat.com\/es\/contacto\/\">formulario de contacto<\/a>, e intentaremos resolverlo lo m\u00e1s r\u00e1pido posible.<\/p>\n\n<\/div><\/div>","protected":false},"excerpt":{"rendered":"<p>La accesibilidad de un sitio web indica el grado con el cualquier persona con independencia de sus limitaciones f\u00edsicas o t\u00e9cnicas puede acceder a todos los contenido, de la misma manera que lo haga una persona sin discapacidades Este sitio web cumple con las recomendaciones internacionales dela Iniciativa de Accesibilidad Web (WAI) del W3Cm cumpliendo &#8230; <a title=\"Declaraci\u00f3n de accesibilidad\" class=\"read-more\" href=\"https:\/\/www.handycat.com\/es\/declaracion-de-accesibilidad\/\" aria-label=\"Leer m\u00e1s sobre Declaraci\u00f3n de accesibilidad\">Leer m\u00e1s<\/a><\/p>\n","protected":false},"author":1,"featured_media":0,"parent":0,"menu_order":6,"comment_status":"closed","ping_status":"closed","template":"","meta":{"footnotes":""},"class_list":{"0":"post-21597","1":"page","2":"type-page","3":"status-publish","5":"infinite-scroll-item"},"_links":{"self":[{"href":"https:\/\/www.handycat.com\/es\/wp-json\/wp\/v2\/pages\/21597","targetHints":{"allow":["GET"]}}],"collection":[{"href":"https:\/\/www.handycat.com\/es\/wp-json\/wp\/v2\/pages"}],"about":[{"href":"https:\/\/www.handycat.com\/es\/wp-json\/wp\/v2\/types\/page"}],"author":[{"embeddable":true,"href":"https:\/\/www.handycat.com\/es\/wp-json\/wp\/v2\/users\/1"}],"replies":[{"embeddable":true,"href":"https:\/\/www.handycat.com\/es\/wp-json\/wp\/v2\/comments?post=21597"}],"version-history":[{"count":1,"href":"https:\/\/www.handycat.com\/es\/wp-json\/wp\/v2\/pages\/21597\/revisions"}],"predecessor-version":[{"id":21598,"href":"https:\/\/www.handycat.com\/es\/wp-json\/wp\/v2\/pages\/21597\/revisions\/21598"}],"wp:attachment":[{"href":"https:\/\/www.handycat.com\/es\/wp-json\/wp\/v2\/media?parent=21597"}],"curies":[{"name":"wp","href":"https:\/\/api.w.org\/{rel}","templated":true}]}}