{"id":21643,"date":"2022-07-01T10:40:51","date_gmt":"2022-07-01T08:40:51","guid":{"rendered":"https:\/\/handycat.com\/aviso-correos-electronicos-handycat\/"},"modified":"2022-07-01T10:40:51","modified_gmt":"2022-07-01T08:40:51","slug":"aviso-correos-electronicos-handycat","status":"publish","type":"page","link":"https:\/\/www.handycat.com\/es\/aviso-correos-electronicos-handycat\/","title":{"rendered":"Aviso correos electr\u00f3nicos Handycat"},"content":{"rendered":"<div class=\"gb-container gb-container-0110e6b2\"><div class=\"gb-inside-container\">\n<div class=\"gb-grid-wrapper gb-grid-wrapper-0caaf0be\">\n<div class=\"gb-grid-column gb-grid-column-0ad31820\"><div class=\"gb-container gb-container-0ad31820\"><div class=\"gb-inside-container\">\n\n<h2 class=\"gb-headline gb-headline-a96f38ba\"><span class=\"gb-headline-text\">Aviso Legal y Pol\u00edtica de Privacidad<\/span><\/h2>\n\n\n\n<p><span style=\"font-family: Open Sans, sans-serif;\"><span lang=\"es-ES\">En virtud de la normativa de protecci\u00f3n de datos de car\u00e1cter personal, <\/span><\/span><span style=\"font-family: Open Sans, sans-serif;\"><span lang=\"es-ES\">le<\/span><\/span><span style=\"font-family: Open Sans, sans-serif;\"><span lang=\"es-ES\"> informamos que <\/span><\/span><span style=\"font-family: Open Sans, sans-serif;\"><span lang=\"es-ES\">sus<\/span><\/span><span style=\"font-family: Open Sans, sans-serif;\"><span lang=\"es-ES\"> datos ser\u00e1n tratados bajo la responsabilidad de HANDYCAT IDP SL con CIF B43490044, inscrita en el Registro Mercantil de Tarragona, tomo 1277, folio 87, hoja T14420, inscripci\u00f3n <\/span><\/span><span style=\"font-family: Open Sans, sans-serif;\"><span lang=\"es-ES\">1<\/span><\/span><span style=\"font-family: Open Sans, sans-serif;\"><span lang=\"es-ES\">\u00aa<\/span><\/span><span style=\"font-family: Open Sans, sans-serif;\"><span lang=\"es-ES\">. <\/span><\/span><span style=\"font-family: Open Sans, sans-serif;\"><span lang=\"es-ES\">La finalidad del tratamiento es la de poder mantener la relaci\u00f3n negocial e informarl<\/span><\/span><span style=\"font-family: Open Sans, sans-serif;\"><span lang=\"es-ES\">e<\/span><\/span><span style=\"font-family: Open Sans, sans-serif;\"><span lang=\"es-ES\"> de nuestros servicios. Estos datos no se transmitir\u00e1n a terceras personas y se conservar\u00e1n siempre que sea imprescindible o leg\u00edtimo <\/span><\/span><span style=\"font-family: Open Sans, sans-serif;\"><span lang=\"es-ES\">para<\/span><\/span><span style=\"font-family: Open Sans, sans-serif;\"><span lang=\"es-ES\"> la finalidad que se captaron. Si <\/span><\/span><span style=\"font-family: Open Sans, sans-serif;\"><span lang=\"es-ES\">quiere<\/span><\/span><span style=\"font-family: Open Sans, sans-serif;\"><span lang=\"es-ES\"> disponer de m\u00e1s informaci\u00f3n consult<\/span><\/span><span style=\"font-family: Open Sans, sans-serif;\"><span lang=\"es-ES\">e<\/span><\/span><span style=\"font-family: Open Sans, sans-serif;\"><span lang=\"es-ES\"> <a href=\"https:\/\/handycat.com\/es\/politica-de-privacidad\/\">https:\/\/handycat.com\/es\/politica-de-privacidad\/<\/a><\/span><\/span><\/p>\n\n\n\n<p><strong><span style=\"font-family: Open Sans Semibold, sans-serif;\">Baja de la lista de correo<\/span><\/strong><\/p>\n\n\n\n<p>Si no desea seguir recibiendo informaci\u00f3n sobre nuestros servicios, puede darse de baja solicit\u00e1ndolo por mail a la siguiente direcci\u00f3n de correo electr\u00f3nico: hola[arroba]handycat[punto]com<\/p>\n\n\n\n<p><strong><span style=\"font-family: Open Sans Semibold, sans-serif;\">Aviso sobre la confidencialidad de las comunicaciones<\/span><\/strong><\/p>\n\n\n\n<p>El contenido de este correo electr\u00f3nico y de sus anexos es estrictamente confidencial. En caso que usted no sea el destinatario y haya recibido este mensaje por equivocaci\u00f3n, le agradeceremos que lo comunique al remitente, sin difundir, almacenar o copiar su contenido.<\/p>\n\n<\/div><\/div><\/div>\n<\/div>\n<\/div><\/div>\n<p><\/p>\n","protected":false},"excerpt":{"rendered":"","protected":false},"author":2,"featured_media":0,"parent":0,"menu_order":0,"comment_status":"closed","ping_status":"closed","template":"","meta":{"footnotes":""},"class_list":{"0":"post-21643","1":"page","2":"type-page","3":"status-publish","5":"infinite-scroll-item"},"_links":{"self":[{"href":"https:\/\/www.handycat.com\/es\/wp-json\/wp\/v2\/pages\/21643","targetHints":{"allow":["GET"]}}],"collection":[{"href":"https:\/\/www.handycat.com\/es\/wp-json\/wp\/v2\/pages"}],"about":[{"href":"https:\/\/www.handycat.com\/es\/wp-json\/wp\/v2\/types\/page"}],"author":[{"embeddable":true,"href":"https:\/\/www.handycat.com\/es\/wp-json\/wp\/v2\/users\/2"}],"replies":[{"embeddable":true,"href":"https:\/\/www.handycat.com\/es\/wp-json\/wp\/v2\/comments?post=21643"}],"version-history":[{"count":1,"href":"https:\/\/www.handycat.com\/es\/wp-json\/wp\/v2\/pages\/21643\/revisions"}],"predecessor-version":[{"id":21644,"href":"https:\/\/www.handycat.com\/es\/wp-json\/wp\/v2\/pages\/21643\/revisions\/21644"}],"wp:attachment":[{"href":"https:\/\/www.handycat.com\/es\/wp-json\/wp\/v2\/media?parent=21643"}],"curies":[{"name":"wp","href":"https:\/\/api.w.org\/{rel}","templated":true}]}}