{"id":21738,"date":"2022-10-06T11:37:40","date_gmt":"2022-10-06T09:37:40","guid":{"rendered":"https:\/\/handycat.com\/optima-tu-espacio-de-estimulacion-sensorial-movil\/"},"modified":"2023-09-19T10:44:41","modified_gmt":"2023-09-19T08:44:41","slug":"optima-tu-espacio-de-estimulacion-sensorial-movil","status":"publish","type":"page","link":"https:\/\/www.handycat.com\/es\/optima-tu-espacio-de-estimulacion-sensorial-movil\/","title":{"rendered":"Optima &#8211; Tu espacio de estimulaci\u00f3n sensorial m\u00f3vil"},"content":{"rendered":"<div class=\"gb-container gb-container-5eebba81\"><div class=\"gb-inside-container\">\n\n<h2 class=\"gb-headline gb-headline-22a59134\"><span class=\"gb-icon\"><svg aria-hidden=\"true\" role=\"img\" height=\"1em\" width=\"1em\" viewBox=\"0 0 256 512\" xmlns=\"http:\/\/www.w3.org\/2000\/svg\"><path fill=\"currentColor\" d=\"M224.3 273l-136 136c-9.4 9.4-24.6 9.4-33.9 0l-22.6-22.6c-9.4-9.4-9.4-24.6 0-33.9l96.4-96.4-96.4-96.4c-9.4-9.4-9.4-24.6 0-33.9L54.3 103c9.4-9.4 24.6-9.4 33.9 0l136 136c9.5 9.4 9.5 24.6.1 34z\"><\/path><\/svg><\/span><span class=\"gb-headline-text\">Hemos dise\u00f1ado OPTIMA para utilizarlo en cualquier espacio de un edificio. Es la mejor soluci\u00f3n en movilidad a la hora de ofrecer estimulaci\u00f3n multisensorial. Solo hay que llevarlo al sitio que queramos, frenar las ruedas, enchufarlo a una \u00fanica toma de corriente y ya lo tendremos listo. \u00a1As\u00ed de f\u00e1cil!<\/span><\/h2>\r\n\n<\/div><\/div><div class=\"gb-container gb-container-4f8ad6c8\"><div class=\"gb-inside-container\">\n<div class=\"gb-grid-wrapper gb-grid-wrapper-83dcbbba\">\n<div class=\"gb-grid-column gb-grid-column-ee817acd\"><div class=\"gb-container gb-container-ee817acd\"><div class=\"gb-inside-container\">\n\n<figure class=\"wp-block-image size-large\"><img loading=\"lazy\" decoding=\"async\" width=\"768\" height=\"1024\" src=\"https:\/\/handycat.com\/wp-content\/uploads\/2022\/10\/OptimaBasic-2-768x1024.jpg\" alt=\"\" class=\"wp-image-21730\" srcset=\"https:\/\/www.handycat.com\/wp-content\/uploads\/2022\/10\/OptimaBasic-2-768x1024.jpg 768w, https:\/\/www.handycat.com\/wp-content\/uploads\/2022\/10\/OptimaBasic-2-225x300.jpg 225w, https:\/\/www.handycat.com\/wp-content\/uploads\/2022\/10\/OptimaBasic-2.jpg 1024w\" sizes=\"auto, (max-width: 768px) 100vw, 768px\" \/><\/figure>\n\n<\/div><\/div><\/div>\n\n<div class=\"gb-grid-column gb-grid-column-a193db5f\"><div class=\"gb-container gb-container-a193db5f\"><div class=\"gb-inside-container\">\n\n<p class=\"has-text-align-left has-medium-font-size\">OPTIMA es una unidad aut\u00f3noma de arriba a abajo. Tiene ruedas para desplazarlo sin dificultad, todo su contenido lo hemos creado para conectar y utilizar, no queremos restar ning\u00fan minuto de vuestra atenci\u00f3n al usuario.<\/p>\n\n\n\n<p class=\"has-text-align-left has-medium-font-size\">El equipo de sonido se conectar\u00e1 f\u00e1cilmente en vuestro smartphone o tablet para reproducir la m\u00fasica deseada. Y cuando acab\u00e9is la sesi\u00f3n, s\u00f3lo habr\u00e1 que desconectar un \u00fanico enchufe y desplazar el equipo a un lado.<\/p>\n\n\n\n<p class=\"has-medium-font-size\">Hemos preparado dos configuraciones, una muy completa y otra m\u00e1s b\u00e1sica. Puede que cualquiera de las dos se adapte a lo que necesit\u00e9is. Lo mejor de todo es que, si lo dese\u00e1is, pod\u00e9is configurar vuestra unidad OPTIMA a medida: elegid el equipo que quer\u00e9is incluir y os haremos el presupuesto. Para vuestra tranquilidad, cualquier configuraci\u00f3n elegida podr\u00e1 ampliarse o actualizarse en el futuro.<\/p>\n\n<\/div><\/div><\/div>\n<\/div>\n<\/div><\/div><div class=\"gb-container gb-container-7ac16afd\"><div class=\"gb-inside-container\">\n<div class=\"gb-grid-wrapper gb-grid-wrapper-37591898\">\n<div class=\"gb-grid-column gb-grid-column-62d7f670\"><div class=\"gb-container gb-container-62d7f670\"><div class=\"gb-inside-container\">\n\n<h3>Equipo multisensorial m\u00f3vil Optima BASIC<\/h3>\n\n\n\n<h4>La configuraci\u00f3n b\u00e1sica para ofrecer estimulaci\u00f3n sensorial, pero no renuncia a ser ampliada cuando se quiera<\/h4>\n\n\n\n<p>Optima BASIC incluye:<\/p>\n\n\n\n<ul class=\"wp-block-list\">\n<li>un mueble robusto de madera, con compartimentos ubicados estrat\u00e9gicamante<\/li>\n\n\n\n<li>cuatro ruedas con frenos<\/li>\n\n\n\n<li>multiconexionado el\u00e9ctrico interior con s\u00f3lo un enchufe exterior<\/li>\n\n\n\n<li>un equipo de sonido Denon\u00ae Convoy (con altavoces y conexiones para micr\u00f3fono, USB y bluetooth)<\/li>\n\n\n\n<li>un difusor de aromas y un frasco de 50ml de aceite esencial<\/li>\n\n\n\n<li>un proyector Aura, con un disco de efectos l\u00edquido y otro serigrafiado<\/li>\n\n\n\n<li>una columna cicl\u00f3nica (sin agua y con efecto comparable a la columna de burbujas)<\/li>\n\n\n\n<li>un luz negra LED y un conjunto de objectos reactivos a la UV<\/li>\n\n\n\n<li>un conjunto de manoplas t\u00e1ctiles<\/li>\n<\/ul>\n\n\n\n<blockquote class=\"wp-block-quote has-text-color is-layout-flow wp-block-quote-is-layout-flow\" style=\"color:#f69a11;font-style:normal;font-weight:500\">\n<p><em>Es suficientemente vers\u00e1til para utilizarlo como \u00abtodo en uno\u00bb en cualquier habitaci\u00f3n que sea a la hora que sea. Pasa bien por cualquier puerta, gira f\u00e1cilmente y la calidad de las ruedas permite conducirlo sin esfuerzo.<\/em><\/p>\n<\/blockquote>\n\n<\/div><\/div><\/div>\n\n<div class=\"gb-grid-column gb-grid-column-ec961167\"><div class=\"gb-container gb-container-ec961167\"><div class=\"gb-inside-container\">\n\n<h3>Equipo multisensorial m\u00f3vil Optima MAX<\/h3>\n\n\n\n<h4>Si no quer\u00e9is renunciar a nada, \u00e9sta es vuestra configuraci\u00f3n. Aunque es un equipo muy completo, podr\u00e1 ampliarse si lo consider\u00e1is oportuno<\/h4>\n\n\n\n<div class=\"wp-block-group is-vertical is-layout-flex wp-container-core-group-is-layout-8cf370e7 wp-block-group-is-layout-flex\">\n<p>Optima MAX incluye<\/p>\n\n\n\n<ul class=\"wp-block-list\">\n<li>un mueble robusto de madera, con espejos articulados y puerta posterior con llave<\/li>\n\n\n\n<li>cuatro ruedas con frenos<\/li>\n\n\n\n<li>multiconexionado el\u00e9ctrico interior con s\u00f3lo un enchufe exterior<\/li>\n\n\n\n<li>equipo de sonido Bose\u00ae S1 Pro (con altavoces y connexiones para jack 3.5mm y bluetooth)<\/li>\n\n\n\n<li>un difusor de aromas y un frasco de 50ml de aceite esencial<\/li>\n\n\n\n<li>un proyector de estrellas<\/li>\n\n\n\n<li>un haz de fibras \u00f3pticas (sensibles tambi\u00e9n a la luz negra) con una fuente interactiva<\/li>\n\n\n\n<li>un proyector Solar 100LED, con rotor de velocidad variable, un disco de efectos l\u00edquido y otro serigrafiado<\/li>\n\n\n\n<li>columna cicl\u00f3nica (sin agua, efecto comparable a las columnas de burbujas)<\/li>\n\n\n\n<li>dos receptores sin cable para controlar la columna y als fibras \u00f3pticas a nivel de usuario desde un iPad\u00ae<\/li>\n\n\n\n<li>una luz negra LED y objetos que reaccionan a la UV<\/li>\n\n\n\n<li>un conjunto de discos t\u00e1ctiles<\/li>\n\n\n\n<li>un mando a distancia y cuatro receptores On \/ Off para los dispositivos el\u00e9ctricos<\/li>\n<\/ul>\n<\/div>\n\n<\/div><\/div><\/div>\n<\/div>\n<\/div><\/div><div class=\"gb-container gb-container-9cc741a9\"><div class=\"gb-inside-container\">\n<div class=\"gb-grid-wrapper gb-grid-wrapper-a150c343\">\n<div class=\"gb-grid-column gb-grid-column-a88e1381\"><div class=\"gb-container gb-container-a88e1381\"><div class=\"gb-inside-container\">\n<div class=\"gb-button-wrapper gb-button-wrapper-c7ff3c97\">\n\n<a class=\"gb-button gb-button-83cde1f1 gb-button-text\" href=\"https:\/\/handycat.com\/es\/contacto\/\"><strong>Quer\u00e9is vuestro OPTIMA? &gt; Pide presupuesto<\/strong><\/a>\n\n<\/div>\n<\/div><\/div><\/div>\n\n<div class=\"gb-grid-column gb-grid-column-766b629e\"><div class=\"gb-container gb-container-766b629e\"><div class=\"gb-inside-container\">\n<div class=\"gb-button-wrapper gb-button-wrapper-b4535013\">\n\n<a class=\"gb-button gb-button-f6367200 gb-button-text\" href=\"https:\/\/shop.handycat.com\/es\/catalog\/categoria\/equipo-multisensorial-movil\">>  <strong>Consultad Optima en la Tienda Online<\/strong><\/a>\r\n\n<\/div>\n<\/div><\/div><\/div>\n<\/div>\n<\/div><\/div>","protected":false},"excerpt":{"rendered":"<p>Hemos dise\u00f1ado OPTIMA para utilizarlo en cualquier espacio de un edificio. Es la mejor soluci\u00f3n en movilidad a la hora de ofrecer estimulaci\u00f3n multisensorial. Solo hay que llevarlo al sitio que queramos, frenar las ruedas, enchufarlo a una \u00fanica toma de corriente y ya lo tendremos listo. \u00a1As\u00ed de f\u00e1cil!<\/p>\n","protected":false},"author":2,"featured_media":0,"parent":0,"menu_order":0,"comment_status":"closed","ping_status":"closed","template":"","meta":{"footnotes":""},"class_list":{"0":"post-21738","1":"page","2":"type-page","3":"status-publish","5":"infinite-scroll-item"},"_links":{"self":[{"href":"https:\/\/www.handycat.com\/es\/wp-json\/wp\/v2\/pages\/21738","targetHints":{"allow":["GET"]}}],"collection":[{"href":"https:\/\/www.handycat.com\/es\/wp-json\/wp\/v2\/pages"}],"about":[{"href":"https:\/\/www.handycat.com\/es\/wp-json\/wp\/v2\/types\/page"}],"author":[{"embeddable":true,"href":"https:\/\/www.handycat.com\/es\/wp-json\/wp\/v2\/users\/2"}],"replies":[{"embeddable":true,"href":"https:\/\/www.handycat.com\/es\/wp-json\/wp\/v2\/comments?post=21738"}],"version-history":[{"count":8,"href":"https:\/\/www.handycat.com\/es\/wp-json\/wp\/v2\/pages\/21738\/revisions"}],"predecessor-version":[{"id":22439,"href":"https:\/\/www.handycat.com\/es\/wp-json\/wp\/v2\/pages\/21738\/revisions\/22439"}],"wp:attachment":[{"href":"https:\/\/www.handycat.com\/es\/wp-json\/wp\/v2\/media?parent=21738"}],"curies":[{"name":"wp","href":"https:\/\/api.w.org\/{rel}","templated":true}]}}