{"id":21919,"date":"2022-11-04T11:43:50","date_gmt":"2022-11-04T09:43:50","guid":{"rendered":"https:\/\/handycat.com\/proyeccion-sensorial-interactiva-omi-install\/"},"modified":"2025-08-19T11:40:40","modified_gmt":"2025-08-19T09:40:40","slug":"proyeccion-sensorial-interactiva-omi-install","status":"publish","type":"page","link":"https:\/\/www.handycat.com\/es\/proyeccion-sensorial-interactiva-omi-install\/","title":{"rendered":"Proyecci\u00f3n sensorial interactiva OMi Install"},"content":{"rendered":"<div class=\"gb-container gb-container-bcb791d9\"><div class=\"gb-inside-container\">\n<div class=\"gb-grid-wrapper gb-grid-wrapper-344c4414\">\n<div class=\"gb-grid-column gb-grid-column-e12d590c\"><div class=\"gb-container gb-container-e12d590c\"><div class=\"gb-inside-container\">\n\n<figure class=\"gb-block-image gb-block-image-f669725b\"><img loading=\"lazy\" decoding=\"async\" width=\"2184\" height=\"1567\" class=\"gb-image gb-image-f669725b\" src=\"https:\/\/www.handycat.com\/wp-content\/uploads\/2022\/11\/Vista-install-no-background1.png\" alt=\"\" title=\"Vista-install-no-background1\" srcset=\"https:\/\/www.handycat.com\/wp-content\/uploads\/2022\/11\/Vista-install-no-background1.png 2184w, https:\/\/www.handycat.com\/wp-content\/uploads\/2022\/11\/Vista-install-no-background1-300x215.png 300w, https:\/\/www.handycat.com\/wp-content\/uploads\/2022\/11\/Vista-install-no-background1-1024x735.png 1024w, https:\/\/www.handycat.com\/wp-content\/uploads\/2022\/11\/Vista-install-no-background1-768x551.png 768w, https:\/\/www.handycat.com\/wp-content\/uploads\/2022\/11\/Vista-install-no-background1-1536x1102.png 1536w, https:\/\/www.handycat.com\/wp-content\/uploads\/2022\/11\/Vista-install-no-background1-2048x1469.png 2048w\" sizes=\"auto, (max-width: 2184px) 100vw, 2184px\" \/><\/figure><br>\n\n<\/div><\/div><\/div>\n\n<div class=\"gb-grid-column gb-grid-column-6a8ccd98\"><div class=\"gb-container gb-container-6a8ccd98\"><div class=\"gb-inside-container\">\n\n<h2 class=\"gb-headline gb-headline-802950c0\"><span class=\"gb-icon\"><svg aria-hidden=\"true\" role=\"img\" height=\"1em\" width=\"1em\" viewBox=\"0 0 256 512\" xmlns=\"http:\/\/www.w3.org\/2000\/svg\"><path fill=\"currentColor\" d=\"M224.3 273l-136 136c-9.4 9.4-24.6 9.4-33.9 0l-22.6-22.6c-9.4-9.4-9.4-24.6 0-33.9l96.4-96.4-96.4-96.4c-9.4-9.4-9.4-24.6 0-33.9L54.3 103c9.4-9.4 24.6-9.4 33.9 0l136 136c9.5 9.4 9.5 24.6.1 34z\"><\/path><\/svg><\/span><span class=\"gb-headline-text\">Sistema de proyecci\u00f3n interactiva sobre cualquier superficie horizontal instalado en el techo<\/span><\/h2><br>\n\n\n\n<p>Convierte un espacio de una sala en una superficie interactiva. Permite proyectar sobre el suelo o la mesa; la medida de proyecci\u00f3n se ajusta autom\u00e1ticamente.<\/p>\n\n\n\n<h2 class=\"gb-headline gb-headline-e49f5205\"><span class=\"gb-icon\"><svg aria-hidden=\"true\" role=\"img\" height=\"1em\" width=\"1em\" viewBox=\"0 0 256 512\" xmlns=\"http:\/\/www.w3.org\/2000\/svg\"><path fill=\"currentColor\" d=\"M224.3 273l-136 136c-9.4 9.4-24.6 9.4-33.9 0l-22.6-22.6c-9.4-9.4-9.4-24.6 0-33.9l96.4-96.4-96.4-96.4c-9.4-9.4-9.4-24.6 0-33.9L54.3 103c9.4-9.4 24.6-9.4 33.9 0l136 136c9.5 9.4 9.5 24.6.1 34z\"><\/path><\/svg><\/span><span class=\"gb-headline-text\">Suite de contenidos interactivos adaptados y personalizables<\/span><\/h2><br>\n\n\n\n<p>Diferentes efectos y aplicaciones para trabajar la activaci\u00f3n del movimiento, la estimulaci\u00f3n cognitiva, la coordinaci\u00f3n y los reflejos, la comunicaci\u00f3n y la reminiscencia.<\/p>\n\n\n\n<p>M\u00e1s de 200 aplicaciones instalables y ampliables al infinito con la versi\u00f3n editable.<\/p>\n\n<\/div><\/div><\/div>\n<\/div>\n<\/div><\/div><div class=\"gb-container gb-container-32bd4fc3\"><div class=\"gb-inside-container\">\n<div class=\"gb-grid-wrapper gb-grid-wrapper-84d1b6b0\">\n<div class=\"gb-grid-column gb-grid-column-ef38dc5a\"><div class=\"gb-container gb-container-ef38dc5a\"><div class=\"gb-inside-container\">\n\n<h3 class=\"gb-headline gb-headline-847cd9db\"><span class=\"gb-icon\"><svg aria-hidden=\"true\" role=\"img\" height=\"1em\" width=\"1em\" viewBox=\"0 0 256 512\" xmlns=\"http:\/\/www.w3.org\/2000\/svg\"><path fill=\"currentColor\" d=\"M224.3 273l-136 136c-9.4 9.4-24.6 9.4-33.9 0l-22.6-22.6c-9.4-9.4-9.4-24.6 0-33.9l96.4-96.4-96.4-96.4c-9.4-9.4-9.4-24.6 0-33.9L54.3 103c9.4-9.4 24.6-9.4 33.9 0l136 136c9.5 9.4 9.5 24.6.1 34z\"><\/path><\/svg><\/span><span class=\"gb-headline-text\">Sistema<\/span><\/h3><br>\n\n\n\n<p><strong>Dimensiones de la proyecci\u00f3n<\/strong><\/p>\n\n\n\n<p>La medida \u00f3ptima sobre el suelo es de 2m a 3m de ancho, sobre la mesa, de 1m a 1,6m. la proyecci\u00f3n se ajusta autom\u00e1ticamente cuando colocamos una mesa debajo.<\/p>\n\n\n\n<p><strong>\u00bfNecesitamos oscuridad?<\/strong><\/p>\n\n\n\n<p>No es necesario estar a oscuras para disfrutar de la proyecci\u00f3n sensorial interactiva.<\/p>\n\n\n\n<p><strong>\u00bfQu\u00e9 instalaci\u00f3n se necesita?<\/strong><\/p>\n\n\n\n<p>Es un sistema fijo que requiere instalaci\u00f3n. Puede ir colocado en el falso techo o mediante ancorajes.<\/p>\n\n\n\n<p><strong>\u00bfPodemos utilizarlo en cualquier lugar?<\/strong><\/p>\n\n\n\n<p>Si, se puede utilizar en cualquier sala, habitaci\u00f3n o hasta en el pasillo. Una vez fijo, de all\u00ed no se mover\u00e1.<\/p>\n\n<\/div><\/div><\/div>\n\n<div class=\"gb-grid-column gb-grid-column-a41736fe\"><div class=\"gb-container gb-container-a41736fe\"><div class=\"gb-inside-container\">\n\n<h3 class=\"gb-headline gb-headline-7bb2a750\"><span class=\"gb-icon\"><svg aria-hidden=\"true\" role=\"img\" height=\"1em\" width=\"1em\" viewBox=\"0 0 256 512\" xmlns=\"http:\/\/www.w3.org\/2000\/svg\"><path fill=\"currentColor\" d=\"M224.3 273l-136 136c-9.4 9.4-24.6 9.4-33.9 0l-22.6-22.6c-9.4-9.4-9.4-24.6 0-33.9l96.4-96.4-96.4-96.4c-9.4-9.4-9.4-24.6 0-33.9L54.3 103c9.4-9.4 24.6-9.4 33.9 0l136 136c9.5 9.4 9.5 24.6.1 34z\"><\/path><\/svg><\/span><span class=\"gb-headline-text\">Funcionamiento<\/span><\/h3><br>\n\n\n\n<p>\u00bfA qui\u00e9n van dirigidas estas proyecciones?<\/p>\n\n\n\n<p>A todos sin excepci\u00f3n, Cada aplicaci\u00f3n se ajusta seg\u00fan las capacidades de cada persona o de los objetivos terap\u00e9uticos que queramos conseguir.<\/p>\n\n\n\n<p><strong>\u00bfDetecta m\u00e1s de una persona a la vez?<\/strong><\/p>\n\n\n\n<p>Si, cada persona que interactue con el proyector obtendr\u00e1 su respuesta, se encuentre en un lado o en otro de la proyecci\u00f3n. La proyecci\u00f3n sensorial es altamente sensible y se puede trabajar en grupo o individualmente.<\/p>\n\n\n\n<p><strong>\u00bfQu\u00e9 papel tiene el terapeuta?<\/strong><\/p>\n\n\n\n<p>El\/la terapeuta deber\u00e1 preparar las sesiones con las aplicaciones que utilizar\u00e1 de acuerdo con los objetivos terap\u00e9uticos de la persona o del grupo.<\/p>\n\n<\/div><\/div><\/div>\n\n<div class=\"gb-grid-column gb-grid-column-ee171f61\"><div class=\"gb-container gb-container-ee171f61\"><div class=\"gb-inside-container\">\n\n<h3 class=\"gb-headline gb-headline-18716c33\"><span class=\"gb-icon\"><svg aria-hidden=\"true\" role=\"img\" height=\"1em\" width=\"1em\" viewBox=\"0 0 256 512\" xmlns=\"http:\/\/www.w3.org\/2000\/svg\"><path fill=\"currentColor\" d=\"M224.3 273l-136 136c-9.4 9.4-24.6 9.4-33.9 0l-22.6-22.6c-9.4-9.4-9.4-24.6 0-33.9l96.4-96.4-96.4-96.4c-9.4-9.4-9.4-24.6 0-33.9L54.3 103c9.4-9.4 24.6-9.4 33.9 0l136 136c9.5 9.4 9.5 24.6.1 34z\"><\/path><\/svg><\/span><span class=\"gb-headline-text\">Contenido<\/span><\/h3><br>\n\n\n\n<p><strong>\u00bfCu\u00e1ntas aplicaciones tiene?<\/strong><\/p>\n\n\n\n<p>El proyector interactivo OMi Install viene preconfigurado con 200 aplicaciones de inicio. Estas aplicaciones se agrupan en diferentes efectos: dispersar, explotar, descubrir, zonas, agua y cuestionarios.<\/p>\n\n\n\n<p>La versi\u00f3n editable permite crear y editar las aplicaciones desde el mismo proyector y utilizar fotograf\u00edas, v\u00eddeos y m\u00fasica propios para hacerlo realmente centrado en la persona, centro o instituci\u00f3n.<\/p>\n\n\n\n<p>En ning\u00fan caso se necesita suscripci\u00f3n, la versi\u00f3n estandar ya incorpora las aplicaciones y con la versi\u00f3n editable, la creaci\u00f3n de nuevas aplicaciones es infinita.<\/p>\n\n\n\n<p><strong>\u00bfPara qu\u00e9 edades es el contenido?<\/strong><\/p>\n\n\n\n<p>El contenido de las aplicaciones es intergeneracional, para todas las edades.<\/p>\n\n\n\n<p>Cualquier persona de cualquier edad y capacidad lo encontrar\u00e1 interesante y disfrutar\u00e1. En este <a href=\"https:\/\/www.youtube.com\/watch?v=YV-ykmTNiiw\">v\u00eddeo<\/a> hay ejemplos de aplicaciones.<\/p>\n\n<\/div><\/div><\/div>\n<\/div>\n<\/div><\/div><div class=\"gb-container gb-container-745d299f\"><div class=\"gb-inside-container\">\n<div class=\"gb-grid-wrapper gb-grid-wrapper-96db1e6f rounded-corners\">\n<div class=\"gb-grid-column gb-grid-column-8678c9b3\"><div class=\"gb-container gb-container-8678c9b3 rounded-corners \"><div class=\"gb-inside-container\">\n\n<figure class=\"gb-block-image gb-block-image-972ab5dd\"><img loading=\"lazy\" decoding=\"async\" width=\"640\" height=\"427\" class=\"gb-image gb-image-972ab5dd\" src=\"https:\/\/www.handycat.com\/wp-content\/uploads\/2022\/11\/omi-install-nen-dofins.jpg\" alt=\"\" title=\"omi-install-ni\u00f1o-delfines\" srcset=\"https:\/\/www.handycat.com\/wp-content\/uploads\/2022\/11\/omi-install-nen-dofins.jpg 640w, https:\/\/www.handycat.com\/wp-content\/uploads\/2022\/11\/omi-install-nen-dofins-300x200.jpg 300w\" sizes=\"auto, (max-width: 640px) 100vw, 640px\" \/><\/figure><br>\n\n<\/div><\/div><\/div>\n\n<div class=\"gb-grid-column gb-grid-column-83d4526e\"><div class=\"gb-container gb-container-83d4526e\"><div class=\"gb-inside-container\">\n\n<figure class=\"gb-block-image gb-block-image-ac07b8a3\"><img loading=\"lazy\" decoding=\"async\" width=\"640\" height=\"480\" class=\"gb-image gb-image-ac07b8a3\" src=\"https:\/\/www.handycat.com\/wp-content\/uploads\/2022\/11\/omi-install-plomes-noies.jpg\" alt=\"\" title=\"omi-install-plumas-chicas\" srcset=\"https:\/\/www.handycat.com\/wp-content\/uploads\/2022\/11\/omi-install-plomes-noies.jpg 640w, https:\/\/www.handycat.com\/wp-content\/uploads\/2022\/11\/omi-install-plomes-noies-300x225.jpg 300w\" sizes=\"auto, (max-width: 640px) 100vw, 640px\" \/><\/figure><br>\n\n<\/div><\/div><\/div>\n\n<div class=\"gb-grid-column gb-grid-column-0400c2db\"><div class=\"gb-container gb-container-0400c2db\"><div class=\"gb-inside-container\">\n\n<figure class=\"gb-block-image gb-block-image-426d9de2\"><img decoding=\"async\" class=\"gb-image gb-image-426d9de2\" src=\"https:\/\/handycat.com\/wp-content\/uploads\/2022\/11\/omi-install-adultos.jpg\" alt=\"\" title=\"omi-install-adults\"\/><\/figure><br>\n\n<\/div><\/div><\/div>\n\n<div class=\"gb-grid-column gb-grid-column-d473de1b\"><div class=\"gb-container gb-container-d473de1b\"><div class=\"gb-inside-container\">\n\n<figure class=\"gb-block-image gb-block-image-75eb947c\"><img loading=\"lazy\" decoding=\"async\" width=\"649\" height=\"430\" class=\"gb-image gb-image-75eb947c\" src=\"https:\/\/www.handycat.com\/wp-content\/uploads\/2022\/11\/omi-install-nens.jpg\" alt=\"\" title=\"omi-install-ni\u00f1os\" srcset=\"https:\/\/www.handycat.com\/wp-content\/uploads\/2022\/11\/omi-install-nens.jpg 649w, https:\/\/www.handycat.com\/wp-content\/uploads\/2022\/11\/omi-install-nens-300x199.jpg 300w\" sizes=\"auto, (max-width: 649px) 100vw, 649px\" \/><\/figure><br>\n\n<\/div><\/div><\/div>\n<\/div>\n\n<div class=\"gb-container gb-container-2d51149e\"><div class=\"gb-inside-container\">\n<div class=\"gb-grid-wrapper gb-grid-wrapper-b3391f89\">\n<div class=\"gb-grid-column gb-grid-column-17974092\"><div class=\"gb-container gb-container-17974092\"><div class=\"gb-inside-container\">\n\n<h3 class=\"gb-headline gb-headline-0a4cdbee\"><span class=\"gb-icon\"><svg aria-hidden=\"true\" role=\"img\" height=\"1em\" width=\"1em\" viewBox=\"0 0 256 512\" xmlns=\"http:\/\/www.w3.org\/2000\/svg\"><path fill=\"currentColor\" d=\"M224.3 273l-136 136c-9.4 9.4-24.6 9.4-33.9 0l-22.6-22.6c-9.4-9.4-9.4-24.6 0-33.9l96.4-96.4-96.4-96.4c-9.4-9.4-9.4-24.6 0-33.9L54.3 103c9.4-9.4 24.6-9.4 33.9 0l136 136c9.5 9.4 9.5 24.6.1 34z\"><\/path><\/svg><\/span><span class=\"gb-headline-text\">Formaci\u00f3n<\/span><\/h3><br>\n\n\n\n<p><strong>\u00bfSe necesita formaci\u00f3n?<\/strong><\/p>\n\n\n\n<p>En el presupuesto del proyector se incluye una formaci\u00f3n de 2h correspondiente al uso del proyector, como variar la dificultad en las aplicaciones, creaci\u00f3n de carpetas y funcionamiento general.<\/p>\n\n\n\n<p><strong>\u00bfEs obligatoria la formaci\u00f3n de edici\u00f3n de aplicaciones?<\/strong><\/p>\n\n\n\n<p>No es obligatoria pero si recomendable aunque para la compra del proyector interactivo editable se incluye un manual muy bien explicado. La formaci\u00f3n de edici\u00f3n de aplicaciones tiene  una duraci\u00f3n de 6h y se trata de manera pr\u00e1ctica c\u00f3mo crear cada tipo de aplicaci\u00f3n.<\/p>\n\n<\/div><\/div><\/div>\n\n<div class=\"gb-grid-column gb-grid-column-cd957cb1\"><div class=\"gb-container gb-container-cd957cb1\"><div class=\"gb-inside-container\">\n\n<h3 class=\"gb-headline gb-headline-39f83220\"><span class=\"gb-icon\"><svg aria-hidden=\"true\" role=\"img\" height=\"1em\" width=\"1em\" viewBox=\"0 0 256 512\" xmlns=\"http:\/\/www.w3.org\/2000\/svg\"><path fill=\"currentColor\" d=\"M224.3 273l-136 136c-9.4 9.4-24.6 9.4-33.9 0l-22.6-22.6c-9.4-9.4-9.4-24.6 0-33.9l96.4-96.4-96.4-96.4c-9.4-9.4-9.4-24.6 0-33.9L54.3 103c9.4-9.4 24.6-9.4 33.9 0l136 136c9.5 9.4 9.5 24.6.1 34z\"><\/path><\/svg><\/span><span class=\"gb-headline-text\">Servicios<\/span><\/h3><br>\n\n\n\n<p><strong>\u00bfHay soporte para resolver incidencias o aclarar dudas?<\/strong><\/p>\n\n\n\n<p>Si, durante nuestro horario de oficina podremos resolver cualquier duda o incidencia que teng\u00e1is.<\/p>\n\n\n\n<p><strong>\u00bfCre\u00e1is nuevas aplicaciones?<\/strong><\/p>\n\n\n\n<p>Si, desde Handycat, peri\u00f3dicamente creamos nuevas aplicaciones para las proyecciones interactivas que, seg\u00fan la naturaleza, podr\u00e1m ser gratuitas o tener alg\u00fan coste.<\/p>\n\n<\/div><\/div><\/div>\n\n<div class=\"gb-grid-column gb-grid-column-f4ae0865\"><div class=\"gb-container gb-container-f4ae0865\"><div class=\"gb-inside-container\">\n\n<h3 class=\"gb-headline gb-headline-587c585b\"><span class=\"gb-icon\"><svg aria-hidden=\"true\" role=\"img\" height=\"1em\" width=\"1em\" viewBox=\"0 0 256 512\" xmlns=\"http:\/\/www.w3.org\/2000\/svg\"><path fill=\"currentColor\" d=\"M224.3 273l-136 136c-9.4 9.4-24.6 9.4-33.9 0l-22.6-22.6c-9.4-9.4-9.4-24.6 0-33.9l96.4-96.4-96.4-96.4c-9.4-9.4-9.4-24.6 0-33.9L54.3 103c9.4-9.4 24.6-9.4 33.9 0l136 136c9.5 9.4 9.5 24.6.1 34z\"><\/path><\/svg><\/span><span class=\"gb-headline-text\">Compra<\/span><\/h3><br>\n\n\n\n<p><strong>\u00bfQu\u00e9 versiones hay?<\/strong><\/p>\n\n\n\n<p>Hay la versi\u00f3n editable y la no editable. La versi\u00f3n no editable se puede convertir en editable cuando convenga con una actualizaci\u00f3n del software.<\/p>\n\n\n\n<p>\u00bfCu\u00e1ndo recibiremos el proyector?<\/p>\n\n\n\n<p>Una vez formalizado el pedido, en un per\u00edodo de 1 mes podr\u00e9is disfrutar de vuestro proyector sensorial interactivo.<\/p>\n\n\n\n<p>Programaremos la instalaci\u00f3n en vuestro centro y os explicaremos el funcionamiento b\u00e1sico, \u00a1listo para utilizar!<\/p>\n\n<\/div><\/div><\/div>\n<\/div>\n<\/div><\/div>\n\n<div class=\"gb-container gb-container-df176995\"><div class=\"gb-inside-container\">\n\n<div class=\"wp-block-group\"><div class=\"wp-block-group__inner-container is-layout-constrained wp-block-group-is-layout-constrained\"><div class=\"gb-button-wrapper gb-button-wrapper-463ea1da\">\n\n<a class=\"gb-button gb-button-94a87ee1\" href=\"https:\/\/handycat.com\/es\/contacto\/\"><span class=\"gb-icon\"><svg aria-hidden=\"true\" role=\"img\" height=\"1em\" width=\"1em\" viewBox=\"0 0 256 512\" xmlns=\"http:\/\/www.w3.org\/2000\/svg\"><path fill=\"currentColor\" d=\"M224.3 273l-136 136c-9.4 9.4-24.6 9.4-33.9 0l-22.6-22.6c-9.4-9.4-9.4-24.6 0-33.9l96.4-96.4-96.4-96.4c-9.4-9.4-9.4-24.6 0-33.9L54.3 103c9.4-9.4 24.6-9.4 33.9 0l136 136c9.5 9.4 9.5 24.6.1 34z\"><\/path><\/svg><\/span><span class=\"gb-button-text\">Solicita informaci\u00f3n y precio<\/span><\/a><br>\n\n<\/div><\/div><\/div>\n\n<\/div><\/div>\n<\/div><\/div><div class=\"gb-container gb-container-a28b10b1\"><div class=\"gb-inside-container\">\n<div class=\"gb-grid-wrapper gb-grid-wrapper-1f88aa5c\">\n<div class=\"gb-grid-column gb-grid-column-ccf671cc\"><div class=\"gb-container gb-container-ccf671cc\"><div class=\"gb-inside-container\">\n\n<h2 class=\"gb-headline gb-headline-50e5aae1\"><span class=\"gb-icon\"><svg aria-hidden=\"true\" role=\"img\" height=\"1em\" width=\"1em\" viewBox=\"0 0 256 512\" xmlns=\"http:\/\/www.w3.org\/2000\/svg\"><path fill=\"currentColor\" d=\"M224.3 273l-136 136c-9.4 9.4-24.6 9.4-33.9 0l-22.6-22.6c-9.4-9.4-9.4-24.6 0-33.9l96.4-96.4-96.4-96.4c-9.4-9.4-9.4-24.6 0-33.9L54.3 103c9.4-9.4 24.6-9.4 33.9 0l136 136c9.5 9.4 9.5 24.6.1 34z\"><\/path><\/svg><\/span><span class=\"gb-headline-text\">\u00bfQuer\u00e9is ver m\u00e1s modelos de proyecciones interactivas?<\/span><\/h2><br>\n\n\n<div class=\"gb-grid-wrapper gb-grid-wrapper-b42d4af8\">\n<div class=\"gb-grid-column gb-grid-column-89396072\"><div class=\"gb-container gb-container-89396072\"><div class=\"gb-inside-container\">\n<div class=\"gb-button-wrapper gb-button-wrapper-0b79da28\">\n\n<a class=\"gb-button gb-button-c800e84f\" href=\"https:\/\/handycat.com\/es\/proyeccion-sensorial-interactiva-omi-mobii\/\"><span class=\"gb-icon\"><svg aria-hidden=\"true\" role=\"img\" height=\"1em\" width=\"1em\" viewBox=\"0 0 512 512\" xmlns=\"http:\/\/www.w3.org\/2000\/svg\"><path fill=\"currentColor\" d=\"M256 8C119.033 8 8 119.033 8 256s111.033 248 248 248 248-111.033 248-248S392.967 8 256 8zm80 248c0 44.112-35.888 80-80 80s-80-35.888-80-80 35.888-80 80-80 80 35.888 80 80z\"><\/path><\/svg><\/span><span class=\"gb-button-text\"><strong>OMi Mobii<\/strong><\/span><\/a><br>\n\n<\/div>\n<\/div><\/div><\/div>\n\n<div class=\"gb-grid-column gb-grid-column-e44a8b3e\"><div class=\"gb-container gb-container-e44a8b3e\"><div class=\"gb-inside-container\">\n<div class=\"gb-button-wrapper gb-button-wrapper-5c3fcad9\">\n\n<a class=\"gb-button gb-button-4ce0805f\" href=\"https:\/\/handycat.com\/es\/proyeccion-sensorial-interactiva-omi-reflex\/\"><span class=\"gb-icon\"><svg aria-hidden=\"true\" role=\"img\" height=\"1em\" width=\"1em\" viewBox=\"0 0 512 512\" xmlns=\"http:\/\/www.w3.org\/2000\/svg\"><path fill=\"currentColor\" d=\"M256 56c110.532 0 200 89.451 200 200 0 110.532-89.451 200-200 200-110.532 0-200-89.451-200-200 0-110.532 89.451-200 200-200m0-48C119.033 8 8 119.033 8 256s111.033 248 248 248 248-111.033 248-248S392.967 8 256 8zm0 168c-44.183 0-80 35.817-80 80s35.817 80 80 80 80-35.817 80-80-35.817-80-80-80z\"><\/path><\/svg><\/span><span class=\"gb-button-text\"><strong>OMi Reflex<\/strong><\/span><\/a><br>\n\n<\/div>\n<\/div><\/div><\/div>\n\n<div class=\"gb-grid-column gb-grid-column-2f900688\"><div class=\"gb-container gb-container-2f900688\"><div class=\"gb-inside-container\">\n<div class=\"gb-button-wrapper gb-button-wrapper-5a680c58\">\n\n<a class=\"gb-button gb-button-846a0a9f\" href=\"https:\/\/handycat.com\/es\/proyeccion-sensorial-interactiva-omi-budii\/\"><span class=\"gb-icon\"><svg aria-hidden=\"true\" role=\"img\" height=\"1em\" width=\"1em\" viewBox=\"0 0 512 512\" xmlns=\"http:\/\/www.w3.org\/2000\/svg\"><path fill=\"currentColor\" d=\"M256 8C119.033 8 8 119.033 8 256s111.033 248 248 248 248-111.033 248-248S392.967 8 256 8zm80 248c0 44.112-35.888 80-80 80s-80-35.888-80-80 35.888-80 80-80 80 35.888 80 80z\"><\/path><\/svg><\/span><span class=\"gb-button-text\"><strong>OMi Budii<\/strong><\/span><\/a><br>\n\n<\/div>\n<\/div><\/div><\/div>\n\n<div class=\"gb-grid-column gb-grid-column-d49a1ff1\"><div class=\"gb-container gb-container-d49a1ff1\">\n\n<a class=\"gb-button gb-button-84a5de95\" href=\"https:\/\/www.handycat.com\/es\/proyeccion-sensorial-interactiva-omi-wall\/\"><span class=\"gb-icon\"><svg aria-hidden=\"true\" role=\"img\" height=\"1em\" width=\"1em\" viewBox=\"0 0 512 512\" xmlns=\"http:\/\/www.w3.org\/2000\/svg\"><path fill=\"currentColor\" d=\"M256 56c110.532 0 200 89.451 200 200 0 110.532-89.451 200-200 200-110.532 0-200-89.451-200-200 0-110.532 89.451-200 200-200m0-48C119.033 8 8 119.033 8 256s111.033 248 248 248 248-111.033 248-248S392.967 8 256 8zm0 168c-44.183 0-80 35.817-80 80s35.817 80 80 80 80-35.817 80-80-35.817-80-80-80z\"><\/path><\/svg><\/span><span class=\"gb-button-text\"><strong>OMi Wall<\/strong><\/span><\/a><br>\n\n<\/div><\/div>\n<\/div>\n<\/div><\/div><\/div>\n<\/div>\n<\/div><\/div>\n<p><\/p>\n","protected":false},"excerpt":{"rendered":"","protected":false},"author":2,"featured_media":0,"parent":0,"menu_order":0,"comment_status":"closed","ping_status":"closed","template":"","meta":{"footnotes":""},"class_list":{"0":"post-21919","1":"page","2":"type-page","3":"status-publish","5":"infinite-scroll-item"},"_links":{"self":[{"href":"https:\/\/www.handycat.com\/es\/wp-json\/wp\/v2\/pages\/21919","targetHints":{"allow":["GET"]}}],"collection":[{"href":"https:\/\/www.handycat.com\/es\/wp-json\/wp\/v2\/pages"}],"about":[{"href":"https:\/\/www.handycat.com\/es\/wp-json\/wp\/v2\/types\/page"}],"author":[{"embeddable":true,"href":"https:\/\/www.handycat.com\/es\/wp-json\/wp\/v2\/users\/2"}],"replies":[{"embeddable":true,"href":"https:\/\/www.handycat.com\/es\/wp-json\/wp\/v2\/comments?post=21919"}],"version-history":[{"count":12,"href":"https:\/\/www.handycat.com\/es\/wp-json\/wp\/v2\/pages\/21919\/revisions"}],"predecessor-version":[{"id":23758,"href":"https:\/\/www.handycat.com\/es\/wp-json\/wp\/v2\/pages\/21919\/revisions\/23758"}],"wp:attachment":[{"href":"https:\/\/www.handycat.com\/es\/wp-json\/wp\/v2\/media?parent=21919"}],"curies":[{"name":"wp","href":"https:\/\/api.w.org\/{rel}","templated":true}]}}