{"id":22058,"date":"2022-12-13T20:30:52","date_gmt":"2022-12-13T18:30:52","guid":{"rendered":"https:\/\/handycat.com\/proyeccion-sensorial-interactiva-omi-reflex\/"},"modified":"2025-08-19T12:03:30","modified_gmt":"2025-08-19T10:03:30","slug":"proyeccion-sensorial-interactiva-omi-reflex","status":"publish","type":"page","link":"https:\/\/www.handycat.com\/es\/proyeccion-sensorial-interactiva-omi-reflex\/","title":{"rendered":"Proyecci\u00f3n sensorial interactiva OMi Reflex"},"content":{"rendered":"<div class=\"gb-container gb-container-561f4f66\"><div class=\"gb-inside-container\">\n<div class=\"gb-grid-wrapper gb-grid-wrapper-afae3b5c\">\n<div class=\"gb-grid-column gb-grid-column-b551f5c2\"><div class=\"gb-container gb-container-b551f5c2\"><div class=\"gb-inside-container\">\n\n<figure class=\"gb-block-image gb-block-image-a5e531a8\"><img loading=\"lazy\" decoding=\"async\" width=\"291\" height=\"391\" class=\"gb-image gb-image-a5e531a8\" src=\"https:\/\/www.handycat.com\/wp-content\/uploads\/2022\/12\/omiReflex-Mobile-3.png\" alt=\"\" title=\"omiReflex-Mobile-3\" srcset=\"https:\/\/www.handycat.com\/wp-content\/uploads\/2022\/12\/omiReflex-Mobile-3.png 291w, https:\/\/www.handycat.com\/wp-content\/uploads\/2022\/12\/omiReflex-Mobile-3-223x300.png 223w\" sizes=\"auto, (max-width: 291px) 100vw, 291px\" \/><\/figure><br>\n\n<\/div><\/div><\/div>\n\n<div class=\"gb-grid-column gb-grid-column-282966c2\"><div class=\"gb-container gb-container-282966c2\"><div class=\"gb-inside-container\">\n\n<h2 class=\"gb-headline gb-headline-73e2930f\"><span class=\"gb-icon\"><svg aria-hidden=\"true\" role=\"img\" height=\"1em\" width=\"1em\" viewBox=\"0 0 256 512\" xmlns=\"http:\/\/www.w3.org\/2000\/svg\"><path fill=\"currentColor\" d=\"M224.3 273l-136 136c-9.4 9.4-24.6 9.4-33.9 0l-22.6-22.6c-9.4-9.4-9.4-24.6 0-33.9l96.4-96.4-96.4-96.4c-9.4-9.4-9.4-24.6 0-33.9L54.3 103c9.4-9.4 24.6-9.4 33.9 0l136 136c9.5 9.4 9.5 24.6.1 34z\"><\/path><\/svg><\/span><span class=\"gb-headline-text\">Sistema de proyecci\u00f3n interactiva m\u00f3vil o instalable sobre cualquier pared vertical<\/span><\/h2><br>\n\n\n\n<p>El sistema puede ser instalable o m\u00f3vil. Proyecta la imagen del usuario mientras emite im\u00e1genes en movimiento con las que poder interactuar.<\/p>\n\n\n\n<h2 class=\"gb-headline gb-headline-012d4e85\"><span class=\"gb-icon\"><svg aria-hidden=\"true\" role=\"img\" height=\"1em\" width=\"1em\" viewBox=\"0 0 256 512\" xmlns=\"http:\/\/www.w3.org\/2000\/svg\"><path fill=\"currentColor\" d=\"M224.3 273l-136 136c-9.4 9.4-24.6 9.4-33.9 0l-22.6-22.6c-9.4-9.4-9.4-24.6 0-33.9l96.4-96.4-96.4-96.4c-9.4-9.4-9.4-24.6 0-33.9L54.3 103c9.4-9.4 24.6-9.4 33.9 0l136 136c9.5 9.4 9.5 24.6.1 34z\"><\/path><\/svg><\/span><span class=\"gb-headline-text\">Suite de contenidos interactivos adaptados y personalizables<\/span><\/h2><br>\n\n\n\n<p>Dispersar estrellas, pintar cuadros, tocar la bater\u00eda y viajar a trav\u00e9s del espacio son algunos de los efectos interactivos que brinda esta proyecci\u00f3n.<\/p>\n\n\n\n<p>M\u00e1s de 200 aplicaciones instalables y ampliables al infinito con la versi\u00f3n editable.<\/p>\n\n<\/div><\/div><\/div>\n<\/div>\n<\/div><\/div><div class=\"gb-container gb-container-6d7cf19b\"><div class=\"gb-inside-container\">\n<div class=\"gb-grid-wrapper gb-grid-wrapper-f7c05daa\">\n<div class=\"gb-grid-column gb-grid-column-1f68f73e\"><div class=\"gb-container gb-container-1f68f73e\"><div class=\"gb-inside-container\">\n\n<h3 class=\"gb-headline gb-headline-5ec21c65\"><span class=\"gb-icon\"><svg aria-hidden=\"true\" role=\"img\" height=\"1em\" width=\"1em\" viewBox=\"0 0 256 512\" xmlns=\"http:\/\/www.w3.org\/2000\/svg\"><path fill=\"currentColor\" d=\"M224.3 273l-136 136c-9.4 9.4-24.6 9.4-33.9 0l-22.6-22.6c-9.4-9.4-9.4-24.6 0-33.9l96.4-96.4-96.4-96.4c-9.4-9.4-9.4-24.6 0-33.9L54.3 103c9.4-9.4 24.6-9.4 33.9 0l136 136c9.5 9.4 9.5 24.6.1 34z\"><\/path><\/svg><\/span><span class=\"gb-headline-text\">Sistema<\/span><\/h3><br>\n\n\n\n<p><strong>\u00bfDimensiones de la proyecci\u00f3n?<\/strong><\/p>\n\n\n\n<p>Las medidas de la proyecci\u00f3n varian seg\u00fan d\u00f3nde coloquemos el proyector interactivo:<\/p>\n\n\n\n<ul class=\"wp-block-list\">\n<li>Tocando la pared: 1m x 0,75 cm<\/li>\n\n\n\n<li>A 20 cm de la pared: 1,5m x 1,1m<\/li>\n\n\n\n<li>A 35 cm de la parde: 2m x 1,5m<\/li>\n<\/ul>\n\n\n\n<p><strong>\u00bfNecesitamos oscuridad?<\/strong><\/p>\n\n\n\n<p>No es necesario estar a oscuras para disfrutar de la proyecci\u00f3n sensorial interactiva.<\/p>\n\n\n\n<p><strong>\u00bfQu\u00e9 instalaci\u00f3n se necesita?<\/strong><\/p>\n\n\n\n<p>Al ser una unidad m\u00f3vil no precisa instalaci\u00f3n. Disponemos del mismo sistema en la versi\u00f3n instalable, <a href=\"https:\/\/handycat.com\/contacte\/\">contacta con nosotros<\/a>.<\/p>\n\n\n\n<p><strong>\u00bfPodemos utilizarlo en cualquier espacio?<\/strong><\/p>\n\n\n\n<p>S\u00ed, lo podemos utilizar en cualquier sala o habitaci\u00f3n y preferentemente en una pared lisa.<\/p>\n\n<\/div><\/div><\/div>\n\n<div class=\"gb-grid-column gb-grid-column-83ae97be\"><div class=\"gb-container gb-container-83ae97be\"><div class=\"gb-inside-container\">\n\n<h3 class=\"gb-headline gb-headline-5996ea5e\"><span class=\"gb-icon\"><svg aria-hidden=\"true\" role=\"img\" height=\"1em\" width=\"1em\" viewBox=\"0 0 256 512\" xmlns=\"http:\/\/www.w3.org\/2000\/svg\"><path fill=\"currentColor\" d=\"M224.3 273l-136 136c-9.4 9.4-24.6 9.4-33.9 0l-22.6-22.6c-9.4-9.4-9.4-24.6 0-33.9l96.4-96.4-96.4-96.4c-9.4-9.4-9.4-24.6 0-33.9L54.3 103c9.4-9.4 24.6-9.4 33.9 0l136 136c9.5 9.4 9.5 24.6.1 34z\"><\/path><\/svg><\/span><span class=\"gb-headline-text\">Funcionamento<\/span><\/h3><br>\n\n\n\n<p><strong>\u00bfA qui\u00e9n van dirigidas estas proyecciones sensoriales?<\/strong><\/p>\n\n\n\n<p>A todo el mundo sin excepci\u00f3n. Cada aplicaci\u00f3n se ajusta seg\u00fan las capacidades de cada persona o de los objetivos terap\u00e9uticos que queramos conseguir. Como la imagen se proyecta en la pared, nos sirve para trabajar tambi\u00e9n el feedback propioceptivo y vestibular<\/p>\n\n\n\n<p><strong>\u00bfDetecta m\u00e1s de una persona a la vez?<\/strong><\/p>\n\n\n\n<p>S\u00ed, cada persona que interact\u00fae con el proyector recibir\u00e1 su respuesta, se encuentre en un lugar u otro de la proyecci\u00f3n. la proyecci\u00f3n sensorial es altamente sensible. En algunos casos, para trabajar la respuesta propioceptiva y vestibular recomendamos el trabajo individual.<\/p>\n\n\n\n<p><strong>\u00bfQu\u00e9 papel tiene el terapeuta?<\/strong><\/p>\n\n\n\n<p>El terapeuta deber\u00e1 preparar las sesiones con las aplicaciones que utilizar\u00e1 seg\u00fan los objetivos terap\u00e9uticos de la persona o del grupo de personas.<\/p>\n\n<\/div><\/div><\/div>\n\n<div class=\"gb-grid-column gb-grid-column-d4e210be\"><div class=\"gb-container gb-container-d4e210be\"><div class=\"gb-inside-container\">\n\n<h3 class=\"gb-headline gb-headline-c87e3010\"><span class=\"gb-icon\"><svg aria-hidden=\"true\" role=\"img\" height=\"1em\" width=\"1em\" viewBox=\"0 0 256 512\" xmlns=\"http:\/\/www.w3.org\/2000\/svg\"><path fill=\"currentColor\" d=\"M224.3 273l-136 136c-9.4 9.4-24.6 9.4-33.9 0l-22.6-22.6c-9.4-9.4-9.4-24.6 0-33.9l96.4-96.4-96.4-96.4c-9.4-9.4-9.4-24.6 0-33.9L54.3 103c9.4-9.4 24.6-9.4 33.9 0l136 136c9.5 9.4 9.5 24.6.1 34z\"><\/path><\/svg><\/span><span class=\"gb-headline-text\">Contenido<\/span><\/h3><br>\n\n\n\n<p><strong>\u00bfCu\u00e1ntas aplicaciones tiene?<\/strong><\/p>\n\n\n\n<p>El proyector interactivo OMi Reflex viene preconfigurado con 200 aplicaciones de inicio que se pueden ampliar. Estas aplicaciones se agrupan en diferentes efectos: dispersar, explotar, descubrir, zonas y agua.<\/p>\n\n\n\n<p>La versi\u00f3n editable permite crear y editar las aplicaciones desde el mismo proyector y utilizar fotograf\u00edas, v\u00eddeos y m\u00fasica propios para hacerlo realmente centrado en la persona, centro o instituci\u00f3n.<\/p>\n\n\n\n<p><strong>\u00bfPara qu\u00e9 edades es el contenido?<\/strong><\/p>\n\n\n\n<p class=\"has-text-align-left\">El contenido de las aplicaciones es intergeneracional, es decir, no est\u00e1 infantilizado.<\/p>\n\n\n\n<p class=\"has-text-align-left\">Cualquier persona de cualquier edad y capacidad lo encontrar\u00e1 interesante y disfrutar\u00e1.<\/p>\n\n<\/div><\/div><\/div>\n<\/div>\n\n<div class=\"gb-container gb-container-1c05d5f5\"><div class=\"gb-inside-container\">\n<div class=\"gb-grid-wrapper gb-grid-wrapper-290ae9c2 rounded-corners\">\n<div class=\"gb-grid-column gb-grid-column-6e6121f7\"><div class=\"gb-container gb-container-6e6121f7\"><div class=\"gb-inside-container\">\n\n<figure class=\"gb-block-image gb-block-image-ac93d1b2\"><img loading=\"lazy\" decoding=\"async\" width=\"882\" height=\"561\" class=\"gb-image gb-image-ac93d1b2\" src=\"https:\/\/www.handycat.com\/wp-content\/uploads\/2022\/12\/1.jpg\" alt=\"\" title=\"1\" srcset=\"https:\/\/www.handycat.com\/wp-content\/uploads\/2022\/12\/1.jpg 882w, https:\/\/www.handycat.com\/wp-content\/uploads\/2022\/12\/1-300x191.jpg 300w, https:\/\/www.handycat.com\/wp-content\/uploads\/2022\/12\/1-768x488.jpg 768w\" sizes=\"auto, (max-width: 882px) 100vw, 882px\" \/><\/figure><br>\n\n<\/div><\/div><\/div>\n\n<div class=\"gb-grid-column gb-grid-column-108e87fc\"><div class=\"gb-container gb-container-108e87fc\"><div class=\"gb-inside-container\">\n\n<figure class=\"gb-block-image gb-block-image-90bbc1a8\"><img loading=\"lazy\" decoding=\"async\" width=\"1360\" height=\"877\" class=\"gb-image gb-image-90bbc1a8\" src=\"https:\/\/www.handycat.com\/wp-content\/uploads\/2022\/12\/omiReflex-5_web-2.jpg\" alt=\"\" title=\"omiReflex-5_web-2\" srcset=\"https:\/\/www.handycat.com\/wp-content\/uploads\/2022\/12\/omiReflex-5_web-2.jpg 1360w, https:\/\/www.handycat.com\/wp-content\/uploads\/2022\/12\/omiReflex-5_web-2-300x193.jpg 300w, https:\/\/www.handycat.com\/wp-content\/uploads\/2022\/12\/omiReflex-5_web-2-1024x660.jpg 1024w, https:\/\/www.handycat.com\/wp-content\/uploads\/2022\/12\/omiReflex-5_web-2-768x495.jpg 768w\" sizes=\"auto, (max-width: 1360px) 100vw, 1360px\" \/><\/figure><br>\n\n<\/div><\/div><\/div>\n\n<div class=\"gb-grid-column gb-grid-column-1e75e664\"><div class=\"gb-container gb-container-1e75e664\"><div class=\"gb-inside-container\">\n\n<figure class=\"gb-block-image gb-block-image-0c194967\"><img loading=\"lazy\" decoding=\"async\" width=\"1360\" height=\"877\" class=\"gb-image gb-image-0c194967\" src=\"https:\/\/www.handycat.com\/wp-content\/uploads\/2022\/12\/9.jpg\" alt=\"\" title=\"9\" srcset=\"https:\/\/www.handycat.com\/wp-content\/uploads\/2022\/12\/9.jpg 1360w, https:\/\/www.handycat.com\/wp-content\/uploads\/2022\/12\/9-300x193.jpg 300w, https:\/\/www.handycat.com\/wp-content\/uploads\/2022\/12\/9-1024x660.jpg 1024w, https:\/\/www.handycat.com\/wp-content\/uploads\/2022\/12\/9-768x495.jpg 768w\" sizes=\"auto, (max-width: 1360px) 100vw, 1360px\" \/><\/figure><br>\n\n<\/div><\/div><\/div>\n\n<div class=\"gb-grid-column gb-grid-column-a2681c23\"><div class=\"gb-container gb-container-a2681c23\"><div class=\"gb-inside-container\">\n\n<figure class=\"gb-block-image gb-block-image-d33cf0a4\"><img loading=\"lazy\" decoding=\"async\" width=\"1630\" height=\"1028\" class=\"gb-image gb-image-d33cf0a4\" src=\"https:\/\/www.handycat.com\/wp-content\/uploads\/2022\/12\/8.jpg\" alt=\"\" title=\"8\" srcset=\"https:\/\/www.handycat.com\/wp-content\/uploads\/2022\/12\/8.jpg 1630w, https:\/\/www.handycat.com\/wp-content\/uploads\/2022\/12\/8-300x189.jpg 300w, https:\/\/www.handycat.com\/wp-content\/uploads\/2022\/12\/8-1024x646.jpg 1024w, https:\/\/www.handycat.com\/wp-content\/uploads\/2022\/12\/8-768x484.jpg 768w, https:\/\/www.handycat.com\/wp-content\/uploads\/2022\/12\/8-1536x969.jpg 1536w\" sizes=\"auto, (max-width: 1630px) 100vw, 1630px\" \/><\/figure><br>\n\n<\/div><\/div><\/div>\n<\/div>\n<\/div><\/div>\n\n<div class=\"gb-container gb-container-0f48f397\"><div class=\"gb-inside-container\">\n<div class=\"gb-grid-wrapper gb-grid-wrapper-1adcb910\">\n<div class=\"gb-grid-column gb-grid-column-c12859cc\"><div class=\"gb-container gb-container-c12859cc\"><div class=\"gb-inside-container\">\n\n<h3 class=\"gb-headline gb-headline-03afb777\"><span class=\"gb-icon\"><svg aria-hidden=\"true\" role=\"img\" height=\"1em\" width=\"1em\" viewBox=\"0 0 256 512\" xmlns=\"http:\/\/www.w3.org\/2000\/svg\"><path fill=\"currentColor\" d=\"M224.3 273l-136 136c-9.4 9.4-24.6 9.4-33.9 0l-22.6-22.6c-9.4-9.4-9.4-24.6 0-33.9l96.4-96.4-96.4-96.4c-9.4-9.4-9.4-24.6 0-33.9L54.3 103c9.4-9.4 24.6-9.4 33.9 0l136 136c9.5 9.4 9.5 24.6.1 34z\"><\/path><\/svg><\/span><span class=\"gb-headline-text\">Formaci\u00f3<\/span><\/h3><br>\n\n\n\n<p><strong>\u00bfSe necesita formaci\u00f3n?<\/strong><\/p>\n\n\n\n<p>En el presupuesto se incluye una formaci\u00f3n de 2h correspondiente al uso del proyector, c\u00f3mo variar la dificultad en las aplicaciones, creaci\u00f3n de carpetas y funcionamiento general.<\/p>\n\n\n\n<p><strong>\u00bfEs obligatoria la formaci\u00f3n de edici\u00f3n de aplicaciones?<\/strong><\/p>\n\n\n\n<p>No es obligatoria pero s\u00ed recomendable aunque por la compra del proyector interactivo editable se incluye un manual muy bien explicado. La formaci\u00f3n de edici\u00f3n de aplicaciones tiene una duraci\u00f3n de 6h y trata de manera pr\u00e1ctica sobre c\u00f3mo crear cada tipo de aplicaci\u00f3n.<\/p>\n\n<\/div><\/div><\/div>\n\n<div class=\"gb-grid-column gb-grid-column-03693949\"><div class=\"gb-container gb-container-03693949\"><div class=\"gb-inside-container\">\n\n<h3 class=\"gb-headline gb-headline-3c9a3b5d\"><span class=\"gb-icon\"><svg aria-hidden=\"true\" role=\"img\" height=\"1em\" width=\"1em\" viewBox=\"0 0 256 512\" xmlns=\"http:\/\/www.w3.org\/2000\/svg\"><path fill=\"currentColor\" d=\"M224.3 273l-136 136c-9.4 9.4-24.6 9.4-33.9 0l-22.6-22.6c-9.4-9.4-9.4-24.6 0-33.9l96.4-96.4-96.4-96.4c-9.4-9.4-9.4-24.6 0-33.9L54.3 103c9.4-9.4 24.6-9.4 33.9 0l136 136c9.5 9.4 9.5 24.6.1 34z\"><\/path><\/svg><\/span><span class=\"gb-headline-text\">Servicios<\/span><\/h3><br>\n\n\n\n<p><strong>\u00bfHay soporte para resolver incidencias o aclarar dudas?<\/strong><\/p>\n\n\n\n<p>Si, durante nuestro horario de oficina podremos resolver cualquier duda o incidencia que teng\u00e1is.<\/p>\n\n\n\n<p><strong>\u00bfSe necesita suscripci\u00f3n?<\/strong><\/p>\n\n\n\n<p>En ning\u00fan caso funciona mediante suscripci\u00f3n. La versi\u00f3n est\u00e0ndard contiene las aplicaciones adquiridas y con la versi\u00f3n editable, la creaci\u00f3n de aplicaciones puede ser infinita.<\/p>\n\n\n\n<p><strong>\u00bfCre\u00e1is nuevas aplicaciones?<\/strong><\/p>\n\n\n\n<p>Si, desde Handycat, peri\u00f3dicamente creamos nuevas aplicaciones para las proyecciones interactivas que, seg\u00fan la naturaleza, podr\u00e1n ser gratuitas o tener alg\u00fan coste.<\/p>\n\n<\/div><\/div><\/div>\n\n<div class=\"gb-grid-column gb-grid-column-02b17ba6\"><div class=\"gb-container gb-container-02b17ba6\"><div class=\"gb-inside-container\">\n\n<h3 class=\"gb-headline gb-headline-f61707b5\"><span class=\"gb-icon\"><svg aria-hidden=\"true\" role=\"img\" height=\"1em\" width=\"1em\" viewBox=\"0 0 256 512\" xmlns=\"http:\/\/www.w3.org\/2000\/svg\"><path fill=\"currentColor\" d=\"M224.3 273l-136 136c-9.4 9.4-24.6 9.4-33.9 0l-22.6-22.6c-9.4-9.4-9.4-24.6 0-33.9l96.4-96.4-96.4-96.4c-9.4-9.4-9.4-24.6 0-33.9L54.3 103c9.4-9.4 24.6-9.4 33.9 0l136 136c9.5 9.4 9.5 24.6.1 34z\"><\/path><\/svg><\/span><span class=\"gb-headline-text\">Compra<\/span><\/h3><br>\n\n\n\n<p><strong>\u00bfQu\u00e9 versiones hay?<\/strong><\/p>\n\n\n\n<p>Hay la versi\u00f3n editable y la no editable. La versi\u00f3n no editable se puede convertir en editable cuando convenga con una actualizaci\u00f3n del software.<\/p>\n\n\n\n<p><strong>\u00bfCuando recibir\u00e9is el proyector?<\/strong><\/p>\n\n\n\n<p>Una vez formalizado el pedido, en un per\u00edodo m\u00e1ximo de 1 mes ya pod\u00e9is disfrutar de vuestro proyector sensorial interactivo.<\/p>\n\n\n\n<p>Programaremos la entrega en vuestro centro y os explicaremos el funcionamiento b\u00e1sico, \u00a1listo para utilizar!<\/p>\n\n<\/div><\/div><\/div>\n<\/div>\n<\/div><\/div>\n\n<div class=\"gb-grid-wrapper gb-grid-wrapper-08384b24\">\n<div class=\"gb-grid-column gb-grid-column-64d3c9cb\"><div class=\"gb-container gb-container-64d3c9cb\"><div class=\"gb-inside-container\">\n<div class=\"gb-button-wrapper gb-button-wrapper-a46e57b1\">\n\n<span class=\"gb-button gb-button-662ac200\"><span class=\"gb-icon\"><svg aria-hidden=\"true\" role=\"img\" height=\"1em\" width=\"1em\" viewBox=\"0 0 256 512\" xmlns=\"http:\/\/www.w3.org\/2000\/svg\"><path fill=\"currentColor\" d=\"M224.3 273l-136 136c-9.4 9.4-24.6 9.4-33.9 0l-22.6-22.6c-9.4-9.4-9.4-24.6 0-33.9l96.4-96.4-96.4-96.4c-9.4-9.4-9.4-24.6 0-33.9L54.3 103c9.4-9.4 24.6-9.4 33.9 0l136 136c9.5 9.4 9.5 24.6.1 34z\"><\/path><\/svg><\/span><span class=\"gb-button-text\">Solicita m\u00e1s informaci\u00f3n y precio<\/span><\/span><br>\n\n<\/div>\n<\/div><\/div><\/div>\n<\/div>\n<\/div><\/div><div class=\"gb-container gb-container-a28b10b1\"><div class=\"gb-inside-container\">\n<div class=\"gb-grid-wrapper gb-grid-wrapper-1f88aa5c\">\n<div class=\"gb-grid-column gb-grid-column-ccf671cc\"><div class=\"gb-container gb-container-ccf671cc\"><div class=\"gb-inside-container\">\n\n<h2 class=\"gb-headline gb-headline-50e5aae1\"><span class=\"gb-icon\"><svg aria-hidden=\"true\" role=\"img\" height=\"1em\" width=\"1em\" viewBox=\"0 0 256 512\" xmlns=\"http:\/\/www.w3.org\/2000\/svg\"><path fill=\"currentColor\" d=\"M224.3 273l-136 136c-9.4 9.4-24.6 9.4-33.9 0l-22.6-22.6c-9.4-9.4-9.4-24.6 0-33.9l96.4-96.4-96.4-96.4c-9.4-9.4-9.4-24.6 0-33.9L54.3 103c9.4-9.4 24.6-9.4 33.9 0l136 136c9.5 9.4 9.5 24.6.1 34z\"><\/path><\/svg><\/span><span class=\"gb-headline-text\">\u00bfQuieres ver m\u00e1s modelos de proyecciones interactivas?<\/span><\/h2><br>\n\n\n<div class=\"gb-grid-wrapper gb-grid-wrapper-b42d4af8\">\n<div class=\"gb-grid-column gb-grid-column-89396072\"><div class=\"gb-container gb-container-89396072\"><div class=\"gb-inside-container\">\n<div class=\"gb-button-wrapper gb-button-wrapper-0b79da28\">\n\n<a class=\"gb-button gb-button-c800e84f\" href=\"https:\/\/www.handycat.com\/es\/proyeccion-sensorial-interactiva-omi-mobii\/\"><span class=\"gb-icon\"><svg aria-hidden=\"true\" role=\"img\" height=\"1em\" width=\"1em\" viewBox=\"0 0 512 512\" xmlns=\"http:\/\/www.w3.org\/2000\/svg\"><path fill=\"currentColor\" d=\"M256 8C119.033 8 8 119.033 8 256s111.033 248 248 248 248-111.033 248-248S392.967 8 256 8zm80 248c0 44.112-35.888 80-80 80s-80-35.888-80-80 35.888-80 80-80 80 35.888 80 80z\"><\/path><\/svg><\/span><span class=\"gb-button-text\"><strong>OMi Mobii<\/strong><\/span><\/a><br>\n\n<\/div>\n<\/div><\/div><\/div>\n\n<div class=\"gb-grid-column gb-grid-column-e44a8b3e\"><div class=\"gb-container gb-container-e44a8b3e\"><div class=\"gb-inside-container\">\n<div class=\"gb-button-wrapper gb-button-wrapper-5c3fcad9\">\n\n<a class=\"gb-button gb-button-4ce0805f\" href=\"https:\/\/www.handycat.com\/es\/proyeccion-sensorial-interactiva-omi-install\/\"><span class=\"gb-icon\"><svg aria-hidden=\"true\" role=\"img\" height=\"1em\" width=\"1em\" viewBox=\"0 0 512 512\" xmlns=\"http:\/\/www.w3.org\/2000\/svg\"><path fill=\"currentColor\" d=\"M256 56c110.532 0 200 89.451 200 200 0 110.532-89.451 200-200 200-110.532 0-200-89.451-200-200 0-110.532 89.451-200 200-200m0-48C119.033 8 8 119.033 8 256s111.033 248 248 248 248-111.033 248-248S392.967 8 256 8zm0 168c-44.183 0-80 35.817-80 80s35.817 80 80 80 80-35.817 80-80-35.817-80-80-80z\"><\/path><\/svg><\/span><span class=\"gb-button-text\"><strong>OMi Install<\/strong><\/span><\/a><br>\n\n<\/div>\n<\/div><\/div><\/div>\n\n<div class=\"gb-grid-column gb-grid-column-2f900688\"><div class=\"gb-container gb-container-2f900688\"><div class=\"gb-inside-container\">\n<div class=\"gb-button-wrapper gb-button-wrapper-5a680c58\">\n\n<a class=\"gb-button gb-button-846a0a9f\" href=\"https:\/\/www.handycat.com\/es\/proyeccion-sensorial-interactiva-omi-budii\/\"><span class=\"gb-icon\"><svg aria-hidden=\"true\" role=\"img\" height=\"1em\" width=\"1em\" viewBox=\"0 0 512 512\" xmlns=\"http:\/\/www.w3.org\/2000\/svg\"><path fill=\"currentColor\" d=\"M256 8C119.033 8 8 119.033 8 256s111.033 248 248 248 248-111.033 248-248S392.967 8 256 8zm80 248c0 44.112-35.888 80-80 80s-80-35.888-80-80 35.888-80 80-80 80 35.888 80 80z\"><\/path><\/svg><\/span><span class=\"gb-button-text\"><strong>OMi Budii<\/strong><\/span><\/a><br>\n\n<\/div>\n<\/div><\/div><\/div>\n\n<div class=\"gb-grid-column gb-grid-column-bb8b2a4b\"><div class=\"gb-container gb-container-bb8b2a4b\">\n\n<a class=\"gb-button gb-button-1fad9e91\" href=\"https:\/\/www.handycat.com\/es\/proyeccion-sensorial-interactiva-omi-wall\/\"><span class=\"gb-icon\"><svg aria-hidden=\"true\" role=\"img\" height=\"1em\" width=\"1em\" viewBox=\"0 0 512 512\" xmlns=\"http:\/\/www.w3.org\/2000\/svg\"><path fill=\"currentColor\" d=\"M256 56c110.532 0 200 89.451 200 200 0 110.532-89.451 200-200 200-110.532 0-200-89.451-200-200 0-110.532 89.451-200 200-200m0-48C119.033 8 8 119.033 8 256s111.033 248 248 248 248-111.033 248-248S392.967 8 256 8zm0 168c-44.183 0-80 35.817-80 80s35.817 80 80 80 80-35.817 80-80-35.817-80-80-80z\"><\/path><\/svg><\/span><span class=\"gb-button-text\"><strong>OMi Wall<\/strong><\/span><\/a><br>\n\n<\/div><\/div>\n<\/div>\n<\/div><\/div><\/div>\n<\/div>\n<\/div><\/div>\n<p><\/p>\n","protected":false},"excerpt":{"rendered":"","protected":false},"author":2,"featured_media":0,"parent":0,"menu_order":0,"comment_status":"closed","ping_status":"closed","template":"","meta":{"footnotes":""},"class_list":{"0":"post-22058","1":"page","2":"type-page","3":"status-publish","5":"infinite-scroll-item"},"_links":{"self":[{"href":"https:\/\/www.handycat.com\/es\/wp-json\/wp\/v2\/pages\/22058","targetHints":{"allow":["GET"]}}],"collection":[{"href":"https:\/\/www.handycat.com\/es\/wp-json\/wp\/v2\/pages"}],"about":[{"href":"https:\/\/www.handycat.com\/es\/wp-json\/wp\/v2\/types\/page"}],"author":[{"embeddable":true,"href":"https:\/\/www.handycat.com\/es\/wp-json\/wp\/v2\/users\/2"}],"replies":[{"embeddable":true,"href":"https:\/\/www.handycat.com\/es\/wp-json\/wp\/v2\/comments?post=22058"}],"version-history":[{"count":6,"href":"https:\/\/www.handycat.com\/es\/wp-json\/wp\/v2\/pages\/22058\/revisions"}],"predecessor-version":[{"id":23768,"href":"https:\/\/www.handycat.com\/es\/wp-json\/wp\/v2\/pages\/22058\/revisions\/23768"}],"wp:attachment":[{"href":"https:\/\/www.handycat.com\/es\/wp-json\/wp\/v2\/media?parent=22058"}],"curies":[{"name":"wp","href":"https:\/\/api.w.org\/{rel}","templated":true}]}}