{"id":22107,"date":"2022-12-14T14:02:03","date_gmt":"2022-12-14T12:02:03","guid":{"rendered":"https:\/\/handycat.com\/info-lopd\/"},"modified":"2022-12-14T14:02:10","modified_gmt":"2022-12-14T12:02:10","slug":"info-lopd","status":"publish","type":"page","link":"https:\/\/www.handycat.com\/es\/info-lopd\/","title":{"rendered":"Info &#8211; LOPD"},"content":{"rendered":"<div class=\"gb-container gb-container-843f2bf4\"><div class=\"gb-inside-container\">\n<div class=\"gb-grid-wrapper gb-grid-wrapper-fd53c45f\">\n<div class=\"gb-grid-column gb-grid-column-bff423cf\"><div class=\"gb-container gb-container-bff423cf\"><div class=\"gb-inside-container\">\n\n<p>El responsable del tratamiento es HANDYCAT IDP Slcon CIF B43490044 y sede social en Valls (43800, Tarragona), en el n\u00fam. 11C de la calle Artesans.<\/p>\n\n\n\n<p>El tratamiento de los datos que nos facilitan tiene como finalidad la gesti\u00f3n de la relaci\u00f3n que nos vincula para poder prestaros el servicio o haceros el suministro.<\/p>\n\n\n\n<p>Estos datos podr\u00e1n comunicarse a las entidades bancarias y autoridades competentes de acuerdo con las obligaciones legales.<\/p>\n\n\n\n<p>Se conservaran durante un per\u00edodo de 5 a\u00f1os, contados desde el fin de la prestaci\u00f3n del servicio o venta; o de 10 a\u00f1os conforme a la normativa sobre blanqueo de capitales.<\/p>\n\n\n\n<p>Pod\u00e9is ejercitar los derechos de acceso, rectificaci\u00f3n o supresi\u00f3n, la limitaci\u00f3n u oposici\u00f3n del tratamiento y el derecho a la portabilidad de los datos. Para hacer-lo, pod\u00e9is dirigir la solicitud en HANDYCAT IPD S.L. calle Artesans n\u00fam. 11C de Valls (43800, TARRAGONA) o en adm@handycat.com<\/p>\n\n\n\n<p>Del mismo modo, tambi\u00e9n pod\u00e9is presentar una reclamaci\u00f3n ante la Agencia Espa\u00f1ola de Protecci\u00f3n de Datos.<\/p>\n\n<\/div><\/div><\/div>\n<\/div>\n<\/div><\/div>","protected":false},"excerpt":{"rendered":"","protected":false},"author":4,"featured_media":0,"parent":0,"menu_order":0,"comment_status":"closed","ping_status":"closed","template":"","meta":{"footnotes":""},"class_list":{"0":"post-22107","1":"page","2":"type-page","3":"status-publish","5":"infinite-scroll-item"},"_links":{"self":[{"href":"https:\/\/www.handycat.com\/es\/wp-json\/wp\/v2\/pages\/22107","targetHints":{"allow":["GET"]}}],"collection":[{"href":"https:\/\/www.handycat.com\/es\/wp-json\/wp\/v2\/pages"}],"about":[{"href":"https:\/\/www.handycat.com\/es\/wp-json\/wp\/v2\/types\/page"}],"author":[{"embeddable":true,"href":"https:\/\/www.handycat.com\/es\/wp-json\/wp\/v2\/users\/4"}],"replies":[{"embeddable":true,"href":"https:\/\/www.handycat.com\/es\/wp-json\/wp\/v2\/comments?post=22107"}],"version-history":[{"count":3,"href":"https:\/\/www.handycat.com\/es\/wp-json\/wp\/v2\/pages\/22107\/revisions"}],"predecessor-version":[{"id":22110,"href":"https:\/\/www.handycat.com\/es\/wp-json\/wp\/v2\/pages\/22107\/revisions\/22110"}],"wp:attachment":[{"href":"https:\/\/www.handycat.com\/es\/wp-json\/wp\/v2\/media?parent=22107"}],"curies":[{"name":"wp","href":"https:\/\/api.w.org\/{rel}","templated":true}]}}