{"id":22543,"date":"2023-11-28T12:33:33","date_gmt":"2023-11-28T10:33:33","guid":{"rendered":"https:\/\/handycat.com\/protac\/protac-ballbase\/"},"modified":"2025-01-16T11:18:29","modified_gmt":"2025-01-16T09:18:29","slug":"protac-ballbase","status":"publish","type":"page","link":"https:\/\/www.handycat.com\/es\/protac\/protac-ballbase\/","title":{"rendered":"Protac\u00ae BallBase"},"content":{"rendered":"<div class=\"gb-container gb-container-c16d51ba\">\n<div class=\"gb-container gb-container-d954c666\">\n\n<figure class=\"gb-block-image gb-block-image-5d4b457c\"><img loading=\"lazy\" decoding=\"async\" width=\"1701\" height=\"613\" class=\"gb-image gb-image-5d4b457c\" src=\"https:\/\/www.handycat.com\/wp-content\/uploads\/2023\/11\/mother-sleeping-web-forma-ballbase.jpg\" alt=\"\" title=\"mother-sleeping-ballbase\" srcset=\"https:\/\/www.handycat.com\/wp-content\/uploads\/2023\/11\/mother-sleeping-web-forma-ballbase.jpg 1701w, https:\/\/www.handycat.com\/wp-content\/uploads\/2023\/11\/mother-sleeping-web-forma-ballbase-300x108.jpg 300w, https:\/\/www.handycat.com\/wp-content\/uploads\/2023\/11\/mother-sleeping-web-forma-ballbase-1024x369.jpg 1024w, https:\/\/www.handycat.com\/wp-content\/uploads\/2023\/11\/mother-sleeping-web-forma-ballbase-768x277.jpg 768w, https:\/\/www.handycat.com\/wp-content\/uploads\/2023\/11\/mother-sleeping-web-forma-ballbase-1536x554.jpg 1536w\" sizes=\"auto, (max-width: 1701px) 100vw, 1701px\" \/><\/figure>\r\n\n\n\n<p class=\"has-drop-cap\">Protac\u00ae BallBase es un <strong>colch\u00f3n superior con bolas estimulantes sensoriales<\/strong>, que se puede utilizar de manera disccreta en camas est\u00e1ndar o en camas de hospitalizaci\u00f3n y curas. Proporciona est\u00edmulos sensoriales calmantes en todo el cuerpo durante el descanso y el seu\u00f1o en ni\u00f1os, j\u00f3venes, adultos y personas mayores. Las personas con trastornos sensoriales a menudo tienen dificultades para calmarse, sentir el cuerpo y, por lo tanto, dormirse a la noche. Este \u00abtopper\u00bb est\u00e1 relleno de bolas y su presi\u00f3n variable da al cuerpo la se\u00f1al para calmarse contribuyendo de esta manera a una mejor delimitaci\u00f3n y sensaci\u00f3n corporales, seguridad y descanso tanto para el cuerpo como para la mente.<\/p>\n\n\n<div class=\"gb-grid-wrapper gb-grid-wrapper-6177a349\">\n<div class=\"gb-grid-column gb-grid-column-024d44f9\"><div class=\"gb-container gb-container-024d44f9\">\n<div class=\"wp-block-image\">\n<figure class=\"alignleft size-large is-resized\"><img loading=\"lazy\" decoding=\"async\" width=\"1024\" height=\"682\" src=\"https:\/\/www.handycat.com\/wp-content\/uploads\/2023\/11\/look-inside-ballbase-1024x682.jpg\" alt=\"\" class=\"wp-image-22506\" style=\"width:424px;height:auto\" srcset=\"https:\/\/www.handycat.com\/wp-content\/uploads\/2023\/11\/look-inside-ballbase-1024x682.jpg 1024w, https:\/\/www.handycat.com\/wp-content\/uploads\/2023\/11\/look-inside-ballbase-300x200.jpg 300w, https:\/\/www.handycat.com\/wp-content\/uploads\/2023\/11\/look-inside-ballbase-768x512.jpg 768w, https:\/\/www.handycat.com\/wp-content\/uploads\/2023\/11\/look-inside-ballbase-1536x1024.jpg 1536w, https:\/\/www.handycat.com\/wp-content\/uploads\/2023\/11\/look-inside-ballbase.jpg 2000w\" sizes=\"auto, (max-width: 1024px) 100vw, 1024px\" \/><\/figure>\n<\/div>\n<\/div><\/div>\n\n<div class=\"gb-grid-column gb-grid-column-a2f191f9\"><div class=\"gb-container gb-container-a2f191f9\">\n\n<p>El Protac\u00ae BallBase tiene un lado suave y otro extra-suave, que se utiliza en funci\u00f3n de la necesidad de est\u00edmulos sensoriales y de la preferencia de cada usuario o usuaria.<\/p>\n\n\n\n<p>Se puede utilizar tanto durante el d\u00eda como para dormir en: instituciones, residencias, escuelas, guarder\u00edas, centros, hospitales, casas particulares y centros penitenciarios. En las escuelas se puede utilizar en el aula y en las salas comunes, en casa tanto en el dormitorio como la sala de estar. Para el personal de atenci\u00f3n, el Protac\u00ae BallBase tiene la ventaja de proporcionar al usuario una <strong>estimulaci\u00f3n sensorial calmante<\/strong> en una cama de atenci\u00f3n surante el tratamiento, la conversaci\u00f3n o el masaje garantizando una posici\u00f3n de trabajo c\u00f2moda.<\/p>\n\n<\/div><\/div>\n<\/div>\n\n<div class=\"gb-grid-wrapper gb-grid-wrapper-2304d86a\">\n<div class=\"gb-grid-column gb-grid-column-12293c08\"><div class=\"gb-container gb-container-12293c08\"><\/div><\/div>\n\n<div class=\"gb-grid-column gb-grid-column-f38d610e\"><div class=\"gb-container gb-container-f38d610e\">\n\n<a class=\"gb-button gb-button-a86dd717\" href=\"https:\/\/shop.handycat.com\/es\/catalog\/producto\/protac-ballbase\"><span class=\"gb-icon\"><svg aria-hidden=\"true\" role=\"img\" height=\"1em\" width=\"1em\" viewBox=\"0 0 256 512\" xmlns=\"http:\/\/www.w3.org\/2000\/svg\"><path fill=\"currentColor\" d=\"M224.3 273l-136 136c-9.4 9.4-24.6 9.4-33.9 0l-22.6-22.6c-9.4-9.4-9.4-24.6 0-33.9l96.4-96.4-96.4-96.4c-9.4-9.4-9.4-24.6 0-33.9L54.3 103c9.4-9.4 24.6-9.4 33.9 0l136 136c9.5 9.4 9.5 24.6.1 34z\"><\/path><\/svg><\/span><span class=\"gb-button-text\">Ir a la Tienda Online<\/span><\/a>\r\n\n<\/div><\/div>\n\n<div class=\"gb-grid-column gb-grid-column-780dba1c\"><div class=\"gb-container gb-container-780dba1c\"><\/div><\/div>\n<\/div>\n\n<div class=\"gb-container gb-container-5b638c63\">\n\n<h2 class=\"gb-headline gb-headline-4558a519\"><span class=\"gb-icon\"><svg aria-hidden=\"true\" role=\"img\" height=\"1em\" width=\"1em\" viewBox=\"0 0 256 512\" xmlns=\"http:\/\/www.w3.org\/2000\/svg\"><path fill=\"currentColor\" d=\"M224.3 273l-136 136c-9.4 9.4-24.6 9.4-33.9 0l-22.6-22.6c-9.4-9.4-9.4-24.6 0-33.9l96.4-96.4-96.4-96.4c-9.4-9.4-9.4-24.6 0-33.9L54.3 103c9.4-9.4 24.6-9.4 33.9 0l136 136c9.5 9.4 9.5 24.6.1 34z\"><\/path><\/svg><\/span><span class=\"gb-headline-text\">Sobre Protac\u00ae BallBase<\/span><\/h2>\r\n\n\n<div class=\"gb-container gb-container-18002bc6\">\n\n<p>Los usuarios y usuarias con gran necesidad de estimulaci\u00f3n sensorial pueden aumentar el efecte combinandolo con la <strong><a href=\"https:\/\/handycat.com\/es\/protac\/ballblanket\/\">Protac\u00ae BallBlanket<\/a><\/strong>.<\/p>\n\n\n\n<p>El Protac\u00ae BallBase se entrega en una maleta de transporte y con un manual de productos con todas las especificaciones.<\/p>\n\n\n\n<p>Las medidas del producto son 90 x 200 cm y se puede poner a la lavadora de un m\u00ednimo de carga de 7kg con detergente sin lej\u00eda ni perfume y sin suavizante. Las bolas de bolas se pueden extraer de la funda para lavarlas por separado. Todas las instrucciones de uso las encontrar\u00e9is en el manual de producto.<\/p>\n\n<\/div>\n\n\n<p>Si tienes dudas, <a href=\"https:\/\/handycat.com\/es\/contacto\/\">contacta con nosotros<\/a>.<\/p>\n\n<\/div>\n<\/div>\n<\/div>","protected":false},"excerpt":{"rendered":"<p>Protac\u00ae BallBase es un colch\u00f3n superior con bolas estimulantes sensoriales, que se puede utilizar de manera disccreta en camas est\u00e1ndar o en camas de hospitalizaci\u00f3n y curas. Proporciona est\u00edmulos sensoriales calmantes en todo el cuerpo durante el descanso y el seu\u00f1o en ni\u00f1os, j\u00f3venes, adultos y personas mayores. Las personas con trastornos sensoriales a menudo &#8230; <a title=\"Protac\u00ae BallBase\" class=\"read-more\" href=\"https:\/\/www.handycat.com\/es\/protac\/protac-ballbase\/\" aria-label=\"Leer m\u00e1s sobre Protac\u00ae BallBase\">Leer m\u00e1s<\/a><\/p>\n","protected":false},"author":2,"featured_media":0,"parent":20800,"menu_order":2,"comment_status":"closed","ping_status":"closed","template":"","meta":{"footnotes":""},"class_list":{"0":"post-22543","1":"page","2":"type-page","3":"status-publish","5":"infinite-scroll-item"},"_links":{"self":[{"href":"https:\/\/www.handycat.com\/es\/wp-json\/wp\/v2\/pages\/22543","targetHints":{"allow":["GET"]}}],"collection":[{"href":"https:\/\/www.handycat.com\/es\/wp-json\/wp\/v2\/pages"}],"about":[{"href":"https:\/\/www.handycat.com\/es\/wp-json\/wp\/v2\/types\/page"}],"author":[{"embeddable":true,"href":"https:\/\/www.handycat.com\/es\/wp-json\/wp\/v2\/users\/2"}],"replies":[{"embeddable":true,"href":"https:\/\/www.handycat.com\/es\/wp-json\/wp\/v2\/comments?post=22543"}],"version-history":[{"count":3,"href":"https:\/\/www.handycat.com\/es\/wp-json\/wp\/v2\/pages\/22543\/revisions"}],"predecessor-version":[{"id":23359,"href":"https:\/\/www.handycat.com\/es\/wp-json\/wp\/v2\/pages\/22543\/revisions\/23359"}],"up":[{"embeddable":true,"href":"https:\/\/www.handycat.com\/es\/wp-json\/wp\/v2\/pages\/20800"}],"wp:attachment":[{"href":"https:\/\/www.handycat.com\/es\/wp-json\/wp\/v2\/media?parent=22543"}],"curies":[{"name":"wp","href":"https:\/\/api.w.org\/{rel}","templated":true}]}}