{"id":23050,"date":"2024-05-30T12:51:19","date_gmt":"2024-05-30T10:51:19","guid":{"rendered":"https:\/\/www.handycat.com\/proyeccion-sensorial-interactiva-omi-wall\/"},"modified":"2026-03-06T02:30:25","modified_gmt":"2026-03-06T00:30:25","slug":"proyeccion-sensorial-interactiva-omi-wall","status":"publish","type":"page","link":"https:\/\/www.handycat.com\/es\/proyeccion-sensorial-interactiva-omi-wall\/","title":{"rendered":"Proyecci\u00f3n sensorial interactiva OMi Wall"},"content":{"rendered":"<div class=\"gb-container gb-container-56f42c94\">\n<div class=\"gb-container gb-container-c5fdc7a1\">\n<div class=\"gb-grid-wrapper gb-grid-wrapper-0f0d486f\">\n<div class=\"gb-grid-column gb-grid-column-648793b4\"><div class=\"gb-container gb-container-648793b4\">\n\n<figure class=\"gb-block-image gb-block-image-2cc7401f\"><img loading=\"lazy\" decoding=\"async\" width=\"700\" height=\"700\" class=\"gb-image gb-image-2cc7401f\" src=\"https:\/\/www.handycat.com\/wp-content\/uploads\/2024\/05\/omiwall_imatge-producte_petita.png\" alt=\"\" title=\"omiwall_imatge-producte_petita\" srcset=\"https:\/\/www.handycat.com\/wp-content\/uploads\/2024\/05\/omiwall_imatge-producte_petita.png 700w, https:\/\/www.handycat.com\/wp-content\/uploads\/2024\/05\/omiwall_imatge-producte_petita-300x300.png 300w, https:\/\/www.handycat.com\/wp-content\/uploads\/2024\/05\/omiwall_imatge-producte_petita-150x150.png 150w\" sizes=\"auto, (max-width: 700px) 100vw, 700px\" \/><\/figure>\r\n\n<\/div><\/div>\n\n<div class=\"gb-grid-column gb-grid-column-15ad5e16\"><div class=\"gb-container gb-container-15ad5e16\">\n\n<h2 class=\"gb-headline gb-headline-7ae2beb1\"><span class=\"gb-icon\"><\/span><span class=\"gb-headline-text\">Sistema de projecci\u00f3 interactiva sobre la paret instal\u00b7lable al sostre<\/span><\/h2>\n\n\n\n<p>Transforma cualquier pared en una puerta de entrada a aventuras interactivas.<\/p>\n\n\n\n<p>OMi Wall crea im\u00e1genes cautivadoras y din\u00e1micas directamente a la pared.<\/p>\n\n\n\n<h2 class=\"gb-headline gb-headline-6c81cbb2\"><span class=\"gb-icon\"><\/span><span class=\"gb-headline-text\">Suite de contenidos interactivos<\/span><\/h2>\r\n\n\n\n<p>OMi Wall convierte la pared en un espacio realmente immersivo y m\u00e1gico en el que participamos de las actividades proyectadas a trav\u00e9s del tacto.<\/p>\n\n\n\n<p>La suite de actividades que contiene es un tesoro de efectos audiovisuales dise\u00f1ados para estimular, atraer y relajar.<\/p>\n\n<\/div><\/div>\n<\/div>\n<\/div>\n<\/div><div class=\"gb-container gb-container-c55ba83e\">\n<div class=\"gb-container gb-container-ed1b1fbe\">\n<div class=\"gb-grid-wrapper gb-grid-wrapper-dd965082\">\n<div class=\"gb-grid-column gb-grid-column-d46ccdb2\"><div class=\"gb-container gb-container-d46ccdb2\">\n\n<h3 class=\"gb-headline gb-headline-5eed3def\"><span class=\"gb-icon\"><\/span><span class=\"gb-headline-text\">Sistema<\/span><\/h3>\r\n\n\n\n<p><strong>Dimensiones de la proyecci\u00f3n<\/strong><\/p>\n\n\n\n<p>Las medidas de la proyecci\u00f3n cambian seg\u00fan d\u00f3nde coloquemos el proyector:<\/p>\n\n\n\n<ul class=\"wp-block-list\">\n<li>a 0 cm de la pared: 1 x 0&#8217;75 cm<\/li>\n\n\n\n<li>a 20 cm de la pared: 1&#8217;5 x 1&#8217;1 m<\/li>\n\n\n\n<li>a 35 cm de la pared: 2 x 1&#8217;5 cm<\/li>\n<\/ul>\n\n\n\n<p><strong>\u00bfEs necesario estar a oscuras?<\/strong><\/p>\n\n\n\n<p>No necesariamente, aunque se recomienda instalarlo lejos de ventanas o otras fuentes de luz natural.<\/p>\n\n\n\n<p><strong>\u00bfQu\u00e9 instalaci\u00f3n se necesita?<\/strong><\/p>\n\n\n\n<p>La instalaci\u00f3n ser\u00e1 segura y de acuerdo con las caracter\u00edsticas del lugar d\u00f3nde se instale el proyector.<\/p>\n\n<\/div><\/div>\n\n<div class=\"gb-grid-column gb-grid-column-07ed13db\"><div class=\"gb-container gb-container-07ed13db\">\n\n<h3 class=\"gb-headline gb-headline-ac59986d\"><span class=\"gb-icon\"><\/span><span class=\"gb-headline-text\">Funcionamiento<\/span><\/h3>\r\n\n\n\n<p><strong>\u00bfA qui\u00e9n van dirigidas estas proyecciones sensoriales?<\/strong><\/p>\n\n\n\n<p>A todos sin excepci\u00f3n. Son ideales para fomentar el bienestar y el aprendizaje a trav\u00e9s de actividades interactivas y encantadoras.<\/p>\n\n\n\n<p><strong>\u00bfD\u00f3nde se utiliza?<\/strong><\/p>\n\n\n\n<p>En escuelas, guarder\u00edas, centros de ocio, centros de salud, hospitales, residencias y espacios de estimulaci\u00f3n sensorial.<\/p>\n\n\n\n<p><strong>\u00bfDetecta m\u00e1s de una persona a la vez?<\/strong><\/p>\n\n\n\n<p>Si, cada persona que interact\u00fae con la pared recibir\u00e1 su respuesta, se encuentre en un lugar u otro de la proyecci\u00f3n.<\/p>\n\n<\/div><\/div>\n\n<div class=\"gb-grid-column gb-grid-column-f9c94dd3\"><div class=\"gb-container gb-container-f9c94dd3\">\n\n<h3 class=\"gb-headline gb-headline-a22b3cda\"><span class=\"gb-icon\"><\/span><span class=\"gb-headline-text\">Contenido<\/span><\/h3>\r\n\n\n\n<p><strong>\u00bfCu\u00e1ntas aplicaciones tiene?<\/strong><\/p>\n\n\n\n<p>OMi Wall contiene 150 actividades cuidadosamente seleccionadas. Estas actividades comprenden diferentes efectos audiovisuales dise\u00f1ados para estimular, atraer y relajar.<\/p>\n\n\n\n<p>Adem\u00e1s, en la versi\u00f3n editable podemos personalizar estas activiades para crear nuestro propio contenido de acuerdo con los usuarios y las necesidades.<\/p>\n\n\n\n<p><strong>\u00bfPara qu\u00e9 edad es el contenido?<\/strong><\/p>\n\n\n\n<p>El contenido de las aplicaciones es intergeneracional, cualquier persona de cualquier edad y capacidad lo encontrar\u00e1 interesante y disfrutar\u00e1 de \u00e9l.<\/p>\n\n<\/div><\/div>\n<\/div>\n<\/div>\n<\/div><div class=\"gb-container gb-container-2604ebf4 rounded-corners\">\n<div class=\"gb-container gb-container-424090ee\">\n<div class=\"gb-grid-wrapper gb-grid-wrapper-55c4a0f3 rounded-corners\">\n<div class=\"gb-grid-column gb-grid-column-384b018a\"><div class=\"gb-container gb-container-384b018a rounded-corners\">\n\n<figure class=\"gb-block-image gb-block-image-24e8b3df\"><img loading=\"lazy\" decoding=\"async\" width=\"515\" height=\"515\" class=\"gb-image gb-image-24e8b3df rounded-corners\" src=\"https:\/\/www.handycat.com\/wp-content\/uploads\/2024\/05\/omiwall_paret_nena.redimensionada.png\" alt=\"\" title=\"omiwall_paret_nena.redimensionada\" srcset=\"https:\/\/www.handycat.com\/wp-content\/uploads\/2024\/05\/omiwall_paret_nena.redimensionada.png 515w, https:\/\/www.handycat.com\/wp-content\/uploads\/2024\/05\/omiwall_paret_nena.redimensionada-300x300.png 300w, https:\/\/www.handycat.com\/wp-content\/uploads\/2024\/05\/omiwall_paret_nena.redimensionada-150x150.png 150w\" sizes=\"auto, (max-width: 515px) 100vw, 515px\" \/><\/figure>\r\n\n<\/div><\/div>\n\n<div class=\"gb-grid-column gb-grid-column-a080b83b\"><div class=\"gb-container gb-container-a080b83b\">\n\n<figure class=\"gb-block-image gb-block-image-17708ef0\"><img loading=\"lazy\" decoding=\"async\" width=\"515\" height=\"515\" class=\"gb-image gb-image-17708ef0 rounded-corners\" src=\"https:\/\/www.handycat.com\/wp-content\/uploads\/2024\/05\/omiwall1.redimensionada.png\" alt=\"\" title=\"omiwall1.redimensionada\" srcset=\"https:\/\/www.handycat.com\/wp-content\/uploads\/2024\/05\/omiwall1.redimensionada.png 515w, https:\/\/www.handycat.com\/wp-content\/uploads\/2024\/05\/omiwall1.redimensionada-300x300.png 300w, https:\/\/www.handycat.com\/wp-content\/uploads\/2024\/05\/omiwall1.redimensionada-150x150.png 150w\" sizes=\"auto, (max-width: 515px) 100vw, 515px\" \/><\/figure>\r\n\n<\/div><\/div>\n\n<div class=\"gb-grid-column gb-grid-column-573aff76\"><div class=\"gb-container gb-container-573aff76\">\n\n<figure class=\"gb-block-image gb-block-image-07e59127\"><img loading=\"lazy\" decoding=\"async\" width=\"1030\" height=\"1030\" class=\"gb-image gb-image-07e59127 rounded-corners\" src=\"https:\/\/www.handycat.com\/wp-content\/uploads\/2024\/05\/omiwall2.png\" alt=\"\" title=\"omiwall2\" srcset=\"https:\/\/www.handycat.com\/wp-content\/uploads\/2024\/05\/omiwall2.png 1030w, https:\/\/www.handycat.com\/wp-content\/uploads\/2024\/05\/omiwall2-300x300.png 300w, https:\/\/www.handycat.com\/wp-content\/uploads\/2024\/05\/omiwall2-1024x1024.png 1024w, https:\/\/www.handycat.com\/wp-content\/uploads\/2024\/05\/omiwall2-150x150.png 150w, https:\/\/www.handycat.com\/wp-content\/uploads\/2024\/05\/omiwall2-768x768.png 768w\" sizes=\"auto, (max-width: 1030px) 100vw, 1030px\" \/><\/figure>\r\n\n<\/div><\/div>\n\n<div class=\"gb-grid-column gb-grid-column-714043c7\"><div class=\"gb-container gb-container-714043c7\">\n\n<figure class=\"gb-block-image gb-block-image-4dada187\"><img loading=\"lazy\" decoding=\"async\" width=\"515\" height=\"515\" class=\"gb-image gb-image-4dada187 rounded-corners\" src=\"https:\/\/www.handycat.com\/wp-content\/uploads\/2024\/05\/omiwall3.redimensionada.png\" alt=\"\" title=\"omiwall3.redimensionada\" srcset=\"https:\/\/www.handycat.com\/wp-content\/uploads\/2024\/05\/omiwall3.redimensionada.png 515w, https:\/\/www.handycat.com\/wp-content\/uploads\/2024\/05\/omiwall3.redimensionada-300x300.png 300w, https:\/\/www.handycat.com\/wp-content\/uploads\/2024\/05\/omiwall3.redimensionada-150x150.png 150w\" sizes=\"auto, (max-width: 515px) 100vw, 515px\" \/><\/figure>\r\n\n<\/div><\/div>\n<\/div>\n<\/div>\n<\/div><div class=\"gb-container gb-container-5c49abf2\">\n<div class=\"gb-container gb-container-95ed99d3\">\n\n<div class=\"wp-block-buttons is-content-justification-center is-layout-flex wp-container-core-buttons-is-layout-5590e8cb wp-block-buttons-is-layout-flex\">\n<div class=\"wp-block-button has-custom-width wp-block-button__width-100 is-style-fill\"><a class=\"wp-block-button__link wp-element-button\" href=\"https:\/\/www.handycat.com\/es\/contacto\/\" style=\"border-radius:4px\">\u00bfQuer\u00e9is m\u00e1s informaci\u00f3n o pedir una demostraci\u00f3n?<\/a><\/div>\n<\/div>\n\n\n\n<div style=\"height:60px\" aria-hidden=\"true\" class=\"wp-block-spacer\"><\/div>\n\n\n<div class=\"gb-grid-wrapper gb-grid-wrapper-54c5a905\">\n<div class=\"gb-grid-column gb-grid-column-b515a97d\"><div class=\"gb-container gb-container-b515a97d\">\n\n<h3 class=\"gb-headline gb-headline-992c1b49\"><span class=\"gb-icon\"><\/span><span class=\"gb-headline-text\">Formaci\u00f3<\/span><\/h3>\r\n\n\n\n<p><strong>Se necesita formaci\u00f3n?<\/strong><\/p>\n\n\n\n<p>Por la compra de un OMi Wall se incluye una formaci\u00f3n de 2 horas correspondiente al uso del proyector.<\/p>\n\n\n\n<p>Si se adquiere la versi\u00f3n editable, adicionalmente y opcionalmente ofrecemos una formaci\u00f3n de 6 horas pr\u00e1ctica sobre c\u00f3mo crear y editar cada tipo de aplicaci\u00f3n.<\/p>\n\n\n\n<p><strong>\u00bfEs obligatoria la formaci\u00f3n de edici\u00f3n de aplicaciones?<\/strong><\/p>\n\n\n\n<p>No es obligatoria pero s\u00ed muy recomendable. De todas maneras, todos los proyectores incluyen un manual de instrucciones donde lo encontrar\u00e9is todo muy bien explicado.<\/p>\n\n<\/div><\/div>\n\n<div class=\"gb-grid-column gb-grid-column-f88db516\"><div class=\"gb-container gb-container-f88db516\">\n\n<h3 class=\"gb-headline gb-headline-4620d380\"><span class=\"gb-icon\"><\/span><span class=\"gb-headline-text\">Servicios<\/span><\/h3>\r\n\n\n\n<p><strong>\u00bfHay soporte para resolver incidencias o resolver dudas?<\/strong><\/p>\n\n\n\n<p>S\u00ed, durante nuestro horario de oficina resolveremos cualquier duda o incidencia que teng\u00e1is. Tambi\u00e9n nos pod\u00e9is escribir por correo electr\u00f3nico.<\/p>\n\n\n\n<p><strong>\u00bfCre\u00e1is nuevas aplicaciones?<\/strong><\/p>\n\n\n\n<p>S\u00ed, desde Handycat, peri\u00f3dicamente creamos nuevas aplicaciones para las proyecciones sensoriales interactivas que, seg\u00fan sea su naturaleza, seran gratuitas o tener alg\u00fan coste.<\/p>\n\n<\/div><\/div>\n\n<div class=\"gb-grid-column gb-grid-column-27d89e7e\"><div class=\"gb-container gb-container-27d89e7e\">\n\n<h3 class=\"gb-headline gb-headline-89d61cb9\"><span class=\"gb-icon\"><\/span><span class=\"gb-headline-text\">Compra<\/span><\/h3>\r\n\n\n\n<p><strong>\u00bfQu\u00e9 versiones hay?<\/strong><\/p>\n\n\n\n<p>Hay la versi\u00f3n editable y la no editable. La versi\u00f3n no editable puede convertirse en editable cuando convenga con una actualizaci\u00f3n de software.<\/p>\n\n\n\n<p><strong>\u00bfCu\u00e1ndo recibiremos el proyector?<\/strong><\/p>\n\n\n\n<p>Una vez formalizado el pedido, en un plazo m\u00e1ximo de un mes disfrutar\u00e9is de vuestro proyector sensorial interactivo.<\/p>\n\n\n\n<p>Programaremos la instalaci\u00f3n en vuestro centro y os explicaremos el funcionamiento b\u00e1sico: \u00a1listo para utilizar!<\/p>\n\n<\/div><\/div>\n<\/div>\n<\/div>\n<\/div><div class=\"gb-container gb-container-7f7410f4\">\n<div class=\"gb-container gb-container-b096c3d1\">\n\n<div class=\"wp-block-buttons is-content-justification-center is-layout-flex wp-container-core-buttons-is-layout-16018d1d wp-block-buttons-is-layout-flex\">\n<div class=\"wp-block-button has-custom-width wp-block-button__width-100\"><a class=\"wp-block-button__link wp-element-button\" href=\"https:\/\/www.handycat.com\/es\/contacto\/\" style=\"border-radius:4px\">\u00bfQuer\u00e9is m\u00e1s informaci\u00f3n o pedir una demostraci\u00f3n?<\/a><\/div>\n<\/div>\n\n\n\n<hr class=\"wp-block-separator has-text-color has-base-3-color has-alpha-channel-opacity has-base-3-background-color has-background is-style-default\" \/>\n\n\n\n<h2 class=\"gb-headline gb-headline-96d7bfaa\"><span class=\"gb-icon\"><\/span><span class=\"gb-headline-text\">\u00bfQuer\u00e9is ver m\u00e1s modelos de proyecciones sensoriales interactivas?<\/span><\/h2>\r\n\n\n<div class=\"gb-grid-wrapper gb-grid-wrapper-dd2699c3\">\n<div class=\"gb-grid-column gb-grid-column-a4df808b\"><div class=\"gb-container gb-container-a4df808b\">\n\n<a class=\"gb-button gb-button-8cc72b6f\" href=\"https:\/\/www.handycat.com\/es\/proyeccion-sensorial-interactiva-omi-mobii\/\"><span class=\"gb-icon\"><\/span><span class=\"gb-button-text\"><strong>OMi Mobii<\/strong><\/span><\/a>\r\n\n<\/div><\/div>\n\n<div class=\"gb-grid-column gb-grid-column-1b3ad3da\"><div class=\"gb-container gb-container-1b3ad3da\">\n\n<a class=\"gb-button gb-button-8108ae87\" href=\"https:\/\/www.handycat.com\/es\/proyeccion-sensorial-interactiva-omi-install\/\"><span class=\"gb-icon\"><\/span><span class=\"gb-button-text\"><strong>OMi Install<\/strong><\/span><\/a>\r\n\n<\/div><\/div>\n\n<div class=\"gb-grid-column gb-grid-column-08cac00a\"><div class=\"gb-container gb-container-08cac00a\">\n\n<a class=\"gb-button gb-button-f19169a0\" href=\"https:\/\/www.handycat.com\/es\/proyeccion-sensorial-interactiva-omi-reflex\/\"><span class=\"gb-icon\"><\/span><span class=\"gb-button-text\"><strong>OMi Reflex<\/strong><\/span><\/a>\r\n\n<\/div><\/div>\n\n<div class=\"gb-grid-column gb-grid-column-c431b6b3\"><div class=\"gb-container gb-container-c431b6b3\">\n\n<a class=\"gb-button gb-button-f9187786\" href=\"https:\/\/www.handycat.com\/es\/proyeccion-sensorial-interactiva-omi-budii\/\"><span class=\"gb-icon\"><\/span><span class=\"gb-button-text\"><strong>OMi Budii<\/strong><\/span><\/a>\r\n\n<\/div><\/div>\n<\/div>\n<\/div>\n<\/div>","protected":false},"excerpt":{"rendered":"<p>\u00bfQuer\u00e9is ver m\u00e1s modelos de proyecciones sensoriales interactivas?<\/p>\n","protected":false},"author":2,"featured_media":0,"parent":0,"menu_order":0,"comment_status":"closed","ping_status":"closed","template":"","meta":{"footnotes":""},"class_list":{"0":"post-23050","1":"page","2":"type-page","3":"status-publish","5":"infinite-scroll-item"},"_links":{"self":[{"href":"https:\/\/www.handycat.com\/es\/wp-json\/wp\/v2\/pages\/23050","targetHints":{"allow":["GET"]}}],"collection":[{"href":"https:\/\/www.handycat.com\/es\/wp-json\/wp\/v2\/pages"}],"about":[{"href":"https:\/\/www.handycat.com\/es\/wp-json\/wp\/v2\/types\/page"}],"author":[{"embeddable":true,"href":"https:\/\/www.handycat.com\/es\/wp-json\/wp\/v2\/users\/2"}],"replies":[{"embeddable":true,"href":"https:\/\/www.handycat.com\/es\/wp-json\/wp\/v2\/comments?post=23050"}],"version-history":[{"count":4,"href":"https:\/\/www.handycat.com\/es\/wp-json\/wp\/v2\/pages\/23050\/revisions"}],"predecessor-version":[{"id":24011,"href":"https:\/\/www.handycat.com\/es\/wp-json\/wp\/v2\/pages\/23050\/revisions\/24011"}],"wp:attachment":[{"href":"https:\/\/www.handycat.com\/es\/wp-json\/wp\/v2\/media?parent=23050"}],"curies":[{"name":"wp","href":"https:\/\/api.w.org\/{rel}","templated":true}]}}