{"id":23426,"date":"2025-01-17T11:07:03","date_gmt":"2025-01-17T09:07:03","guid":{"rendered":"https:\/\/www.handycat.com\/protac\/protac-myrest\/"},"modified":"2025-01-17T11:07:03","modified_gmt":"2025-01-17T09:07:03","slug":"protac-myrest","status":"publish","type":"page","link":"https:\/\/www.handycat.com\/es\/protac\/protac-myrest\/","title":{"rendered":"Protac\u00ae MyRest"},"content":{"rendered":"<div class=\"gb-container gb-container-e5ea3c46\">\n<div class=\"gb-grid-wrapper gb-grid-wrapper-edd4195d\">\n<div class=\"gb-grid-column gb-grid-column-f443d321\"><div class=\"gb-container gb-container-f443d321 rounded-corners\">\n\n<figure class=\"gb-block-image gb-block-image-d1c97d4e\"><img loading=\"lazy\" decoding=\"async\" width=\"800\" height=\"359\" class=\"gb-image gb-image-d1c97d4e rounded-corners\" src=\"https:\/\/www.handycat.com\/wp-content\/uploads\/2025\/01\/portada_myrest_web-1.jpg\" alt=\"Protac MyRest cames inquietes\" title=\"portada_myrest_web (1)\" srcset=\"https:\/\/www.handycat.com\/wp-content\/uploads\/2025\/01\/portada_myrest_web-1.jpg 800w, https:\/\/www.handycat.com\/wp-content\/uploads\/2025\/01\/portada_myrest_web-1-300x135.jpg 300w, https:\/\/www.handycat.com\/wp-content\/uploads\/2025\/01\/portada_myrest_web-1-768x345.jpg 768w\" sizes=\"auto, (max-width: 800px) 100vw, 800px\" \/><\/figure>\r\n\n<\/div><\/div>\n<\/div>\n\n<div class=\"gb-grid-wrapper gb-grid-wrapper-554aed65\">\n<div class=\"gb-grid-column gb-grid-column-8bd7dfb7\"><div class=\"gb-container gb-container-8bd7dfb7\">\n\n<p class=\"has-drop-cap\" style=\"font-size:22px\">MyRest es un coj\u00edn corporal polivalente con bolas estimulantes. El coj\u00edn se ha dise\u00f1ado para aliviar los s\u00edntomas del S\u00edndrome de las Piernas Inquietas y otros s\u00edntomas de malestar a las piernas y a la espalda.<\/p>\n\n<\/div><\/div>\n\n<div class=\"gb-grid-column gb-grid-column-92078d0f\"><div class=\"gb-container gb-container-92078d0f\">\n\n<p>Las bolas del interior del coj\u00edn se mueven ligeramente cada vez que el usuario se mueve un poco, y estas presiones din\u00e1micas y profundas sobre el cuerpo estimulan el sentido t\u00e1ctil y el propioceptivo.<\/p>\n\n\n\n<p>La estimulaci\u00f3n de estos sentidos mejora la conciencia corporal y provee seguridad y calma, disminuye los niveles de estr\u00e9s del cuerpo y alivia el malestar f\u00edsico y mental.<\/p>\n\n<\/div><\/div>\n<\/div>\n\n<div class=\"gb-grid-wrapper gb-grid-wrapper-e5827e6a\">\n<div class=\"gb-grid-column gb-grid-column-77aa628f\"><div class=\"gb-container gb-container-77aa628f\">\n<div class=\"gb-grid-wrapper gb-grid-wrapper-a2e4bd4a\">\n<div class=\"gb-grid-column gb-grid-column-94946667\"><div class=\"gb-container gb-container-94946667\">\n\n<h3 class=\"gb-headline gb-headline-bf1ce286\"><span class=\"gb-icon\"><svg aria-hidden=\"true\" role=\"img\" height=\"1em\" width=\"1em\" viewBox=\"0 0 256 512\" xmlns=\"http:\/\/www.w3.org\/2000\/svg\"><path fill=\"currentColor\" d=\"M224.3 273l-136 136c-9.4 9.4-24.6 9.4-33.9 0l-22.6-22.6c-9.4-9.4-9.4-24.6 0-33.9l96.4-96.4-96.4-96.4c-9.4-9.4-9.4-24.6 0-33.9L54.3 103c9.4-9.4 24.6-9.4 33.9 0l136 136c9.5 9.4 9.5 24.6.1 34z\"><\/path><\/svg><\/span><span class=\"gb-headline-text\">Utilidades del Protac\u00ae MyRest<\/span><\/h3>\r\n\n\n\n<p>Es f\u00e1cil de utilizar y llevarlo donde sea necesario, su utilizaci\u00f3n es muy personal. Muchos usuarios con las piernas inquietas duermen con el coj\u00edn entre las piernas o bien reducen la inquietud antes de dormirse sentandose con el coj\u00edn bajo o entre las piernas. Tambi\u00e9n tenemos buena experiencia con las mismas posibilidades de uso en nilos y j\u00f3venes con dolores de crecimiento en las piernas.<\/p>\n\n\n\n<p>Por lo tanto, Protac\u00ae MyRest se puede utilizar tanto de d\u00eda como de noche para aliviar la tensi\u00f3n, el dolor y la inquietud en la espalda o ombros sent\u00e1ndose con el coj\u00edn en el sof\u00e1 on en la butaca.<\/p>\n\n<\/div><\/div>\n\n<div class=\"gb-grid-column gb-grid-column-3fda4186\"><div class=\"gb-container gb-container-3fda4186\">\n\n<h3 class=\"gb-headline gb-headline-dcc322ba\"><span class=\"gb-icon\"><svg aria-hidden=\"true\" role=\"img\" height=\"1em\" width=\"1em\" viewBox=\"0 0 256 512\" xmlns=\"http:\/\/www.w3.org\/2000\/svg\"><path fill=\"currentColor\" d=\"M224.3 273l-136 136c-9.4 9.4-24.6 9.4-33.9 0l-22.6-22.6c-9.4-9.4-9.4-24.6 0-33.9l96.4-96.4-96.4-96.4c-9.4-9.4-9.4-24.6 0-33.9L54.3 103c9.4-9.4 24.6-9.4 33.9 0l136 136c9.5 9.4 9.5 24.6.1 34z\"><\/path><\/svg><\/span><span class=\"gb-headline-text\">Dise\u00f1o y medida<\/span><\/h3>\r\n\n\n\n<p>El tama\u00f1o de Protac\u00ae MyRest \u00e9s 45x50cm. est\u00e1 relleno de bolas de 5cm de di\u00e1metro, las mismas que se utilizan en la <a href=\"https:\/\/www.handycat.com\/es\/protac\/ballblanket\/\">Protac\u00ae BallBlanket<\/a>. Es crucial que las bolas tengan esta medida porque son suaves y agradables para ponerse encima.<br\/><br\/>El coj\u00edn tiene dos lados con dos funciones diferentes y maneras de estimular los sentidos. Un lado es sin acolchar y proporciona unos est\u00edmulos sensoriales de las bolas definidos. El otro lado es extra suave y acolchado y, por lo tanto, proporciona una estimulaci\u00f3n sensorial m\u00e1s suave. C\u00f3mo cada uno lo utiliza mejor y qu\u00e9 lado se adapta mejor a las necesidades va a gusto personal.<\/p>\n\n<\/div><\/div>\n\n<div class=\"gb-grid-column gb-grid-column-758607b1\"><div class=\"gb-container gb-container-758607b1\">\n\n<h2 class=\"gb-headline gb-headline-658f2702\"><span class=\"gb-icon\"><svg aria-hidden=\"true\" role=\"img\" height=\"1em\" width=\"1em\" viewBox=\"0 0 256 512\" xmlns=\"http:\/\/www.w3.org\/2000\/svg\"><path fill=\"currentColor\" d=\"M224.3 273l-136 136c-9.4 9.4-24.6 9.4-33.9 0l-22.6-22.6c-9.4-9.4-9.4-24.6 0-33.9l96.4-96.4-96.4-96.4c-9.4-9.4-9.4-24.6 0-33.9L54.3 103c9.4-9.4 24.6-9.4 33.9 0l136 136c9.5 9.4 9.5 24.6.1 34z\"><\/path><\/svg><\/span><span class=\"gb-headline-text\">Protac\u00ae MyRest<\/span><\/h2>\r\n\n<\/div><\/div>\n<\/div>\n<\/div><\/div>\n<\/div>\n\n<div class=\"gb-grid-wrapper gb-grid-wrapper-0fb5db32\">\n<div class=\"gb-grid-column gb-grid-column-595486ac\"><div class=\"gb-container gb-container-595486ac\">\n<div class=\"gb-container gb-container-48965064\">\n<div class=\"gb-grid-wrapper gb-grid-wrapper-f6301762 rounded-corners\">\n<div class=\"gb-grid-column gb-grid-column-dd17c412\"><div class=\"gb-container gb-container-dd17c412\">\n\n<figure class=\"gb-block-image gb-block-image-fc0fd894\"><img loading=\"lazy\" decoding=\"async\" width=\"500\" height=\"375\" class=\"gb-image gb-image-fc0fd894 rounded-corners\" src=\"https:\/\/www.handycat.com\/wp-content\/uploads\/2025\/01\/myrest-5_500x500_85-1.jpg\" alt=\"Coix\u00ed Protac MyRest\" title=\"myrest-5_500x500_85 (1)\" srcset=\"https:\/\/www.handycat.com\/wp-content\/uploads\/2025\/01\/myrest-5_500x500_85-1.jpg 500w, https:\/\/www.handycat.com\/wp-content\/uploads\/2025\/01\/myrest-5_500x500_85-1-300x225.jpg 300w\" sizes=\"auto, (max-width: 500px) 100vw, 500px\" \/><\/figure>\r\n\n<\/div><\/div>\n\n<div class=\"gb-grid-column gb-grid-column-c7246237\"><div class=\"gb-container gb-container-c7246237\">\n\n<figure class=\"gb-block-image gb-block-image-b4be05f2\"><img loading=\"lazy\" decoding=\"async\" width=\"1000\" height=\"750\" class=\"gb-image gb-image-b4be05f2\" src=\"https:\/\/www.handycat.com\/wp-content\/uploads\/2025\/01\/My-rest-sota-les-cames.jpg\" alt=\"\" title=\"My-rest sota les cames\" srcset=\"https:\/\/www.handycat.com\/wp-content\/uploads\/2025\/01\/My-rest-sota-les-cames.jpg 1000w, https:\/\/www.handycat.com\/wp-content\/uploads\/2025\/01\/My-rest-sota-les-cames-300x225.jpg 300w, https:\/\/www.handycat.com\/wp-content\/uploads\/2025\/01\/My-rest-sota-les-cames-768x576.jpg 768w\" sizes=\"auto, (max-width: 1000px) 100vw, 1000px\" \/><\/figure>\r\n\n<\/div><\/div>\n\n<div class=\"gb-grid-column gb-grid-column-a7ec896f\"><div class=\"gb-container gb-container-a7ec896f\">\n\n<figure class=\"gb-block-image gb-block-image-a40aeaa2\"><img loading=\"lazy\" decoding=\"async\" width=\"1000\" height=\"750\" class=\"gb-image gb-image-a40aeaa2\" src=\"https:\/\/www.handycat.com\/wp-content\/uploads\/2025\/01\/myrest-entre-les-cames.jpg\" alt=\"\" title=\"myrest entre les cames\" srcset=\"https:\/\/www.handycat.com\/wp-content\/uploads\/2025\/01\/myrest-entre-les-cames.jpg 1000w, https:\/\/www.handycat.com\/wp-content\/uploads\/2025\/01\/myrest-entre-les-cames-300x225.jpg 300w, https:\/\/www.handycat.com\/wp-content\/uploads\/2025\/01\/myrest-entre-les-cames-768x576.jpg 768w\" sizes=\"auto, (max-width: 1000px) 100vw, 1000px\" \/><\/figure>\r\n\n<\/div><\/div>\n<\/div>\n<\/div>\n<\/div><\/div>\n<\/div>\n\n<div class=\"gb-button-wrapper gb-button-wrapper-3c6388e9\">\n\n<a class=\"gb-button gb-button-7b719500\" href=\"https:\/\/shop.handycat.com\/es\/catalog\/producto\/protac-myrest-45x50\" target=\"_blank\" rel=\"noopener noreferrer\"><span class=\"gb-button-text\">Ir a la Tienda<\/span><span class=\"gb-icon\"><svg aria-hidden=\"true\" role=\"img\" height=\"1em\" width=\"1em\" viewBox=\"0 0 256 512\" xmlns=\"http:\/\/www.w3.org\/2000\/svg\"><path fill=\"currentColor\" d=\"M224.3 273l-136 136c-9.4 9.4-24.6 9.4-33.9 0l-22.6-22.6c-9.4-9.4-9.4-24.6 0-33.9l96.4-96.4-96.4-96.4c-9.4-9.4-9.4-24.6 0-33.9L54.3 103c9.4-9.4 24.6-9.4 33.9 0l136 136c9.5 9.4 9.5 24.6.1 34z\"><\/path><\/svg><\/span><\/a>\r\n\n<\/div>\n<\/div>","protected":false},"excerpt":{"rendered":"","protected":false},"author":2,"featured_media":0,"parent":20800,"menu_order":0,"comment_status":"closed","ping_status":"closed","template":"","meta":{"footnotes":""},"class_list":{"0":"post-23426","1":"page","2":"type-page","3":"status-publish","5":"infinite-scroll-item"},"_links":{"self":[{"href":"https:\/\/www.handycat.com\/es\/wp-json\/wp\/v2\/pages\/23426","targetHints":{"allow":["GET"]}}],"collection":[{"href":"https:\/\/www.handycat.com\/es\/wp-json\/wp\/v2\/pages"}],"about":[{"href":"https:\/\/www.handycat.com\/es\/wp-json\/wp\/v2\/types\/page"}],"author":[{"embeddable":true,"href":"https:\/\/www.handycat.com\/es\/wp-json\/wp\/v2\/users\/2"}],"replies":[{"embeddable":true,"href":"https:\/\/www.handycat.com\/es\/wp-json\/wp\/v2\/comments?post=23426"}],"version-history":[{"count":1,"href":"https:\/\/www.handycat.com\/es\/wp-json\/wp\/v2\/pages\/23426\/revisions"}],"predecessor-version":[{"id":23427,"href":"https:\/\/www.handycat.com\/es\/wp-json\/wp\/v2\/pages\/23426\/revisions\/23427"}],"up":[{"embeddable":true,"href":"https:\/\/www.handycat.com\/es\/wp-json\/wp\/v2\/pages\/20800"}],"wp:attachment":[{"href":"https:\/\/www.handycat.com\/es\/wp-json\/wp\/v2\/media?parent=23426"}],"curies":[{"name":"wp","href":"https:\/\/api.w.org\/{rel}","templated":true}]}}