{"id":23543,"date":"2025-04-04T13:47:50","date_gmt":"2025-04-04T11:47:50","guid":{"rendered":"https:\/\/www.handycat.com\/protac-kneedme\/"},"modified":"2025-04-04T13:49:36","modified_gmt":"2025-04-04T11:49:36","slug":"protac-kneedme","status":"publish","type":"page","link":"https:\/\/www.handycat.com\/es\/protac-kneedme\/","title":{"rendered":"Protac KneedMe\u00ae"},"content":{"rendered":"<div class=\"gb-container gb-container-7cef489b\">\n<div class=\"gb-container gb-container-d82dd1c2\">\n<div class=\"gb-container gb-container-f8e3cff0\"><\/div>\n<\/div>\n<\/div><div class=\"gb-container gb-container-d8cd4a41\">\n<div class=\"gb-grid-wrapper gb-grid-wrapper-4ed4afe3\">\n<div class=\"gb-grid-column gb-grid-column-12ee98d4\"><div class=\"gb-container gb-container-12ee98d4\">\n\n<figure class=\"gb-block-image gb-block-image-a1eb7a17\"><img loading=\"lazy\" decoding=\"async\" width=\"2000\" height=\"1360\" class=\"gb-image gb-image-a1eb7a17\" src=\"https:\/\/www.handycat.com\/wp-content\/uploads\/2025\/04\/Protac-knaetaeppe-voksen05.jpg\" alt=\"\" title=\"Protac-knaetaeppe-voksen05\" srcset=\"https:\/\/www.handycat.com\/wp-content\/uploads\/2025\/04\/Protac-knaetaeppe-voksen05.jpg 2000w, https:\/\/www.handycat.com\/wp-content\/uploads\/2025\/04\/Protac-knaetaeppe-voksen05-300x204.jpg 300w, https:\/\/www.handycat.com\/wp-content\/uploads\/2025\/04\/Protac-knaetaeppe-voksen05-1024x696.jpg 1024w, https:\/\/www.handycat.com\/wp-content\/uploads\/2025\/04\/Protac-knaetaeppe-voksen05-768x522.jpg 768w, https:\/\/www.handycat.com\/wp-content\/uploads\/2025\/04\/Protac-knaetaeppe-voksen05-1536x1044.jpg 1536w\" sizes=\"auto, (max-width: 2000px) 100vw, 2000px\" \/><\/figure>\r\n\n<\/div><\/div>\n\n<div class=\"gb-grid-column gb-grid-column-9ed4b7f4\"><div class=\"gb-container gb-container-9ed4b7f4\">\n<div class=\"gb-container gb-container-12e8e0ac\">\n<div class=\"gb-container gb-container-cb93d017\">\n\n<p class=\"has-drop-cap\">KneedMe\u00ae es un delantal que se coloca sobre el regazo y el abdomen para ni\u00f1os, j\u00f3venes, adultos y personas mayores para prevenir el malestar tanto f\u00edsico como mental durante las actividades en las que se haya de permanecer sentado y tranquilo.<\/p>\n\n<\/div>\n<\/div>\n\n\n<p>La presi\u00f3n sobre el regazo se convierte en una buena estimulaci\u00f3n propioceptiva para ofrecer calma y seguridad.<\/p>\n\n\n\n<h3 class=\"gb-headline gb-headline-fce6333b\"><span class=\"gb-icon\"><svg aria-hidden=\"true\" role=\"img\" height=\"1em\" width=\"1em\" viewBox=\"0 0 256 512\" xmlns=\"http:\/\/www.w3.org\/2000\/svg\"><path fill=\"currentColor\" d=\"M224.3 273l-136 136c-9.4 9.4-24.6 9.4-33.9 0l-22.6-22.6c-9.4-9.4-9.4-24.6 0-33.9l96.4-96.4-96.4-96.4c-9.4-9.4-9.4-24.6 0-33.9L54.3 103c9.4-9.4 24.6-9.4 33.9 0l136 136c9.5 9.4 9.5 24.6.1 34z\"><\/path><\/svg><\/span><span class=\"gb-headline-text\">Indicaciones<\/span><\/h3>\r\n\n\n\n<p>Protac KneedMe\u00ae se puede utilizar como recurso o accesorio de sillas reclinables y sillas de ruedas, durante la realizaci\u00f3n de actividades en las que haya que permanecer tranquilo. Para las piernas y los pies inquietos, que a menudo afectan muchos usuarios con hiperactividad y otros trastornos, el KneedMe\u00ae calma y reduce estos movimientos involuntarios.<\/p>\n\n\n<div class=\"gb-button-wrapper gb-button-wrapper-a074cbbe\">\n\n<a class=\"gb-button gb-button-da62aedd\" href=\"https:\/\/shop.handycat.com\/es\/catalog\/producto\/kneedme-4kg\" target=\"_blank\" rel=\"noopener noreferrer\"><span class=\"gb-button-text\">Compralo en la Tienda Online<\/span><span class=\"gb-icon\"><svg aria-hidden=\"true\" role=\"img\" height=\"1em\" width=\"1em\" viewBox=\"0 0 256 512\" xmlns=\"http:\/\/www.w3.org\/2000\/svg\"><path fill=\"currentColor\" d=\"M224.3 273l-136 136c-9.4 9.4-24.6 9.4-33.9 0l-22.6-22.6c-9.4-9.4-9.4-24.6 0-33.9l96.4-96.4-96.4-96.4c-9.4-9.4-9.4-24.6 0-33.9L54.3 103c9.4-9.4 24.6-9.4 33.9 0l136 136c9.5 9.4 9.5 24.6.1 34z\"><\/path><\/svg><\/span><\/a>\r\n\n<\/div>\n<\/div><\/div>\n<\/div>\n<\/div>\n<p><\/p>\n\n<!--more-->\n<div class=\"gb-container gb-container-4059a5c9\">\n<div class=\"gb-grid-wrapper gb-grid-wrapper-35d95c05\">\n<div class=\"gb-grid-column gb-grid-column-6d9445dc\"><div class=\"gb-container gb-container-6d9445dc\">\n<div class=\"gb-container gb-container-339b0621\">\n<div class=\"gb-grid-wrapper gb-grid-wrapper-78b289cc\">\n<div class=\"gb-grid-column gb-grid-column-0c704c82\"><div class=\"gb-container gb-container-0c704c82\">\n\n<h3 class=\"gb-headline gb-headline-918647bc\"><span class=\"gb-icon\"><svg aria-hidden=\"true\" role=\"img\" height=\"1em\" width=\"1em\" viewBox=\"0 0 256 512\" xmlns=\"http:\/\/www.w3.org\/2000\/svg\"><path fill=\"currentColor\" d=\"M224.3 273l-136 136c-9.4 9.4-24.6 9.4-33.9 0l-22.6-22.6c-9.4-9.4-9.4-24.6 0-33.9l96.4-96.4-96.4-96.4c-9.4-9.4-9.4-24.6 0-33.9L54.3 103c9.4-9.4 24.6-9.4 33.9 0l136 136c9.5 9.4 9.5 24.6.1 34z\"><\/path><\/svg><\/span><span class=\"gb-headline-text\">\u00c1mbito de aplicaci\u00f3n<\/span><\/h3>\r\n\n\n\n<p>Protac KneedMe\u00ae es un elemento integrador de la vida cuotidiana en muchas residencias, salas de psiquiatr\u00eda, \u00e1reas de rehabilitaci\u00f3n, guarder\u00edas, escuelas, salas de estimulaci\u00f3n sensorial, consultas de dentistas&#8230; y tambi\u00e9n en el \u00e1mbito dom\u00e9stico.<\/p>\n\n\n\n<p>Se puede utilizar tanto para actividades de la vida diaria como la cura y la higiene personas, durante la hora de las comidas o mientras descansamos en el sof\u00e1; es decir, durante cualquier activitat en la que el usuario se encuentre inseguro.<\/p>\n\n<\/div><\/div>\n\n<div class=\"gb-grid-column gb-grid-column-dd07195a\"><div class=\"gb-container gb-container-dd07195a\">\n\n<h3 class=\"gb-headline gb-headline-eda03dba\"><span class=\"gb-icon\"><svg aria-hidden=\"true\" role=\"img\" height=\"1em\" width=\"1em\" viewBox=\"0 0 256 512\" xmlns=\"http:\/\/www.w3.org\/2000\/svg\"><path fill=\"currentColor\" d=\"M224.3 273l-136 136c-9.4 9.4-24.6 9.4-33.9 0l-22.6-22.6c-9.4-9.4-9.4-24.6 0-33.9l96.4-96.4-96.4-96.4c-9.4-9.4-9.4-24.6 0-33.9L54.3 103c9.4-9.4 24.6-9.4 33.9 0l136 136c9.5 9.4 9.5 24.6.1 34z\"><\/path><\/svg><\/span><span class=\"gb-headline-text\">Recomendado por especialistas<\/span><\/h3>\r\n\n\n\n<p>Los terapeutas utilizan Protac KneedMe\u00ae en tratamientos a pacientes y usuarios que presenten dificultades para cooperar, concentrarse o tranquilizarse. Es beneficioso para el trabajo cognitivo, la parla, de las curas personas, de la higiene, en la vida diaria o en el tratamiento seg\u00fan el m\u00e9todo de Affolter y el concepto Bobath.<\/p>\n\n<\/div><\/div>\n\n<div class=\"gb-grid-column gb-grid-column-ec3ab1e9\"><div class=\"gb-container gb-container-ec3ab1e9\">\n\n<h3 class=\"gb-headline gb-headline-55933cf6\"><span class=\"gb-icon\"><svg aria-hidden=\"true\" role=\"img\" height=\"1em\" width=\"1em\" viewBox=\"0 0 256 512\" xmlns=\"http:\/\/www.w3.org\/2000\/svg\"><path fill=\"currentColor\" d=\"M224.3 273l-136 136c-9.4 9.4-24.6 9.4-33.9 0l-22.6-22.6c-9.4-9.4-9.4-24.6 0-33.9l96.4-96.4-96.4-96.4c-9.4-9.4-9.4-24.6 0-33.9L54.3 103c9.4-9.4 24.6-9.4 33.9 0l136 136c9.5 9.4 9.5 24.6.1 34z\"><\/path><\/svg><\/span><span class=\"gb-headline-text\">Dise\u00f1o y medidas<\/span><\/h3>\r\n\n\n\n<p>Protac KneedMe\u00ae se compone de una cubierta exterior extra\u00edble con asas para acomodarlo y una bolsa de bolas dispuestas en canales. A la parte superior tiene un bolsillo grande donde podemos colocar las manos. Dentro de la misma hay una correa donde engancharle objetos para entretenirse o proporcionar sensaciones t\u00e1ctiles o motoras. La funda del Protac KneedMe\u00ae se puede poner en la lavadora.<\/p>\n\n<\/div><\/div>\n<\/div>\n<\/div>\n<\/div><\/div>\n\n<div class=\"gb-grid-column gb-grid-column-64647c1d\"><div class=\"gb-container gb-container-64647c1d\">\n<div class=\"gb-container gb-container-a8003b88\">\n<div class=\"gb-grid-wrapper gb-grid-wrapper-dc03fae4\">\n<div class=\"gb-grid-column gb-grid-column-58c1c019\"><div class=\"gb-container gb-container-58c1c019\">\n<div class=\"gb-button-wrapper gb-button-wrapper-d9722fc1\">\n\n<a class=\"gb-button gb-button-75a52b5d\" href=\"https:\/\/shop.handycat.com\/es\/catalog\/producto\/kneedme-4kg\" target=\"_blank\" rel=\"noopener noreferrer\"><span class=\"gb-button-text\">Protac KneedMe\u00ae en la Tienda Online<\/span><span class=\"gb-icon\"><svg aria-hidden=\"true\" role=\"img\" height=\"1em\" width=\"1em\" viewBox=\"0 0 256 512\" xmlns=\"http:\/\/www.w3.org\/2000\/svg\"><path fill=\"currentColor\" d=\"M224.3 273l-136 136c-9.4 9.4-24.6 9.4-33.9 0l-22.6-22.6c-9.4-9.4-9.4-24.6 0-33.9l96.4-96.4-96.4-96.4c-9.4-9.4-9.4-24.6 0-33.9L54.3 103c9.4-9.4 24.6-9.4 33.9 0l136 136c9.5 9.4 9.5 24.6.1 34z\"><\/path><\/svg><\/span><\/a>\r\n\r\n\n<\/div>\n<\/div><\/div>\n<\/div>\n<\/div>\n<\/div><\/div>\n<\/div>\n<\/div>\n<p><\/p>\n","protected":false},"excerpt":{"rendered":"","protected":false},"author":4,"featured_media":0,"parent":0,"menu_order":0,"comment_status":"closed","ping_status":"closed","template":"","meta":{"footnotes":""},"class_list":{"0":"post-23543","1":"page","2":"type-page","3":"status-publish","5":"infinite-scroll-item"},"_links":{"self":[{"href":"https:\/\/www.handycat.com\/es\/wp-json\/wp\/v2\/pages\/23543","targetHints":{"allow":["GET"]}}],"collection":[{"href":"https:\/\/www.handycat.com\/es\/wp-json\/wp\/v2\/pages"}],"about":[{"href":"https:\/\/www.handycat.com\/es\/wp-json\/wp\/v2\/types\/page"}],"author":[{"embeddable":true,"href":"https:\/\/www.handycat.com\/es\/wp-json\/wp\/v2\/users\/4"}],"replies":[{"embeddable":true,"href":"https:\/\/www.handycat.com\/es\/wp-json\/wp\/v2\/comments?post=23543"}],"version-history":[{"count":4,"href":"https:\/\/www.handycat.com\/es\/wp-json\/wp\/v2\/pages\/23543\/revisions"}],"predecessor-version":[{"id":23548,"href":"https:\/\/www.handycat.com\/es\/wp-json\/wp\/v2\/pages\/23543\/revisions\/23548"}],"wp:attachment":[{"href":"https:\/\/www.handycat.com\/es\/wp-json\/wp\/v2\/media?parent=23543"}],"curies":[{"name":"wp","href":"https:\/\/api.w.org\/{rel}","templated":true}]}}