{"id":24000,"date":"2026-03-06T02:05:22","date_gmt":"2026-03-06T00:05:22","guid":{"rendered":"https:\/\/www.handycat.com\/proyeciones-interactivas-sensoriales-omi\/"},"modified":"2026-03-06T02:30:25","modified_gmt":"2026-03-06T00:30:25","slug":"proyeciones-interactivas-sensoriales-omi","status":"publish","type":"page","link":"https:\/\/www.handycat.com\/es\/proyeciones-interactivas-sensoriales-omi\/","title":{"rendered":"Proyeciones interactivas sensoriales OMi"},"content":{"rendered":"<div class=\"gb-container gb-container-7a7f2ddc\"><div class=\"gb-inside-container\">\n<div class=\"gb-grid-wrapper gb-grid-wrapper-d488807c\">\n<div class=\"gb-grid-column gb-grid-column-2eebfb73\"><div class=\"gb-container gb-container-2eebfb73\"><div class=\"gb-inside-container\">\n\n<h2 class=\"gb-headline gb-headline-7214c25e\"><span class=\"gb-icon\"><\/span><span class=\"gb-headline-text\">\u00bfTe imaginas poder convertir el suelo, la mesa o incluso la cama en una superficie interactiva?<\/span><\/h2>\n\n\n<div class=\"gb-container gb-container-6062f38a\"><div class=\"gb-inside-container\">\n<div class=\"gb-grid-wrapper gb-grid-wrapper-eb5f1f13\">\n<div class=\"gb-grid-column gb-grid-column-2a29cd7d\"><div class=\"gb-container gb-container-2a29cd7d\"><div class=\"gb-inside-container\">\n<div class=\"gb-container gb-container-abc98647\"><div class=\"gb-inside-container\">\n<div class=\"gb-grid-wrapper gb-grid-wrapper-1a414233\">\n<div class=\"gb-grid-column gb-grid-column-8921b22c\"><div class=\"gb-container gb-container-8921b22c\"><div class=\"gb-inside-container\">\n\n<figure class=\"wp-block-image size-full\"><img loading=\"lazy\" decoding=\"async\" width=\"640\" height=\"480\" src=\"https:\/\/www.handycat.com\/wp-content\/uploads\/2021\/05\/ladycoral.jpg\" alt=\"\" class=\"wp-image-20561\" srcset=\"https:\/\/www.handycat.com\/wp-content\/uploads\/2021\/05\/ladycoral.jpg 640w, https:\/\/www.handycat.com\/wp-content\/uploads\/2021\/05\/ladycoral-300x225.jpg 300w\" sizes=\"auto, (max-width: 640px) 100vw, 640px\" \/><\/figure>\n\n<\/div><\/div><\/div>\n\n<div class=\"gb-grid-column gb-grid-column-b601ac40\"><div class=\"gb-container gb-container-b601ac40\"><div class=\"gb-inside-container\">\n\n<p class=\"has-drop-cap has-text-align-left\">El proyector interactivo <strong>OMi<\/strong> ofrece <strong><span style=\"color:#f69a11\" class=\"has-inline-color\">proyecciones interactivas sensoriales<\/span><\/strong> con juegos, m\u00fasica y actividades sociales para animar y motivar a todas las generaciones en cualquier superficie.<\/p>\n\n\n\n<p>Poniendo \u00e9nfasis en la <strong>activaci\u00f3n del movimiento<\/strong> , estas proyecciones interactivas lideran la prestaci\u00f3n de <strong>actividades sensoriales inclusivas<\/strong> que premian cualquier nivel de participaci\u00f3n, por peque\u00f1a que sea.<\/p>\n\n<\/div><\/div><\/div>\n<\/div>\n<\/div><\/div>\n<\/div><\/div><\/div>\n<\/div>\n<\/div><\/div>\n<\/div><\/div><\/div>\n<\/div>\n<\/div><\/div><div class=\"gb-container gb-container-0a6cee1c\"><div class=\"gb-inside-container\">\n\n<h4 class=\"gb-headline gb-headline-90ca4680\"><span class=\"gb-icon\"><\/span><span class=\"gb-headline-text\">Hacer una actividad de forma regular que nos estimule al movimiento, a la comunicaci\u00f3n ya la implicaci\u00f3n mental<\/span><\/h4>\n\n\n\n<h4 class=\"gb-headline gb-headline-df497981 gb-headline-text\">es beneficioso para la salud y mejora nuestra calidad de vida.<\/h4>\n\n<\/div><\/div><div class=\"gb-container gb-container-ae6dd163\"><div class=\"gb-inside-container\">\n<div class=\"gb-grid-wrapper gb-grid-wrapper-db9e9484\">\n<div class=\"gb-grid-column gb-grid-column-d60067cf\"><div class=\"gb-container gb-container-d60067cf\"><div class=\"gb-inside-container\">\n\n<h2 class=\"wp-block-heading\"><strong><mark style=\"color:#f69a11\" class=\"has-inline-color\">OmiVista Mobii V4<\/mark><\/strong><br \/> El futuro de la estimulaci\u00f3n sensorial<\/h2>\n\n\n\n<p class=\"has-text-align-left\"><strong>OmiVista Mobii V4<\/strong> redefine la terapia interactiva: una soluci\u00f3n m\u00f3vil y accesible que transforma cualquier espacio en una experiencia cognitiva y f\u00edsica \u00fanica.<\/p>\n\n<\/div><\/div><\/div>\n\n<div class=\"gb-grid-column gb-grid-column-3f9479db\"><div class=\"gb-container gb-container-3f9479db\"><div class=\"gb-inside-container\">\n\n<figure class=\"wp-block-embed is-type-video is-provider-youtube wp-block-embed-youtube wp-embed-aspect-16-9 wp-has-aspect-ratio\"><div class=\"wp-block-embed__wrapper\">\n<iframe loading=\"lazy\" title=\"El futuro de la estimulaci\u00f3n sensorial. OMIVista Mobii V4\" width=\"1200\" height=\"675\" src=\"https:\/\/www.youtube.com\/embed\/ymbwApoVOao?feature=oembed\" frameborder=\"0\" allow=\"accelerometer; autoplay; clipboard-write; encrypted-media; gyroscope; picture-in-picture; web-share\" referrerpolicy=\"strict-origin-when-cross-origin\" allowfullscreen><\/iframe>\n<\/div><\/figure>\n\n<\/div><\/div><\/div>\n<\/div>\n<\/div><\/div><div class=\"gb-container gb-container-2ad68397\"><div class=\"gb-inside-container\">\n\n<h2 class=\"gb-headline gb-headline-a4746f0e\"><span class=\"gb-icon\"><\/span><span class=\"gb-headline-text\">\u00bfQu\u00e9 puedes hacer con la proyecci\u00f3n interactiva OMi?<\/span><\/h2>\n\n\n<div class=\"gb-container gb-container-2f7fb808\"><div class=\"gb-inside-container\">\n\n<p>Con la proyecci\u00f3n interactiva OMi puedes dispersar objetos, descubrir qu\u00e9 se esconde, resolver cuestionarios, tocar m\u00fasica, perseguir peces, hacer puzzles, clasificar, jugar a pelota&#8230; hay un amplio abanico de aplicaciones que te ayudar\u00e1n a conectar con los usuarios, <a href=\"https:\/\/www.youtube.com\/watch?v=YV-ykmTNiiw\" data-type=\"URL\" data-id=\"https:\/\/www.youtube.com\/watch?v=YV-ykmTNiiw\">descubre en este v\u00eddeo alguna de las actividades<\/a> .<\/p>\n\n<\/div><\/div>\n\n\n<figure class=\"wp-block-gallery has-nested-images columns-4 is-cropped wp-block-gallery-1 is-layout-flex wp-block-gallery-is-layout-flex\">\n<figure class=\"wp-block-image size-large\"><a href=\"https:\/\/www.handycat.com\/wp-content\/uploads\/2021\/05\/girlsstars.jpg\"><img loading=\"lazy\" decoding=\"async\" width=\"640\" height=\"480\" data-id=\"20555\" src=\"https:\/\/www.handycat.com\/wp-content\/uploads\/2021\/05\/girlsstars.jpg\" alt=\"\" class=\"wp-image-20555\" srcset=\"https:\/\/www.handycat.com\/wp-content\/uploads\/2021\/05\/girlsstars.jpg 640w, https:\/\/www.handycat.com\/wp-content\/uploads\/2021\/05\/girlsstars-300x225.jpg 300w\" sizes=\"auto, (max-width: 640px) 100vw, 640px\" \/><\/a><\/figure>\n\n\n\n<figure class=\"wp-block-image size-large\"><a href=\"https:\/\/www.handycat.com\/wp-content\/uploads\/2021\/05\/omiintro.jpg\"><img loading=\"lazy\" decoding=\"async\" width=\"640\" height=\"480\" data-id=\"20558\" src=\"https:\/\/www.handycat.com\/wp-content\/uploads\/2021\/05\/omiintro.jpg\" alt=\"\" class=\"wp-image-20558\" srcset=\"https:\/\/www.handycat.com\/wp-content\/uploads\/2021\/05\/omiintro.jpg 640w, https:\/\/www.handycat.com\/wp-content\/uploads\/2021\/05\/omiintro-300x225.jpg 300w\" sizes=\"auto, (max-width: 640px) 100vw, 640px\" \/><\/a><\/figure>\n\n\n\n<figure class=\"wp-block-image size-large\"><a href=\"https:\/\/www.handycat.com\/wp-content\/uploads\/2021\/05\/ladycoral.jpg\"><img loading=\"lazy\" decoding=\"async\" width=\"640\" height=\"480\" data-id=\"20561\" src=\"https:\/\/www.handycat.com\/wp-content\/uploads\/2021\/05\/ladycoral.jpg\" alt=\"\" class=\"wp-image-20561\" srcset=\"https:\/\/www.handycat.com\/wp-content\/uploads\/2021\/05\/ladycoral.jpg 640w, https:\/\/www.handycat.com\/wp-content\/uploads\/2021\/05\/ladycoral-300x225.jpg 300w\" sizes=\"auto, (max-width: 640px) 100vw, 640px\" \/><\/a><\/figure>\n\n\n\n<figure class=\"wp-block-image size-large\"><a href=\"https:\/\/www.handycat.com\/wp-content\/uploads\/2021\/05\/omisurface.jpg\"><img loading=\"lazy\" decoding=\"async\" width=\"640\" height=\"480\" data-id=\"20564\" src=\"https:\/\/www.handycat.com\/wp-content\/uploads\/2021\/05\/omisurface.jpg\" alt=\"\" class=\"wp-image-20564\" srcset=\"https:\/\/www.handycat.com\/wp-content\/uploads\/2021\/05\/omisurface.jpg 640w, https:\/\/www.handycat.com\/wp-content\/uploads\/2021\/05\/omisurface-300x225.jpg 300w\" sizes=\"auto, (max-width: 640px) 100vw, 640px\" \/><\/a><\/figure>\n\n\n\n<figure class=\"wp-block-image size-large\"><a href=\"https:\/\/www.handycat.com\/wp-content\/uploads\/2022\/03\/projector-interactiu-omi-noia-1024x768.jpg\"><img loading=\"lazy\" decoding=\"async\" width=\"1024\" height=\"768\" data-id=\"21375\" src=\"https:\/\/www.handycat.com\/wp-content\/uploads\/2022\/03\/projector-interactiu-omi-noia-1024x768.jpg\" alt=\"\" class=\"wp-image-21375\" srcset=\"https:\/\/www.handycat.com\/wp-content\/uploads\/2022\/03\/projector-interactiu-omi-noia-1024x768.jpg 1024w, https:\/\/www.handycat.com\/wp-content\/uploads\/2022\/03\/projector-interactiu-omi-noia-300x225.jpg 300w, https:\/\/www.handycat.com\/wp-content\/uploads\/2022\/03\/projector-interactiu-omi-noia-768x576.jpg 768w, https:\/\/www.handycat.com\/wp-content\/uploads\/2022\/03\/projector-interactiu-omi-noia.jpg 1366w\" sizes=\"auto, (max-width: 1024px) 100vw, 1024px\" \/><\/a><\/figure>\n<\/figure>\n\n<\/div><\/div><div class=\"gb-container gb-container-b2bd40eb\"><div class=\"gb-inside-container\">\n\n<h4 class=\"gb-headline gb-headline-d7f03cf0\"><span class=\"gb-icon\"><\/span><span class=\"gb-headline-text\">La gran variedad de contenidos interactivos significa que siempre existe cualquier actividad para todos, independientemente de la edad o la capacidad<\/span><\/h4>\n\n<\/div><\/div><div class=\"gb-container gb-container-e357a9da\"><div class=\"gb-inside-container\">\n\n<h2 class=\"gb-headline gb-headline-e18d357f\"><span class=\"gb-icon\"><\/span><span class=\"gb-headline-text\">Descubre m\u00e1s sobre los <strong><span style=\"color:#f69a11\" class=\"has-inline-color\">proyectores interactivos OMi<\/span><\/strong><\/span><\/h2>\n\n\n<div class=\"gb-grid-wrapper gb-grid-wrapper-5d435461\">\n<div class=\"gb-grid-column gb-grid-column-7b2ef659\"><div class=\"gb-container gb-container-7b2ef659\"><div class=\"gb-inside-container\">\n\n<figure class=\"wp-block-embed is-type-video is-provider-youtube wp-block-embed-youtube wp-embed-aspect-16-9 wp-has-aspect-ratio\"><div class=\"wp-block-embed__wrapper\">\n<iframe loading=\"lazy\" title=\"Descubre qu\u00e9 puedes hacer el con proyector interactivo OMi\" width=\"1200\" height=\"675\" src=\"https:\/\/www.youtube.com\/embed\/ChHD144cCMU?start=55&#038;feature=oembed\" frameborder=\"0\" allow=\"accelerometer; autoplay; clipboard-write; encrypted-media; gyroscope; picture-in-picture; web-share\" referrerpolicy=\"strict-origin-when-cross-origin\" allowfullscreen><\/iframe>\n<\/div><\/figure>\n\n<\/div><\/div><\/div>\n\n<div class=\"gb-grid-column gb-grid-column-80dfa515\"><div class=\"gb-container gb-container-80dfa515\"><div class=\"gb-inside-container\">\n\n<p class=\"has-text-align-left\">OMi es un sistema completo de proyecciones interactivas sobre cualquier superficie -dependiendo del producto escogido- cargado con <a href=\"https:\/\/youtu.be\/YV-ykmTNiiw\">200 aplicaciones ampliables<\/a> , con la opci\u00f3n de ser editable para crear su propio contenido. En ning\u00fan caso necesita suscripci\u00f3n ni para el software ni para las aplicaciones y ha obtenido los siguientes galardones: <\/p>\n\n\n\n<figure class=\"wp-block-image is-resized\"><img decoding=\"async\" src=\"https:\/\/www.handycat.com\/wp-content\/uploads\/2020\/01\/awards.png\" alt=\"\" style=\"width:468px;height:89px\" \/><\/figure>\n\n<\/div><\/div><\/div>\n<\/div>\n\n\n<h2 class=\"gb-headline gb-headline-87f3c855\"><span class=\"gb-icon\"><\/span><span class=\"gb-headline-text\">\u00bfQu\u00e9 tipo de <strong><mark style=\"color:#f69a11\" class=\"has-inline-color\">proyecciones interactivas<\/mark><\/strong> existen?<\/span><\/h2>\n\n\n<div class=\"gb-container gb-container-ee471b8b\">\n<div class=\"gb-grid-wrapper gb-grid-wrapper-cf2b5fbf\">\n<div class=\"gb-grid-column gb-grid-column-d39cdbd1\"><div class=\"gb-container gb-container-d39cdbd1\">\n\n<a class=\"gb-button gb-button-fa66a2c7\" href=\"https:\/\/www.handycat.com\/es\/proyeccion-sensorial-interactiva-omi-mobii\/\"><span class=\"gb-icon\"><\/span><span class=\"gb-button-text\">Omi Mobii<\/span><\/a>\n\n<\/div><\/div>\n\n<div class=\"gb-grid-column gb-grid-column-2a9f1842\"><div class=\"gb-container gb-container-2a9f1842\">\n\n<a class=\"gb-button gb-button-528bb246\" href=\"https:\/\/www.handycat.com\/es\/proyeccion-sensorial-interactiva-omi-install\/\"><span class=\"gb-icon\"><\/span><span class=\"gb-button-text\">Omi Install<\/span><\/a>\n\n<\/div><\/div>\n\n<div class=\"gb-grid-column gb-grid-column-803c2727\"><div class=\"gb-container gb-container-803c2727\">\n\n<a class=\"gb-button gb-button-1d34f387\" href=\"https:\/\/www.handycat.com\/es\/proyeccion-sensorial-interactiva-omi-wall\/\"><span class=\"gb-icon\"><\/span><span class=\"gb-button-text\">Omi Wall<\/span><\/a>\n\n<\/div><\/div>\n\n<div class=\"gb-grid-column gb-grid-column-d364611f\"><div class=\"gb-container gb-container-d364611f\">\n\n<a class=\"gb-button gb-button-aad4bc83\" href=\"https:\/\/www.handycat.com\/es\/proyeccion-sensorial-interactiva-omi-reflex\/\"><span class=\"gb-icon\"><\/span><span class=\"gb-button-text\">Omi Reflejo<\/span><\/a>\n\n<\/div><\/div>\n\n<div class=\"gb-grid-column gb-grid-column-3d1f198a\"><div class=\"gb-container gb-container-3d1f198a\">\n\n<a class=\"gb-button gb-button-95bf6e36\" href=\"https:\/\/www.handycat.com\/es\/proyeccion-sensorial-interactiva-omi-budii\/\"><span class=\"gb-icon\"><\/span><span class=\"gb-button-text\">Omi Budii<\/span><\/a>\n\n<\/div><\/div>\n<\/div>\n<\/div>\n\n<div class=\"gb-button-wrapper gb-button-wrapper-09d4f647\">\n\n<a class=\"gb-button gb-button-a3717238\" href=\"https:\/\/handycat.com\/contacte\/\"><span class=\"gb-icon\"><\/span><span class=\"gb-button-text\">\u00bfQuiere saber c\u00f3mo funciona? Contacte con nosotros para una demo <\/span><\/a>\n\n<\/div>\n<\/div><\/div>","protected":false},"excerpt":{"rendered":"<p>Hacer una actividad de forma regular que nos estimule al movimiento, a la comunicaci\u00f3n ya la implicaci\u00f3n mental es beneficioso para la salud y mejora nuestra calidad de vida. \u00bfQu\u00e9 puedes hacer con la proyecci\u00f3n interactiva OMi? Con la proyecci\u00f3n interactiva OMi puedes dispersar objetos, descubrir qu\u00e9 se esconde, resolver cuestionarios, tocar m\u00fasica, perseguir peces, &#8230; <a title=\"Proyeciones interactivas sensoriales OMi\" class=\"read-more\" href=\"https:\/\/www.handycat.com\/es\/proyeciones-interactivas-sensoriales-omi\/\" aria-label=\"Leer m\u00e1s sobre Proyeciones interactivas sensoriales OMi\">Leer m\u00e1s<\/a><\/p>\n","protected":false},"author":1,"featured_media":0,"parent":0,"menu_order":1,"comment_status":"closed","ping_status":"closed","template":"","meta":{"footnotes":""},"class_list":{"0":"post-24000","1":"page","2":"type-page","3":"status-publish","5":"infinite-scroll-item"},"_links":{"self":[{"href":"https:\/\/www.handycat.com\/es\/wp-json\/wp\/v2\/pages\/24000","targetHints":{"allow":["GET"]}}],"collection":[{"href":"https:\/\/www.handycat.com\/es\/wp-json\/wp\/v2\/pages"}],"about":[{"href":"https:\/\/www.handycat.com\/es\/wp-json\/wp\/v2\/types\/page"}],"author":[{"embeddable":true,"href":"https:\/\/www.handycat.com\/es\/wp-json\/wp\/v2\/users\/1"}],"replies":[{"embeddable":true,"href":"https:\/\/www.handycat.com\/es\/wp-json\/wp\/v2\/comments?post=24000"}],"version-history":[{"count":2,"href":"https:\/\/www.handycat.com\/es\/wp-json\/wp\/v2\/pages\/24000\/revisions"}],"predecessor-version":[{"id":24010,"href":"https:\/\/www.handycat.com\/es\/wp-json\/wp\/v2\/pages\/24000\/revisions\/24010"}],"wp:attachment":[{"href":"https:\/\/www.handycat.com\/es\/wp-json\/wp\/v2\/media?parent=24000"}],"curies":[{"name":"wp","href":"https:\/\/api.w.org\/{rel}","templated":true}]}}