{"id":24007,"date":"2026-03-06T02:22:54","date_gmt":"2026-03-06T00:22:54","guid":{"rendered":"https:\/\/www.handycat.com\/proyeccion-sensorial-interactiva-omi-mobii\/"},"modified":"2026-03-06T02:22:58","modified_gmt":"2026-03-06T00:22:58","slug":"proyeccion-sensorial-interactiva-omi-mobii","status":"publish","type":"page","link":"https:\/\/www.handycat.com\/es\/proyeccion-sensorial-interactiva-omi-mobii\/","title":{"rendered":"Proyecci\u00f3n sensorial interactiva OMi Mobii"},"content":{"rendered":"<div class=\"gb-container gb-container-ae6dd163\"><div class=\"gb-inside-container\">\n<div class=\"gb-grid-wrapper gb-grid-wrapper-db9e9484\">\n<div class=\"gb-grid-column gb-grid-column-d60067cf\"><div class=\"gb-container gb-container-d60067cf\"><div class=\"gb-inside-container\">\n\n<h2 class=\"wp-block-heading\"><strong><mark style=\"color:#f69a11\" class=\"has-inline-color\">OmiVista Mobii V4<\/mark><\/strong><br \/> El futuro de la estimulaci\u00f3n sensorial<\/h2>\n\n\n\n<p class=\"has-text-align-left\"><strong>OmiVista Mobii V4<\/strong> redefine la terapia interactiva: una soluci\u00f3n m\u00f3vil y accesible que transforma cualquier espacio en una experiencia cognitiva y f\u00edsica \u00fanica.<\/p>\n\n<\/div><\/div><\/div>\n\n<div class=\"gb-grid-column gb-grid-column-3f9479db\"><div class=\"gb-container gb-container-3f9479db\"><div class=\"gb-inside-container\">\n\n<figure class=\"wp-block-embed is-type-video is-provider-youtube wp-block-embed-youtube wp-embed-aspect-16-9 wp-has-aspect-ratio\"><div class=\"wp-block-embed__wrapper\">\n<iframe loading=\"lazy\" title=\"El futuro de la estimulaci\u00f3n sensorial. OMIVista Mobii V4\" width=\"1200\" height=\"675\" src=\"https:\/\/www.youtube.com\/embed\/ymbwApoVOao?feature=oembed\" frameborder=\"0\" allow=\"accelerometer; autoplay; clipboard-write; encrypted-media; gyroscope; picture-in-picture; web-share\" referrerpolicy=\"strict-origin-when-cross-origin\" allowfullscreen><\/iframe>\n<\/div><\/figure>\n\n<\/div><\/div><\/div>\n<\/div>\n<\/div><\/div><div class=\"gb-container gb-container-a6e1f034\"><div class=\"gb-inside-container\">\n<div class=\"gb-grid-wrapper gb-grid-wrapper-6f8c25c5\">\n<div class=\"gb-grid-column gb-grid-column-075bbd32\"><div class=\"gb-container gb-container-075bbd32\"><div class=\"gb-inside-container\">\n\n<figure class=\"gb-block-image gb-block-image-4850b16a\"><img loading=\"lazy\" decoding=\"async\" width=\"1080\" height=\"1080\" class=\"gb-image gb-image-4850b16a\" src=\"https:\/\/www.handycat.com\/wp-content\/uploads\/2025\/03\/Mobii-V4-Height-Positions.png\" alt=\"\" title=\"Mobii V4 Height Positions\" srcset=\"https:\/\/www.handycat.com\/wp-content\/uploads\/2025\/03\/Mobii-V4-Height-Positions.png 1080w, https:\/\/www.handycat.com\/wp-content\/uploads\/2025\/03\/Mobii-V4-Height-Positions-300x300.png 300w, https:\/\/www.handycat.com\/wp-content\/uploads\/2025\/03\/Mobii-V4-Height-Positions-1024x1024.png 1024w, https:\/\/www.handycat.com\/wp-content\/uploads\/2025\/03\/Mobii-V4-Height-Positions-150x150.png 150w, https:\/\/www.handycat.com\/wp-content\/uploads\/2025\/03\/Mobii-V4-Height-Positions-768x768.png 768w\" sizes=\"auto, (max-width: 1080px) 100vw, 1080px\" \/><\/figure>\n\n<\/div><\/div><\/div>\n\n<div class=\"gb-grid-column gb-grid-column-43228398\"><div class=\"gb-container gb-container-43228398\"><div class=\"gb-inside-container\">\n\n<h2 class=\"gb-headline gb-headline-7c30156e\"><span class=\"gb-icon\"><\/span><span class=\"gb-headline-text\">Sistema de proyecci\u00f3n interactiva m\u00f3vil sobre cualquier superficie horizontal<\/span><\/h2>\n\n\n\n<p>Nueva versi\u00f3n V4 con proyector Laser: imagen m\u00e1s clara y menos mantenimiento.<\/p>\n\n\n\n<p>Convierte el suelo, la mesa o la cama en una superficie interactiva<\/p>\n\n\n\n<h2 class=\"gb-headline gb-headline-9a8d7c3b\"><span class=\"gb-icon\"><\/span><span class=\"gb-headline-text\">Suite de contenidos interactivos adaptados y personalizables<\/span><\/h2>\n\n\n\n<p>Diferentes efectos y aplicaciones para trabajar la activaci\u00f3n del movimiento, la estimulaci\u00f3n cognitiva, la coordinaci\u00f3n y los reflejos, la comunicaci\u00f3n y la reminiscencia.<\/p>\n\n\n\n<p>M\u00e1s de 200 aplicaciones instalables y ampliables al infinito con la versi\u00f3n editable.<\/p>\n\n<\/div><\/div><\/div>\n<\/div>\n<\/div><\/div><div class=\"gb-container gb-container-cd2d225c\"><div class=\"gb-inside-container\">\n<div class=\"gb-grid-wrapper gb-grid-wrapper-689fe4c7\">\n<div class=\"gb-grid-column gb-grid-column-310fec41\"><div class=\"gb-container gb-container-310fec41\"><div class=\"gb-inside-container\">\n\n<h3 class=\"gb-headline gb-headline-85677af8\"><span class=\"gb-icon\"><\/span><span class=\"gb-headline-text\">Sistema<\/span><\/h3>\n\n\n\n<p><strong>\u00bfDimensiones de la proyecci\u00f3n?<\/strong><\/p>\n\n\n\n<p>La medida \u00f3ptima sobre el suelo es de 2m a 3m de ancho, sobre la mesa de 1m a 1&#8217;6m y se puede ajustar la proyecci\u00f3n seg\u00fan sea la conveniencia.<\/p>\n\n\n\n<p><strong>\u00bfNecesitamos oscuridad?<\/strong><\/p>\n\n\n\n<p>No es necesario estar a oscuras para disfrutar de la proyecci\u00f3n sensorial interactiva.<\/p>\n\n\n\n<p><strong>\u00bfQu\u00e9 instalaci\u00f3n se necesita?<\/strong><\/p>\n\n\n\n<p>Al ser una unidad m\u00f3vil no requiere instalaci\u00f3n<\/p>\n\n\n\n<p><strong>\u00bfPodemos utilizarlo en cualquier sitio?<\/strong><\/p>\n\n\n\n<p>Si, se puede utilizar en cualquier sala, habitaci\u00f3n o hasta en el pasillo. Mejor que sea de superficie clara, aunque tambi\u00e9n disponemos de vinilos blancos. <\/p>\n\n<\/div><\/div><\/div>\n\n<div class=\"gb-grid-column gb-grid-column-e3958e55\"><div class=\"gb-container gb-container-e3958e55\"><div class=\"gb-inside-container\">\n\n<h3 class=\"gb-headline gb-headline-2beb75b5\"><span class=\"gb-icon\"><\/span><span class=\"gb-headline-text\">Funcionamiento<\/span><\/h3>\n\n\n\n<p class=\"has-text-align-left\"><strong>\u00bfA qui\u00e9n van dirigidas estas proyecciones sensoriales?<\/strong><\/p>\n\n\n\n<p>A todo el mundo sin excepci\u00f3n. Cada aplicaci\u00f3n se ajusta seg\u00fan las capacidades de cada persona o de los objetivos terap\u00e9uticos que queramos conseguir. <\/p>\n\n\n\n<p><strong>\u00bfDetecta a m\u00e1s de una persona a la vez?<\/strong><\/p>\n\n\n\n<p>Si, cada persona que interactue con el proyector obtendr\u00e1 su respuesta, se encuentre en un lado o en otro de la proyecci\u00f3n. La proyecci\u00f3n sensorial es altamente sensible y se puede trabajar en grupo o individualmente. <\/p>\n\n\n\n<p><strong>\u00bfQu\u00e9 papel juega el terapeuta?<\/strong><\/p>\n\n\n\n<p>El\/la terapeuta deber\u00e1 preparar las sesiones con las aplicaciones que utilizar\u00e1 de acuerdo con los objetivos terap\u00e9uticos de la persona o del grupo.<\/p>\n\n<\/div><\/div><\/div>\n\n<div class=\"gb-grid-column gb-grid-column-c6d71b88\"><div class=\"gb-container gb-container-c6d71b88\"><div class=\"gb-inside-container\">\n\n<h3 class=\"gb-headline gb-headline-97365945\"><span class=\"gb-icon\"><\/span><span class=\"gb-headline-text\">Contenido<\/span><\/h3>\n\n\n\n<p class=\"has-text-align-left\"><strong>\u00bfCu\u00e1ntas aplicaciones tiene?<\/strong><\/p>\n\n\n\n<p class=\"has-text-align-left\">El proyector interactivo Mobii viene preconfigurado con 200 aplicaciones de inicio. Estas aplicaciones se agrupan en diferentes efectos: dispersar, explotar, descubrir, zonas, agua y cuestionarios. <\/p>\n\n\n\n<p class=\"has-text-align-left\">La versi\u00f3n editable permite crear y editar las aplicaciones desde el mismo proyector y utilizar fotograf\u00edas, v\u00eddeos y m\u00fasica propios para hacerlo realmente centrado en la persona, centro o instituci\u00f3n.<\/p>\n\n\n\n<p class=\"has-text-align-left\"><strong>\u00bfPara qu\u00e9 edades es el contenido?<\/strong><\/p>\n\n\n\n<p class=\"has-text-align-left\">El contenido de las aplicaciones es intergeneracional, es decir, no est\u00e1 infantilizado.<\/p>\n\n\n\n<p class=\"has-text-align-left\">Cualquier persona de cualquier edad y capacidad le encontrar\u00e1 interesante y disfrutar\u00e1. Puede ver este <a href=\"https:\/\/www.youtube.com\/watch?v=YV-ykmTNiiw\">v\u00eddeo<\/a> con ejemplos de aplicaciones. <\/p>\n\n<\/div><\/div><\/div>\n<\/div>\n<\/div><\/div><div class=\"gb-container gb-container-b8f14b40 rounded-corners\"><div class=\"gb-inside-container\">\n<div class=\"gb-grid-wrapper gb-grid-wrapper-620eb19f rounded-corners\">\n<div class=\"gb-grid-column gb-grid-column-35a2ddb5\"><div class=\"gb-container gb-container-35a2ddb5 rounded-corners\"><div class=\"gb-inside-container\">\n\n<figure class=\"gb-block-image gb-block-image-bf10c1c4\"><img loading=\"lazy\" decoding=\"async\" width=\"2040\" height=\"2040\" class=\"gb-image gb-image-bf10c1c4 rounded-corners \" src=\"https:\/\/www.handycat.com\/wp-content\/uploads\/2022\/11\/ig_handycat_omipedres.jpg\" alt=\"\" title=\"ig_handycat_omipiedres\" srcset=\"https:\/\/www.handycat.com\/wp-content\/uploads\/2022\/11\/ig_handycat_omipedres.jpg 2040w, https:\/\/www.handycat.com\/wp-content\/uploads\/2022\/11\/ig_handycat_omipedres-300x300.jpg 300w, https:\/\/www.handycat.com\/wp-content\/uploads\/2022\/11\/ig_handycat_omipedres-1024x1024.jpg 1024w, https:\/\/www.handycat.com\/wp-content\/uploads\/2022\/11\/ig_handycat_omipedres-150x150.jpg 150w, https:\/\/www.handycat.com\/wp-content\/uploads\/2022\/11\/ig_handycat_omipedres-768x768.jpg 768w, https:\/\/www.handycat.com\/wp-content\/uploads\/2022\/11\/ig_handycat_omipedres-1536x1536.jpg 1536w\" sizes=\"auto, (max-width: 2040px) 100vw, 2040px\" \/><\/figure>\n\n<\/div><\/div><\/div>\n\n<div class=\"gb-grid-column gb-grid-column-ba7d8545\"><div class=\"gb-container gb-container-ba7d8545\"><div class=\"gb-inside-container\">\n\n<figure class=\"wp-block-image size-large rounded-corners\"><img loading=\"lazy\" decoding=\"async\" width=\"1024\" height=\"1024\" src=\"https:\/\/www.handycat.com\/wp-content\/uploads\/2022\/11\/ig_handycat_omiterrasn-1024x1024.jpg\" alt=\"\" class=\"wp-image-21859\" srcset=\"https:\/\/www.handycat.com\/wp-content\/uploads\/2022\/11\/ig_handycat_omiterrasn-1024x1024.jpg 1024w, https:\/\/www.handycat.com\/wp-content\/uploads\/2022\/11\/ig_handycat_omiterrasn-300x300.jpg 300w, https:\/\/www.handycat.com\/wp-content\/uploads\/2022\/11\/ig_handycat_omiterrasn-150x150.jpg 150w, https:\/\/www.handycat.com\/wp-content\/uploads\/2022\/11\/ig_handycat_omiterrasn-768x768.jpg 768w, https:\/\/www.handycat.com\/wp-content\/uploads\/2022\/11\/ig_handycat_omiterrasn-1536x1536.jpg 1536w, https:\/\/www.handycat.com\/wp-content\/uploads\/2022\/11\/ig_handycat_omiterrasn.jpg 2040w\" sizes=\"auto, (max-width: 1024px) 100vw, 1024px\" \/><\/figure>\n\n<\/div><\/div><\/div>\n\n<div class=\"gb-grid-column gb-grid-column-2a5dbc8f\"><div class=\"gb-container gb-container-2a5dbc8f\"><div class=\"gb-inside-container\">\n\n<figure class=\"wp-block-image size-large rounded-corners\"><img loading=\"lazy\" decoding=\"async\" width=\"1024\" height=\"1024\" src=\"https:\/\/www.handycat.com\/wp-content\/uploads\/2022\/11\/ig_handycat_omiterragrup-1024x1024.jpg\" alt=\"\" class=\"wp-image-21862\" srcset=\"https:\/\/www.handycat.com\/wp-content\/uploads\/2022\/11\/ig_handycat_omiterragrup-1024x1024.jpg 1024w, https:\/\/www.handycat.com\/wp-content\/uploads\/2022\/11\/ig_handycat_omiterragrup-300x300.jpg 300w, https:\/\/www.handycat.com\/wp-content\/uploads\/2022\/11\/ig_handycat_omiterragrup-150x150.jpg 150w, https:\/\/www.handycat.com\/wp-content\/uploads\/2022\/11\/ig_handycat_omiterragrup-768x768.jpg 768w, https:\/\/www.handycat.com\/wp-content\/uploads\/2022\/11\/ig_handycat_omiterragrup-1536x1536.jpg 1536w, https:\/\/www.handycat.com\/wp-content\/uploads\/2022\/11\/ig_handycat_omiterragrup.jpg 2040w\" sizes=\"auto, (max-width: 1024px) 100vw, 1024px\" \/><\/figure>\n\n<\/div><\/div><\/div>\n\n<div class=\"gb-grid-column gb-grid-column-1f2e7e2b\"><div class=\"gb-container gb-container-1f2e7e2b\"><div class=\"gb-inside-container\">\n\n<figure class=\"wp-block-image size-large rounded-corners\"><img loading=\"lazy\" decoding=\"async\" width=\"1024\" height=\"1024\" src=\"https:\/\/www.handycat.com\/wp-content\/uploads\/2022\/11\/ig_handycat_OMigransresi-1024x1024.jpg\" alt=\"\" class=\"wp-image-21865\" srcset=\"https:\/\/www.handycat.com\/wp-content\/uploads\/2022\/11\/ig_handycat_OMigransresi-1024x1024.jpg 1024w, https:\/\/www.handycat.com\/wp-content\/uploads\/2022\/11\/ig_handycat_OMigransresi-300x300.jpg 300w, https:\/\/www.handycat.com\/wp-content\/uploads\/2022\/11\/ig_handycat_OMigransresi-150x150.jpg 150w, https:\/\/www.handycat.com\/wp-content\/uploads\/2022\/11\/ig_handycat_OMigransresi-768x768.jpg 768w, https:\/\/www.handycat.com\/wp-content\/uploads\/2022\/11\/ig_handycat_OMigransresi-1536x1536.jpg 1536w, https:\/\/www.handycat.com\/wp-content\/uploads\/2022\/11\/ig_handycat_OMigransresi.jpg 2040w\" sizes=\"auto, (max-width: 1024px) 100vw, 1024px\" \/><\/figure>\n\n<\/div><\/div><\/div>\n<\/div>\n<\/div><\/div><div class=\"gb-container gb-container-66313a5d\"><div class=\"gb-inside-container\">\n<div class=\"gb-grid-wrapper gb-grid-wrapper-d7ae0037\">\n<div class=\"gb-grid-column gb-grid-column-32d7c283\"><div class=\"gb-container gb-container-32d7c283\"><div class=\"gb-inside-container\">\n<div class=\"gb-button-wrapper gb-button-wrapper-5042a122\">\n\n<a class=\"gb-button gb-button-d02ce901\" href=\"https:\/\/handycat.com\/contacte\/\" target=\"_blank\" rel=\"noopener noreferrer\"><span class=\"gb-icon\"><\/span><span class=\"gb-button-text\">\u00bfQuieres verlo? P\u00eddenos una demo <\/span><\/a>\n\n<\/div>\n<\/div><\/div><\/div>\n<\/div>\n\n<div class=\"gb-container gb-container-79cc5fb1\"><div class=\"gb-inside-container\">\n<div class=\"gb-grid-wrapper gb-grid-wrapper-eaee9c3e\">\n<div class=\"gb-grid-column gb-grid-column-338e8d0a\"><div class=\"gb-container gb-container-338e8d0a\"><div class=\"gb-inside-container\">\n\n<h3 class=\"gb-headline gb-headline-3c9b5ebf\"><span class=\"gb-icon\"><\/span><span class=\"gb-headline-text\">Formaci\u00f3n<\/span><\/h3>\n\n\n\n<p><strong>\u00bfSe necesita formaci\u00f3n?<\/strong><\/p>\n\n\n\n<p>En el presupuesto del proyector se incluye una formaci\u00f3n de 2h correspondiente al uso del proyector, como variar la dificultad en las aplicaciones, creaci\u00f3n de carpetas y funcionamiento general.<\/p>\n\n\n\n<p><strong>\u00bfEs obligatoria la formaci\u00f3n de edici\u00f3n de aplicaciones?<\/strong><\/p>\n\n\n\n<p>No es obligatoria pero si recomendable aunque para la compra del proyector interactivo editable se incluye un manual muy bien explicado. La formaci\u00f3n de edici\u00f3n de aplicaciones tiene una duraci\u00f3n de 6h y se trata de manera pr\u00e1ctica c\u00f3mo crear cada tipo de aplicaci\u00f3n. <\/p>\n\n<\/div><\/div><\/div>\n\n<div class=\"gb-grid-column gb-grid-column-8d656bf2\"><div class=\"gb-container gb-container-8d656bf2\"><div class=\"gb-inside-container\">\n\n<h3 class=\"gb-headline gb-headline-9fb4c5f0\"><span class=\"gb-icon\"><\/span><span class=\"gb-headline-text\">Servicios<\/span><\/h3>\n\n\n\n<p><strong>\u00bfHay soporte para resolver incidencias o despejar dudas?<\/strong><\/p>\n\n\n\n<p>Si, durante nuestro horario de oficina podremos resolver cualquier duda o incidencia que teng\u00e1is.<\/p>\n\n\n\n<p><strong>\u00bfSe necesita suscripci\u00f3n?<\/strong><\/p>\n\n\n\n<p>En ning\u00fan caso funciona con suscripci\u00f3n, la versi\u00f3n est\u00e0ndar contiene las aplicaciones que hab\u00e9is adquirido y con la versi\u00f3n editable, la creaci\u00f3n de aplicaciones es infinita.<\/p>\n\n\n\n<p><strong>\u00bfCree nuevas aplicaciones?<\/strong><\/p>\n\n\n\n<p>Si, desde Handycat, peri\u00f3dicamente creamos nuevas aplicaciones para las proyecciones interactivas que, seg\u00fan la naturaleza, podr\u00e1m ser gratuitas o tener alg\u00fan coste.<\/p>\n\n<\/div><\/div><\/div>\n\n<div class=\"gb-grid-column gb-grid-column-60245d79\"><div class=\"gb-container gb-container-60245d79\"><div class=\"gb-inside-container\">\n\n<h3 class=\"gb-headline gb-headline-f8dbe273\"><span class=\"gb-icon\"><\/span><span class=\"gb-headline-text\">Compra<\/span><\/h3>\n\n\n\n<p><strong>\u00bfQu\u00e9 versiones existen?<\/strong><\/p>\n\n\n\n<p>Hay la versi\u00f3n editable y la no editable. La versi\u00f3n no editable se puede convertir en editable cuando convenga con una actualizaci\u00f3n del software. <\/p>\n\n\n\n<p><strong>\u00bfCu\u00e1ndo recibiremos el proyector?<\/strong><\/p>\n\n\n\n<p>Una vez formalizado el pedido, en un per\u00edodo de 1 mes podr\u00e9is disfrutar de vuestro proyector sensorial interactivo.<\/p>\n\n\n\n<p>Os lo entregaremos en vuestro centro y os explicaremos el funcionamiento b\u00e1sico, \u00a1listo para utilizar!<\/p>\n\n<\/div><\/div><\/div>\n<\/div>\n<\/div><\/div>\n\n<div class=\"gb-container gb-container-4113137e\"><div class=\"gb-inside-container\">\n<div class=\"gb-button-wrapper gb-button-wrapper-fe6b2661\">\n\n<a class=\"gb-button gb-button-98b9f99d\" href=\"https:\/\/handycat.com\/contacte\/\" target=\"_blank\" rel=\"noopener noreferrer\"><span class=\"gb-icon\"><\/span><span class=\"gb-button-text\">Pide informaci\u00f3n y precio<\/span><\/a>\n\n<\/div>\n<\/div><\/div>\n<\/div><\/div><div class=\"gb-container gb-container-a28b10b1\"><div class=\"gb-inside-container\">\n<div class=\"gb-grid-wrapper gb-grid-wrapper-1f88aa5c\">\n<div class=\"gb-grid-column gb-grid-column-ccf671cc\"><div class=\"gb-container gb-container-ccf671cc\"><div class=\"gb-inside-container\">\n\n<h2 class=\"gb-headline gb-headline-50e5aae1\"><span class=\"gb-icon\"><\/span><span class=\"gb-headline-text\">\u00bfQuiere ver m\u00e1s modelos de proyecciones interactivas?<\/span><\/h2>\n\n\n<div class=\"gb-grid-wrapper gb-grid-wrapper-b42d4af8\">\n<div class=\"gb-grid-column gb-grid-column-89396072\"><div class=\"gb-container gb-container-89396072\"><div class=\"gb-inside-container\">\n<div class=\"gb-button-wrapper gb-button-wrapper-0b79da28\">\n\n<a class=\"gb-button gb-button-c800e84f\" href=\"https:\/\/handycat.com\/projeccio-sensorial-interactiva-omi-install\/\"><span class=\"gb-icon\"><\/span><span class=\"gb-button-text\"><strong>Omi Install<\/strong><\/span><\/a>\n\n<\/div>\n<\/div><\/div><\/div>\n\n<div class=\"gb-grid-column gb-grid-column-e44a8b3e\"><div class=\"gb-container gb-container-e44a8b3e\"><div class=\"gb-inside-container\">\n<div class=\"gb-button-wrapper gb-button-wrapper-5c3fcad9\">\n\n<a class=\"gb-button gb-button-4ce0805f\" href=\"https:\/\/handycat.com\/projeccio-sensorial-interactiva-omi-reflex\/\"><span class=\"gb-icon\"><\/span><span class=\"gb-button-text\"><strong>Omi Reflejo<\/strong><\/span><\/a>\n\n<\/div>\n<\/div><\/div><\/div>\n\n<div class=\"gb-grid-column gb-grid-column-2f900688\"><div class=\"gb-container gb-container-2f900688\"><div class=\"gb-inside-container\">\n<div class=\"gb-button-wrapper gb-button-wrapper-5a680c58\">\n\n<a class=\"gb-button gb-button-846a0a9f\" href=\"https:\/\/handycat.com\/projeccio-sensorial-interactiva-omi-budii\/\"><span class=\"gb-icon\"><\/span><span class=\"gb-button-text\"><strong>Omi Budii<\/strong><\/span><\/a>\n\n<\/div>\n<\/div><\/div><\/div>\n\n<div class=\"gb-grid-column gb-grid-column-6a02693f\"><div class=\"gb-container gb-container-6a02693f\">\n\n<a class=\"gb-button gb-button-98ebcc96\" href=\"https:\/\/www.handycat.com\/es\/proyeccion-sensorial-interactiva-omi-wall\/\"><span class=\"gb-icon\"><\/span><span class=\"gb-button-text\"><strong>Omi Wall<\/strong><\/span><\/a>\n\n<\/div><\/div>\n<\/div>\n<\/div><\/div><\/div>\n<\/div>\n<\/div><\/div>","protected":false},"excerpt":{"rendered":"","protected":false},"author":2,"featured_media":0,"parent":0,"menu_order":0,"comment_status":"closed","ping_status":"closed","template":"","meta":{"footnotes":""},"class_list":{"0":"post-24007","1":"page","2":"type-page","3":"status-publish","5":"infinite-scroll-item"},"_links":{"self":[{"href":"https:\/\/www.handycat.com\/es\/wp-json\/wp\/v2\/pages\/24007","targetHints":{"allow":["GET"]}}],"collection":[{"href":"https:\/\/www.handycat.com\/es\/wp-json\/wp\/v2\/pages"}],"about":[{"href":"https:\/\/www.handycat.com\/es\/wp-json\/wp\/v2\/types\/page"}],"author":[{"embeddable":true,"href":"https:\/\/www.handycat.com\/es\/wp-json\/wp\/v2\/users\/2"}],"replies":[{"embeddable":true,"href":"https:\/\/www.handycat.com\/es\/wp-json\/wp\/v2\/comments?post=24007"}],"version-history":[{"count":2,"href":"https:\/\/www.handycat.com\/es\/wp-json\/wp\/v2\/pages\/24007\/revisions"}],"predecessor-version":[{"id":24009,"href":"https:\/\/www.handycat.com\/es\/wp-json\/wp\/v2\/pages\/24007\/revisions\/24009"}],"wp:attachment":[{"href":"https:\/\/www.handycat.com\/es\/wp-json\/wp\/v2\/media?parent=24007"}],"curies":[{"name":"wp","href":"https:\/\/api.w.org\/{rel}","templated":true}]}}