{"id":24012,"date":"2026-03-06T02:30:22","date_gmt":"2026-03-06T00:30:22","guid":{"rendered":"https:\/\/www.handycat.com\/proyecion-sensorial-interactiva-omi-budii\/"},"modified":"2026-03-06T02:30:25","modified_gmt":"2026-03-06T00:30:25","slug":"proyecion-sensorial-interactiva-omi-budii","status":"publish","type":"page","link":"https:\/\/www.handycat.com\/es\/proyecion-sensorial-interactiva-omi-budii\/","title":{"rendered":"Proyeci\u00f3n sensorial interactiva OMi Budii"},"content":{"rendered":"<div class=\"gb-container gb-container-ae6dd163\"><div class=\"gb-inside-container\">\n<div class=\"gb-grid-wrapper gb-grid-wrapper-db9e9484\">\n<div class=\"gb-grid-column gb-grid-column-d60067cf\"><div class=\"gb-container gb-container-d60067cf\"><div class=\"gb-inside-container\">\n\n<h2 class=\"wp-block-heading\"><strong><strong><mark style=\"color:#f69a11\" class=\"has-inline-color\">Budii Sensory<\/mark><\/strong><\/strong><br \/>El futuro de la estimulaci\u00f3n sensorial<\/h2>\n\n\n\n<p class=\"has-text-align-left\"><strong>Budii Sensory<\/strong> Ccrea un entorno seguro y adaptado para personas con discapacidad o problemas de salud mental. Una herramienta interactiva que fomenta la comunicaci\u00f3n, la relajaci\u00f3n y el control sensorial. <\/p>\n\n<\/div><\/div><\/div>\n\n<div class=\"gb-grid-column gb-grid-column-3f9479db\"><div class=\"gb-container gb-container-3f9479db\"><div class=\"gb-inside-container\">\n\n<figure class=\"wp-block-embed is-type-video is-provider-youtube wp-block-embed-youtube wp-embed-aspect-16-9 wp-has-aspect-ratio\"><div class=\"wp-block-embed__wrapper\">\n<iframe loading=\"lazy\" title=\"Descubre Budii Sensory: Tecnolog\u00eda inclusiva para personas con discapacidad y retos sensoriales.\" width=\"1200\" height=\"675\" src=\"https:\/\/www.youtube.com\/embed\/h1gK7q5axlE?feature=oembed\" frameborder=\"0\" allow=\"accelerometer; autoplay; clipboard-write; encrypted-media; gyroscope; picture-in-picture; web-share\" referrerpolicy=\"strict-origin-when-cross-origin\" allowfullscreen><\/iframe>\n<\/div><\/figure>\n\n<\/div><\/div><\/div>\n<\/div>\n<\/div><\/div><div class=\"gb-container gb-container-e0abcf07\"><div class=\"gb-inside-container\">\n<div class=\"gb-grid-wrapper gb-grid-wrapper-0459c47d\">\n<div class=\"gb-grid-column gb-grid-column-b42b71a4\"><div class=\"gb-container gb-container-b42b71a4\"><div class=\"gb-inside-container\">\n\n<figure class=\"wp-block-embed is-type-video is-provider-youtube wp-block-embed-youtube wp-embed-aspect-16-9 wp-has-aspect-ratio\"><div class=\"wp-block-embed__wrapper\">\n<iframe loading=\"lazy\" title=\"Budii Care: Innovaci\u00f3n en estimulaci\u00f3n sensorial y cognitiva para personas mayores\" width=\"1200\" height=\"675\" src=\"https:\/\/www.youtube.com\/embed\/kS9GYZ3mdrI?feature=oembed\" frameborder=\"0\" allow=\"accelerometer; autoplay; clipboard-write; encrypted-media; gyroscope; picture-in-picture; web-share\" referrerpolicy=\"strict-origin-when-cross-origin\" allowfullscreen><\/iframe>\n<\/div><\/figure>\n\n<\/div><\/div><\/div>\n\n<div class=\"gb-grid-column gb-grid-column-64224d4c\"><div class=\"gb-container gb-container-64224d4c\"><div class=\"gb-inside-container\">\n\n<h2 class=\"wp-block-heading\"><strong><strong><mark style=\"color:#f69a11\" class=\"has-inline-color\">Budii Care<\/mark><\/strong><\/strong><br \/>El futuro del envejecimiento activo<\/h2>\n\n\n\n<p class=\"has-text-align-left\"><strong>Budii Care<\/strong> combina tecnolog\u00eda sensorial y calidez para mejorar el bienestar de las personas mayores. Una soluci\u00f3n interactiva y m\u00f3vil dise\u00f1ada para estimular la memoria, la movilidad y la conexi\u00f3n emocional. <\/p>\n\n<\/div><\/div><\/div>\n<\/div>\n<\/div><\/div><div class=\"gb-container gb-container-45b92726\"><div class=\"gb-inside-container\">\n<div class=\"gb-grid-wrapper gb-grid-wrapper-71eac7fb\">\n<div class=\"gb-grid-column gb-grid-column-2d9cccd4\"><div class=\"gb-container gb-container-2d9cccd4\"><div class=\"gb-inside-container\">\n\n<h2 class=\"wp-block-heading\"><strong><mark style=\"color:#f69a11\" class=\"has-inline-color\"><strong>Budii Flip<\/strong><\/mark><\/strong><br \/>Una nueva dimensi\u00f3n de la estimulaci\u00f3n<\/h2>\n\n\n\n<p class=\"has-text-align-left\">La opci\u00f3n <strong>FLIP<\/strong> eleva el Budii a otra magnitud: un sistema el\u00e9ctrico para proyectar en suelo, pared, mesa o techo con total libertad<\/p>\n\n<\/div><\/div><\/div>\n\n<div class=\"gb-grid-column gb-grid-column-8f8953e3\"><div class=\"gb-container gb-container-8f8953e3\"><div class=\"gb-inside-container\">\n\n<figure class=\"wp-block-embed is-type-video is-provider-youtube wp-block-embed-youtube wp-embed-aspect-16-9 wp-has-aspect-ratio\"><div class=\"wp-block-embed__wrapper\">\n<iframe loading=\"lazy\" title=\"Budii Flip: El soporte m\u00f3vil el\u00e9ctrico para una versatilidad interactiva total\" width=\"1200\" height=\"675\" src=\"https:\/\/www.youtube.com\/embed\/iMtQXI4QtAw?feature=oembed\" frameborder=\"0\" allow=\"accelerometer; autoplay; clipboard-write; encrypted-media; gyroscope; picture-in-picture; web-share\" referrerpolicy=\"strict-origin-when-cross-origin\" allowfullscreen><\/iframe>\n<\/div><\/figure>\n\n<\/div><\/div><\/div>\n<\/div>\n<\/div><\/div><div class=\"gb-container gb-container-dc052549\"><div class=\"gb-inside-container\">\n<div class=\"gb-grid-wrapper gb-grid-wrapper-aeb6548c\">\n<div class=\"gb-grid-column gb-grid-column-097a3111\"><div class=\"gb-container gb-container-097a3111\"><div class=\"gb-inside-container\">\n\n<figure class=\"gb-block-image gb-block-image-b703a60d\"><img loading=\"lazy\" decoding=\"async\" width=\"1030\" height=\"579\" class=\"gb-image gb-image-b703a60d\" src=\"https:\/\/www.handycat.com\/wp-content\/uploads\/2022\/12\/buddi_nens_ilustracio.png\" alt=\"\" title=\"buddi_nens_ilustracio\" srcset=\"https:\/\/www.handycat.com\/wp-content\/uploads\/2022\/12\/buddi_nens_ilustracio.png 1030w, https:\/\/www.handycat.com\/wp-content\/uploads\/2022\/12\/buddi_nens_ilustracio-300x169.png 300w, https:\/\/www.handycat.com\/wp-content\/uploads\/2022\/12\/buddi_nens_ilustracio-1024x576.png 1024w, https:\/\/www.handycat.com\/wp-content\/uploads\/2022\/12\/buddi_nens_ilustracio-768x432.png 768w\" sizes=\"auto, (max-width: 1030px) 100vw, 1030px\" \/><\/figure>\n\n<\/div><\/div><\/div>\n\n<div class=\"gb-grid-column gb-grid-column-8fdc33ef\"><div class=\"gb-container gb-container-8fdc33ef\"><div class=\"gb-inside-container\">\n\n<h2 class=\"gb-headline gb-headline-4f3f807b\"><span class=\"gb-icon\"><\/span><span class=\"gb-headline-text\">Sistema de projecci\u00f3 interactiva instal\u00b7lable per a \u00fas dom\u00e8stic<\/span><\/h2>\n\n\n\n<p>Converteix qualsevol taula o superf\u00edcie en una \u00e0rea de joc emocionant i vibrant. La unitat es munta f\u00e0cilment en una paret o en una balda per a un \u00fas dom\u00e8stic. <\/p>\n\n\n\n<h2 class=\"gb-headline gb-headline-3c0f48a9\"><span class=\"gb-icon\"><\/span><span class=\"gb-headline-text\">Suite de continguts interactius adaptats<\/span><\/h2>\n\n\n\n<p>Budii est\u00e0 dissenyat per a oferir activitats atractives i significatives a persones amb una \u00e0mplia gamma de necessitats educatives especials i diferents capacitats.<\/p>\n\n<\/div><\/div><\/div>\n<\/div>\n<\/div><\/div><div class=\"gb-container gb-container-950dd1b1\"><div class=\"gb-inside-container\">\n<div class=\"gb-grid-wrapper gb-grid-wrapper-ee3c973f\">\n<div class=\"gb-grid-column gb-grid-column-09fcaed7\"><div class=\"gb-container gb-container-09fcaed7\"><div class=\"gb-inside-container\">\n\n<h3 class=\"gb-headline gb-headline-a8de5b8c\"><span class=\"gb-icon\"><\/span><span class=\"gb-headline-text\">Sistema<\/span><\/h3>\n\n\n\n<p><strong>\u00bfDimensiones de la proyecci\u00f3n?<\/strong><\/p>\n\n\n\n<p>Com m\u00e9s amunt instal\u00b7lem el projector, m\u00e9s gran ser\u00e0 la imatge projectada al terra. A t\u00edtol orientatiu, a 1,4m d&#8217;al\u00e7ada, la imatge ser\u00e0 d&#8217;1,4m d&#8217;amplada; a 2m d&#8217;al\u00e7ada, la imatge ser\u00e0 de 2m d&#8217;amplada. <\/p>\n\n\n\n<p><strong>\u00bfNecesitamos oscuridad?<\/strong><\/p>\n\n\n\n<p>No necess\u00e0riament per\u00f2 es recomana instal\u00b7lar-lo lluny de finestres o altres fonts de llum natural.<\/p>\n\n\n\n<p><strong>\u00bfQu\u00e9 instalaci\u00f3n se necesita?<\/strong><\/p>\n\n\n\n<p>Amb el suport proporcionat es pot muntar a qualsevol al\u00e7ada entre 1,4 metres i 2 metres.<\/p>\n\n\n\n<p><strong>\u00bfPodemos utilizarlo en cualquier sitio?<\/strong><\/p>\n\n\n\n<p>El sistema es pot muntar a la paret de qualsevol dormitori o en una sala de jocs a casa.<\/p>\n\n<\/div><\/div><\/div>\n\n<div class=\"gb-grid-column gb-grid-column-bf49a88d\"><div class=\"gb-container gb-container-bf49a88d\"><div class=\"gb-inside-container\">\n\n<h3 class=\"gb-headline gb-headline-c32bdd75\"><span class=\"gb-icon\"><\/span><span class=\"gb-headline-text\">Funcionamiento<\/span><\/h3>\n\n\n\n<p><strong>\u00bfA qui\u00e9n van dirigidas estas proyecciones sensoriales?<\/strong><\/p>\n\n\n\n<p>Budii d\u00f3na suport a un ampli ventall de necessitats educatives especials i ha resultat especialment \u00fatil en aquells amb:<\/p>\n\n\n\n<ul class=\"wp-block-list\">\n<li>Espina b\u00edfida<\/li>\n\n\n\n<li>To muscular d\u00e8bil<\/li>\n\n\n\n<li>Autisme<\/li>\n\n\n\n<li>Dificultats en l&#8217;equilibri i la coordinaci\u00f3<\/li>\n\n\n\n<li>Distr\u00f2fia muscular<\/li>\n<\/ul>\n\n\n\n<p><strong>\u00bfDetecta a m\u00e1s de una persona a la vez?<\/strong><\/p>\n\n\n\n<p>Si, les activitats poden ser gaudides per m\u00e9s d&#8217;una persona, podem compartir-ho amb els amics, els cuidadors, els germans i tota la fam\u00edlia. Fins i tot les mascotes hi poden participar! <\/p>\n\n<\/div><\/div><\/div>\n\n<div class=\"gb-grid-column gb-grid-column-09033a24\"><div class=\"gb-container gb-container-09033a24\"><div class=\"gb-inside-container\">\n\n<h3 class=\"gb-headline gb-headline-5ae1322c\"><span class=\"gb-icon\"><\/span><span class=\"gb-headline-text\">Contenido<\/span><\/h3>\n\n\n\n<p><strong>\u00bfCu\u00e1ntas aplicaciones tiene?<\/strong><\/p>\n\n\n\n<p>Budii est\u00e0 prove\u00eft amb una suite sensorial de 150 aplicacions curosament seleccionades.<\/p>\n\n\n\n<p>Aquestes aplicacions proveeixen estimulaci\u00f3 cognitiva i f\u00edsica, milloren la comunicaci\u00f3 i les habilitats motores mentre redueixen l\u2019ansietat. Ensenyant a trav\u00e9s de la diversi\u00f3 t\u00e9 un efecte calmant. <\/p>\n\n\n\n<p>Entre les activitats que hi trobareu hi ha:<\/p>\n\n\n\n<ul class=\"wp-block-list\">\n<li>Jocs de Pilota<\/li>\n\n\n\n<li>Q\u00fcestionaris<\/li>\n\n\n\n<li>Experi\u00e8ncies calmants<\/li>\n\n\n\n<li>Coloraci\u00f3<\/li>\n\n\n\n<li>M\u00fasica<\/li>\n<\/ul>\n\n\n\n<p><strong>Es poden adquirir noves aplicacions?<\/strong><\/p>\n\n\n\n<p>Si, hi ha m\u00e9s paquets d&#8217;aplicacions que es carreguen mitjan\u00e7ant un USB.<\/p>\n\n<\/div><\/div><\/div>\n<\/div>\n<\/div><\/div><div class=\"gb-container gb-container-263d1fc2\"><div class=\"gb-inside-container\">\n<div class=\"gb-grid-wrapper gb-grid-wrapper-9592b309 rounded-corners\">\n<div class=\"gb-grid-column gb-grid-column-7fe7a7c2\"><div class=\"gb-container gb-container-7fe7a7c2\"><div class=\"gb-inside-container\">\n\n<figure class=\"gb-block-image gb-block-image-bf4aa791\"><img loading=\"lazy\" decoding=\"async\" width=\"1030\" height=\"579\" class=\"gb-image gb-image-bf4aa791\" src=\"https:\/\/www.handycat.com\/wp-content\/uploads\/2022\/12\/budii1.jpg\" alt=\"\" title=\"budii1\" srcset=\"https:\/\/www.handycat.com\/wp-content\/uploads\/2022\/12\/budii1.jpg 1030w, https:\/\/www.handycat.com\/wp-content\/uploads\/2022\/12\/budii1-300x169.jpg 300w, https:\/\/www.handycat.com\/wp-content\/uploads\/2022\/12\/budii1-1024x576.jpg 1024w, https:\/\/www.handycat.com\/wp-content\/uploads\/2022\/12\/budii1-768x432.jpg 768w\" sizes=\"auto, (max-width: 1030px) 100vw, 1030px\" \/><\/figure>\n\n<\/div><\/div><\/div>\n\n<div class=\"gb-grid-column gb-grid-column-4da5cab2\"><div class=\"gb-container gb-container-4da5cab2\"><div class=\"gb-inside-container\">\n\n<figure class=\"gb-block-image gb-block-image-ce5ce0fa\"><img loading=\"lazy\" decoding=\"async\" width=\"1030\" height=\"579\" class=\"gb-image gb-image-ce5ce0fa\" src=\"https:\/\/www.handycat.com\/wp-content\/uploads\/2022\/12\/budii2.jpg\" alt=\"\" title=\"budii2\" srcset=\"https:\/\/www.handycat.com\/wp-content\/uploads\/2022\/12\/budii2.jpg 1030w, https:\/\/www.handycat.com\/wp-content\/uploads\/2022\/12\/budii2-300x169.jpg 300w, https:\/\/www.handycat.com\/wp-content\/uploads\/2022\/12\/budii2-1024x576.jpg 1024w, https:\/\/www.handycat.com\/wp-content\/uploads\/2022\/12\/budii2-768x432.jpg 768w\" sizes=\"auto, (max-width: 1030px) 100vw, 1030px\" \/><\/figure>\n\n<\/div><\/div><\/div>\n\n<div class=\"gb-grid-column gb-grid-column-4ba65e58\"><div class=\"gb-container gb-container-4ba65e58\"><div class=\"gb-inside-container\">\n\n<figure class=\"gb-block-image gb-block-image-f71d3489\"><img loading=\"lazy\" decoding=\"async\" width=\"1030\" height=\"579\" class=\"gb-image gb-image-f71d3489\" src=\"https:\/\/www.handycat.com\/wp-content\/uploads\/2022\/12\/budii3.jpg\" alt=\"\" title=\"budii3\" srcset=\"https:\/\/www.handycat.com\/wp-content\/uploads\/2022\/12\/budii3.jpg 1030w, https:\/\/www.handycat.com\/wp-content\/uploads\/2022\/12\/budii3-300x169.jpg 300w, https:\/\/www.handycat.com\/wp-content\/uploads\/2022\/12\/budii3-1024x576.jpg 1024w, https:\/\/www.handycat.com\/wp-content\/uploads\/2022\/12\/budii3-768x432.jpg 768w\" sizes=\"auto, (max-width: 1030px) 100vw, 1030px\" \/><\/figure>\n\n<\/div><\/div><\/div>\n\n<div class=\"gb-grid-column gb-grid-column-a5f7b160\"><div class=\"gb-container gb-container-a5f7b160\"><div class=\"gb-inside-container\">\n\n<figure class=\"gb-block-image gb-block-image-e749ced8\"><img loading=\"lazy\" decoding=\"async\" width=\"1030\" height=\"579\" class=\"gb-image gb-image-e749ced8\" src=\"https:\/\/www.handycat.com\/wp-content\/uploads\/2022\/12\/budii4_web.png\" alt=\"\" title=\"budii4_web\" srcset=\"https:\/\/www.handycat.com\/wp-content\/uploads\/2022\/12\/budii4_web.png 1030w, https:\/\/www.handycat.com\/wp-content\/uploads\/2022\/12\/budii4_web-300x169.png 300w, https:\/\/www.handycat.com\/wp-content\/uploads\/2022\/12\/budii4_web-1024x576.png 1024w, https:\/\/www.handycat.com\/wp-content\/uploads\/2022\/12\/budii4_web-768x432.png 768w\" sizes=\"auto, (max-width: 1030px) 100vw, 1030px\" \/><\/figure>\n\n<\/div><\/div><\/div>\n<\/div>\n\n<div class=\"gb-container gb-container-debf868b\"><div class=\"gb-inside-container\">\n<div class=\"gb-grid-wrapper gb-grid-wrapper-9f8db574\">\n<div class=\"gb-grid-column gb-grid-column-c8ef7ab0\"><div class=\"gb-container gb-container-c8ef7ab0\"><div class=\"gb-inside-container\">\n<div class=\"gb-button-wrapper gb-button-wrapper-3e7cbd13\">\n\n<a class=\"gb-button gb-button-2d94916e\" href=\"https:\/\/handycat.com\/contacte\/\" target=\"_blank\" rel=\"noopener noreferrer\"><span class=\"gb-icon\"><\/span><span class=\"gb-button-text\">\u00bfQuieres verlo? P\u00eddenos una demo <\/span><\/a>\n\n<\/div>\n<\/div><\/div><\/div>\n<\/div>\n<\/div><\/div>\n\n<div class=\"gb-container gb-container-b5c00aa1\"><div class=\"gb-inside-container\">\n<div class=\"gb-grid-wrapper gb-grid-wrapper-fc57036d\">\n<div class=\"gb-grid-column gb-grid-column-a1ce3d36\"><div class=\"gb-container gb-container-a1ce3d36\"><div class=\"gb-inside-container\">\n\n<h3 class=\"gb-headline gb-headline-152bbbec\"><span class=\"gb-icon\"><\/span><span class=\"gb-headline-text\">Formaci\u00f3n<\/span><\/h3>\n\n\n\n<p><strong>\u00bfSe necesita formaci\u00f3n?<\/strong><\/p>\n\n\n\n<p>El Budii ve equipat amb un manual d&#8217;instruccions f\u00e0cil de comprendre. De totes maneres sempre ens tindreu a la vostra disposici\u00f3 per a resoldre qualsevol dubte que tingueu. <\/p>\n\n<\/div><\/div><\/div>\n\n<div class=\"gb-grid-column gb-grid-column-c403b4a8\"><div class=\"gb-container gb-container-c403b4a8\"><div class=\"gb-inside-container\">\n\n<h3 class=\"gb-headline gb-headline-d5bedbd5\"><span class=\"gb-icon\"><\/span><span class=\"gb-headline-text\">Components<\/span><\/h3>\n\n\n\n<p><strong>Qu\u00e8 hi ha incl\u00f2s?<\/strong><\/p>\n\n\n\n<p>El sistema est\u00e0 dotat dels seg\u00fcents elements:<\/p>\n\n\n\n<ul class=\"wp-block-list\">\n<li>Budii: precarregat amb la suite sensorial<\/li>\n\n\n\n<li>Comandament a dist\u00e0ncia<\/li>\n\n\n\n<li>Cable d&#8217;alimentaci\u00f3 de 3 metres<\/li>\n\n\n\n<li>Manual d&#8217;usuari i de producte<\/li>\n<\/ul>\n\n<\/div><\/div><\/div>\n\n<div class=\"gb-grid-column gb-grid-column-8eaf02ea\"><div class=\"gb-container gb-container-8eaf02ea\"><div class=\"gb-inside-container\">\n\n<h3 class=\"gb-headline gb-headline-18089326\"><span class=\"gb-icon\"><\/span><span class=\"gb-headline-text\">Compra<\/span><\/h3>\n\n\n\n<p><strong>\u00bfCu\u00e1ndo recibiremos el proyector?<\/strong><\/p>\n\n\n\n<p>Una vez formalizado el pedido, en un per\u00edodo de 1 mes podr\u00e9is disfrutar de vuestro proyector sensorial interactivo.<\/p>\n\n\n\n<p>Us l&#8217;entregarem al vostre domicili i us n&#8217;explicarem el funcionament b\u00e0sic, llest per utilitzar!<\/p>\n\n<\/div><\/div><\/div>\n<\/div>\n<\/div><\/div>\n\n<div class=\"gb-grid-wrapper gb-grid-wrapper-c2f08b6b\">\n<div class=\"gb-grid-column gb-grid-column-63d0eb5d\"><div class=\"gb-container gb-container-63d0eb5d\"><div class=\"gb-inside-container\">\n<div class=\"gb-button-wrapper gb-button-wrapper-696f8ea5\">\n\n<a class=\"gb-button gb-button-063a4f3d\" href=\"https:\/\/shop.handycat.com\/ca\/catalog\/producte\/projeccio-interactiva-omi-budii\" target=\"_blank\" rel=\"noopener noreferrer\"><span class=\"gb-icon\"><\/span><span class=\"gb-button-text\">Compra&#8217;l a la Botiga Online<\/span><\/a>\n\n<\/div>\n<\/div><\/div><\/div>\n<\/div>\n<\/div><\/div><div class=\"gb-container gb-container-a28b10b1\"><div class=\"gb-inside-container\">\n<div class=\"gb-grid-wrapper gb-grid-wrapper-1f88aa5c\">\n<div class=\"gb-grid-column gb-grid-column-ccf671cc\"><div class=\"gb-container gb-container-ccf671cc\"><div class=\"gb-inside-container\">\n\n<h2 class=\"gb-headline gb-headline-50e5aae1\"><span class=\"gb-icon\"><\/span><span class=\"gb-headline-text\">\u00bfQuiere ver m\u00e1s modelos de proyecciones interactivas?<\/span><\/h2>\n\n\n<div class=\"gb-grid-wrapper gb-grid-wrapper-b42d4af8\">\n<div class=\"gb-grid-column gb-grid-column-89396072\"><div class=\"gb-container gb-container-89396072\"><div class=\"gb-inside-container\">\n<div class=\"gb-button-wrapper gb-button-wrapper-0b79da28\">\n\n<a class=\"gb-button gb-button-c800e84f\" href=\"https:\/\/handycat.com\/projeccio-sensorial-interactiva-omi-mobii\/\"><span class=\"gb-icon\"><\/span><span class=\"gb-button-text\"><strong>Omi Mobii<\/strong><\/span><\/a>\n\n<\/div>\n<\/div><\/div><\/div>\n\n<div class=\"gb-grid-column gb-grid-column-e44a8b3e\"><div class=\"gb-container gb-container-e44a8b3e\"><div class=\"gb-inside-container\">\n<div class=\"gb-button-wrapper gb-button-wrapper-5c3fcad9\">\n\n<a class=\"gb-button gb-button-4ce0805f\" href=\"https:\/\/handycat.com\/projeccio-sensorial-interactiva-omi-reflex\/\"><span class=\"gb-icon\"><\/span><span class=\"gb-button-text\"><strong>Omi Reflejo<\/strong><\/span><\/a>\n\n<\/div>\n<\/div><\/div><\/div>\n\n<div class=\"gb-grid-column gb-grid-column-2f900688\"><div class=\"gb-container gb-container-2f900688\"><div class=\"gb-inside-container\">\n<div class=\"gb-button-wrapper gb-button-wrapper-5a680c58\">\n\n<a class=\"gb-button gb-button-846a0a9f\" href=\"https:\/\/handycat.com\/projeccio-sensorial-interactiva-omi-install\/\"><span class=\"gb-icon\"><\/span><span class=\"gb-button-text\"><strong>Omi Install<\/strong><\/span><\/a>\n\n<\/div>\n<\/div><\/div><\/div>\n\n<div class=\"gb-grid-column gb-grid-column-cc234f76\"><div class=\"gb-container gb-container-cc234f76\">\n\n<a class=\"gb-button gb-button-7ab16a47\" href=\"https:\/\/www.handycat.com\/es\/proyeccion-sensorial-interactiva-omi-wall\/\"><span class=\"gb-icon\"><\/span><span class=\"gb-button-text\"><strong>Omi Wall<\/strong><\/span><\/a>\n\n<\/div><\/div>\n<\/div>\n<\/div><\/div><\/div>\n<\/div>\n<\/div><\/div>","protected":false},"excerpt":{"rendered":"","protected":false},"author":4,"featured_media":0,"parent":0,"menu_order":0,"comment_status":"closed","ping_status":"closed","template":"","meta":{"footnotes":""},"class_list":{"0":"post-24012","1":"page","2":"type-page","3":"status-publish","5":"infinite-scroll-item"},"_links":{"self":[{"href":"https:\/\/www.handycat.com\/es\/wp-json\/wp\/v2\/pages\/24012","targetHints":{"allow":["GET"]}}],"collection":[{"href":"https:\/\/www.handycat.com\/es\/wp-json\/wp\/v2\/pages"}],"about":[{"href":"https:\/\/www.handycat.com\/es\/wp-json\/wp\/v2\/types\/page"}],"author":[{"embeddable":true,"href":"https:\/\/www.handycat.com\/es\/wp-json\/wp\/v2\/users\/4"}],"replies":[{"embeddable":true,"href":"https:\/\/www.handycat.com\/es\/wp-json\/wp\/v2\/comments?post=24012"}],"version-history":[{"count":2,"href":"https:\/\/www.handycat.com\/es\/wp-json\/wp\/v2\/pages\/24012\/revisions"}],"predecessor-version":[{"id":24014,"href":"https:\/\/www.handycat.com\/es\/wp-json\/wp\/v2\/pages\/24012\/revisions\/24014"}],"wp:attachment":[{"href":"https:\/\/www.handycat.com\/es\/wp-json\/wp\/v2\/media?parent=24012"}],"curies":[{"name":"wp","href":"https:\/\/api.w.org\/{rel}","templated":true}]}}